{"id":9777,"date":"2023-12-19T20:44:20","date_gmt":"2023-12-19T20:44:20","guid":{"rendered":"https:\/\/kiiper.app\/?page_id=9777"},"modified":"2024-03-11T20:33:40","modified_gmt":"2024-03-11T20:33:40","slug":"old-getting-started","status":"publish","type":"page","link":"https:\/\/kiiper.app\/es\/old-getting-started\/","title":{"rendered":"<span style=\"display: none;\">Started<\/span>"},"content":{"rendered":"<div data-elementor-type=\"wp-page\" data-elementor-id=\"9777\" class=\"elementor elementor-9777\">\n\t\t\t\t\t\t<section class=\"elementor-section elementor-top-section elementor-element elementor-element-55e78f5 elementor-section-content-middle elementor-section-full_width elementor-hidden-tablet elementor-hidden-mobile ot-traditional elementor-section-height-default elementor-section-height-default\" data-id=\"55e78f5\" data-element_type=\"section\" data-settings=\"{&quot;background_background&quot;:&quot;classic&quot;}\">\n\t\t\t\t\t\t<div class=\"elementor-container elementor-column-gap-extended\">\n\t\t\t\t\t<div class=\"elementor-column elementor-col-100 elementor-top-column elementor-element elementor-element-abc093a ot-flex-column-vertical\" data-id=\"abc093a\" data-element_type=\"column\">\n\t\t\t<div class=\"elementor-widget-wrap elementor-element-populated\">\n\t\t\t\t\t\t<div class=\"elementor-element elementor-element-3f8cef8 elementor-widget__width-initial elementor-widget-tablet__width-initial elementor-widget elementor-widget-heading\" data-id=\"3f8cef8\" data-element_type=\"widget\" data-widget_type=\"heading.default\">\n\t\t\t\t<div class=\"elementor-widget-container\">\n\t\t\t<h1 class=\"elementor-heading-title elementor-size-default\">Started<br\/><br\/><\/h1>\t\t<\/div>\n\t\t\t\t<\/div>\n\t\t\t\t\t<\/div>\n\t\t<\/div>\n\t\t\t\t\t<\/div>\n\t\t<\/section>\n\t\t\t\t<section class=\"elementor-section elementor-top-section elementor-element elementor-element-95f6857 elementor-section-content-middle elementor-section-full_width elementor-hidden-tablet elementor-hidden-desktop ot-traditional elementor-section-height-default elementor-section-height-default\" data-id=\"95f6857\" data-element_type=\"section\" data-settings=\"{&quot;background_background&quot;:&quot;classic&quot;}\">\n\t\t\t\t\t\t<div class=\"elementor-container elementor-column-gap-extended\">\n\t\t\t\t\t<div class=\"elementor-column elementor-col-100 elementor-top-column elementor-element elementor-element-3ffddb7 ot-flex-column-vertical\" data-id=\"3ffddb7\" data-element_type=\"column\">\n\t\t\t<div class=\"elementor-widget-wrap elementor-element-populated\">\n\t\t\t\t\t\t<div class=\"elementor-element elementor-element-3c97532 elementor-widget__width-initial elementor-widget-tablet__width-initial elementor-widget elementor-widget-heading\" data-id=\"3c97532\" data-element_type=\"widget\" data-widget_type=\"heading.default\">\n\t\t\t\t<div class=\"elementor-widget-container\">\n\t\t\t<h1 class=\"elementor-heading-title elementor-size-default\">Started<\/h1>\t\t<\/div>\n\t\t\t\t<\/div>\n\t\t\t\t\t<\/div>\n\t\t<\/div>\n\t\t\t\t\t<\/div>\n\t\t<\/section>\n\t\t\t\t<section class=\"elementor-section elementor-top-section elementor-element elementor-element-2e6fc68 elementor-section-content-middle elementor-section-full_width elementor-hidden-mobile elementor-hidden-desktop ot-traditional elementor-section-height-default elementor-section-height-default\" data-id=\"2e6fc68\" data-element_type=\"section\" data-settings=\"{&quot;background_background&quot;:&quot;classic&quot;}\">\n\t\t\t\t\t\t<div class=\"elementor-container elementor-column-gap-extended\">\n\t\t\t\t\t<div class=\"elementor-column elementor-col-100 elementor-top-column elementor-element elementor-element-eae0bd2 ot-flex-column-vertical\" data-id=\"eae0bd2\" data-element_type=\"column\">\n\t\t\t<div class=\"elementor-widget-wrap elementor-element-populated\">\n\t\t\t\t\t\t<div class=\"elementor-element elementor-element-77629d6 elementor-widget__width-initial elementor-widget-tablet__width-initial elementor-widget elementor-widget-heading\" data-id=\"77629d6\" data-element_type=\"widget\" data-widget_type=\"heading.default\">\n\t\t\t\t<div class=\"elementor-widget-container\">\n\t\t\t<h1 class=\"elementor-heading-title elementor-size-default\">Started<\/h1>\t\t<\/div>\n\t\t\t\t<\/div>\n\t\t\t\t\t<\/div>\n\t\t<\/div>\n\t\t\t\t\t<\/div>\n\t\t<\/section>\n\t\t\t\t<section class=\"elementor-section elementor-top-section elementor-element elementor-element-7217fba ot-traditional elementor-section-boxed elementor-section-height-default elementor-section-height-default\" data-id=\"7217fba\" data-element_type=\"section\">\n\t\t\t\t\t\t<div class=\"elementor-container elementor-column-gap-default\">\n\t\t\t\t\t<div class=\"elementor-column elementor-col-100 elementor-top-column elementor-element elementor-element-2fc0969 ot-flex-column-vertical\" data-id=\"2fc0969\" data-element_type=\"column\">\n\t\t\t<div class=\"elementor-widget-wrap elementor-element-populated\">\n\t\t\t\t\t\t<section class=\"elementor-section elementor-inner-section elementor-element elementor-element-a5e38dc elementor-section-content-middle ot-traditional elementor-section-boxed elementor-section-height-default elementor-section-height-default\" data-id=\"a5e38dc\" data-element_type=\"section\">\n\t\t\t\t\t\t<div class=\"elementor-container elementor-column-gap-default\">\n\t\t\t\t\t<div class=\"elementor-column elementor-col-100 elementor-inner-column elementor-element elementor-element-8b78b4b ot-flex-column-vertical\" data-id=\"8b78b4b\" data-element_type=\"column\">\n\t\t\t<div class=\"elementor-widget-wrap elementor-element-populated\">\n\t\t\t\t\t\t<div class=\"elementor-element elementor-element-e69e6d7 elementor-widget elementor-widget-iheading\" data-id=\"e69e6d7\" data-element_type=\"widget\" data-widget_type=\"iheading.default\">\n\t\t\t\t<div class=\"elementor-widget-container\">\n\t\t\t\t\t<div class=\"ot-heading\">\r\n\t        <h2 class=\"main-heading\">\u00bfC\u00f3mo comenzar?<\/h2>\t    <\/div>\r\n\t    \t\t<\/div>\n\t\t\t\t<\/div>\n\t\t\t\t<div class=\"elementor-element elementor-element-22b5673 elementor-widget elementor-widget-text-editor\" data-id=\"22b5673\" data-element_type=\"widget\" data-widget_type=\"text-editor.default\">\n\t\t\t\t<div class=\"elementor-widget-container\">\n\t\t\t\t\t\t\tInstrucciones detalladas sobre c\u00f3mo usar Kiiper.\t\t\t\t\t\t<\/div>\n\t\t\t\t<\/div>\n\t\t\t\t\t<\/div>\n\t\t<\/div>\n\t\t\t\t\t<\/div>\n\t\t<\/section>\n\t\t\t\t<section class=\"elementor-section elementor-inner-section elementor-element elementor-element-973c550 elementor-section-full_width ot-traditional elementor-section-height-default elementor-section-height-default\" data-id=\"973c550\" data-element_type=\"section\">\n\t\t\t\t\t\t<div class=\"elementor-container elementor-column-gap-extended\">\n\t\t\t\t\t<div class=\"elementor-column elementor-col-100 elementor-inner-column elementor-element elementor-element-05e1b9e ot-flex-column-vertical\" data-id=\"05e1b9e\" data-element_type=\"column\">\n\t\t\t<div class=\"elementor-widget-wrap elementor-element-populated\">\n\t\t\t\t\t\t<div class=\"elementor-element elementor-element-890a410 elementor-widget elementor-widget-iaccordions\" data-id=\"890a410\" data-element_type=\"widget\" data-widget_type=\"iaccordions.default\">\n\t\t\t\t<div class=\"elementor-widget-container\">\n\t\t\t<style>.elementor-element-890a410{display:none !important}<\/style>\t\t<\/div>\n\t\t\t\t<\/div>\n\t\t\t\t<div class=\"elementor-element elementor-element-9ed5c44 elementor-widget elementor-widget-iaccordions\" data-id=\"9ed5c44\" data-element_type=\"widget\" data-widget_type=\"iaccordions.default\">\n\t\t\t\t<div class=\"elementor-widget-container\">\n\t\t\t\r\n\t\t<div class=\"ot-accordions\">\r\n\t\t\t\t\t\t<div class=\"acc-item\">\r\n\t\t\t\t<span class=\"acc-toggle\">\u00bfC\u00f3mo acceder a Kiiper? <i class=\"down flaticon-download-arrow\"><\/i><i class=\"up flaticon-up-arrow\"><\/i><\/span>\r\n\t\t\t\t<div class=\"acc-content\">\r\n\t\t\t\t\t<p>Para acceder a Kiiper, sigue los siguientes pasos:<\/p><p>1. Dir\u00edgete a la p\u00e1gina web de Kiiper: <a style=\"color: #4a22d4;\" href=\"https:\/\/go.kiiper.app\/\" target=\"_blank\" rel=\"noopener\">https:\/\/go.kiiper.app\/<\/a><br \/>2. Ingresa tu correo electr\u00f3nico y contrase\u00f1a.<br \/>3. Haz clic en el bot\u00f3n \"Inicia sesi\u00f3n\".<br \/>4. Si no tienes cuenta en Kiiper, puedes registrarte haciendo clic en el bot\u00f3n \"Prueba Kiiper gratis\".<\/p><p>Consideraciones para acceder a Kiiper:<br \/>- Puedes utilizar cualquier dispositivo con conexi\u00f3n a Internet.<br \/>- Kiiper est\u00e1 disponible en ingl\u00e9s y espa\u00f1ol. Puedes cambiar el idioma haciendo clic en la opci\u00f3n EN\/ES en la esquina superior derecha.<\/p><p>Si tienes alguna inquietud con la creaci\u00f3n de tu cuenta en Kiiper, cont\u00e1ctanos a tr\u00e1ves de <a style=\"color: #4a22d4;\" href=\"mailto:support@kiiper.app\" target=\"_blank\" rel=\"noopener\">support@kiiper.app<\/a><\/p>\t\t\t\t<\/div>\r\n\t\t\t<\/div>\r\n\t\t\t\t\t\t<div class=\"acc-item\">\r\n\t\t\t\t<span class=\"acc-toggle\">\u00bfC\u00f3mo crear una cuenta en Kiiper? <i class=\"down flaticon-download-arrow\"><\/i><i class=\"up flaticon-up-arrow\"><\/i><\/span>\r\n\t\t\t\t<div class=\"acc-content\">\r\n\t\t\t\t\tPara crear una cuenta en Kiiper, sigue los siguientes pasos:\n<br\/><br\/>\n1. Dir\u00edgete a <a style=\"color: #4a22d4;\" href=\"https:\/\/go.kiiper.app\/\" target=\"_blank\" rel=\"noopener\">https:\/\/go.kiiper.app\/<\/a> y haz clic en el bot\u00f3n \"Prueba Kiiper gratis\".<br\/>\n2. Ingresa tu nombre y correo electr\u00f3nico<br\/>\n3. Revisa los <a style=\"color: #4a22d4;\" href=\"https:\/\/kiiper.app\/es\/terms-and-conditions\/\" target=\"_blank\" rel=\"noopener\">T\u00e9rminos y Condiciones de Servicio<\/a> y <a style=\"color: #4a22d4;\" href=\"https:\/\/kiiper.app\/es\/privacy-policies\/\" target=\"_blank\" rel=\"noopener\">Pol\u00edtica de Privacidad<\/a>, marca el checkbox de aceptaci\u00f3n y haz clic en el bot\u00f3n \"Prueba Kiiper gratis\".<br\/>\nRecibir\u00e1s un correo electr\u00f3nico de Kiiper, con un v\u00ednculo para confirmar tu correo y activar tu cuenta.<br\/>\n4. Haz clic en el bot\u00f3n para activar tu cuenta.<br\/>\n5. Completa el primer formulario con tus datos y establece tu contrase\u00f1a, luego haz clic en el bot\u00f3n \"Contin\u00faa\".<br\/>\n6. Completa los datos de tu suscripci\u00f3n de prueba y presiona el bot\u00f3n \"Crea tu cuenta\".<br\/>\nRecibir\u00e1s un correo electr\u00f3nico de bienvenida a Kiiper, con los primeros pasos para disfrutar tu Prueba gratuita.<br\/><br\/>\n\nConsejos para crear tu cuenta en Kiiper:<br\/>\n- Crea una contrase\u00f1a robusta. La contrase\u00f1a debe tener al menos 8 caracteres de longitud y debe incluir una combinaci\u00f3n de letras may\u00fasculas y min\u00fasculas, n\u00fameros y s\u00edmbolos.<br\/>\n- No compartas la informaci\u00f3n de tu cuenta Kiiper, incluyendo la contrase\u00f1a, con alguien en quien no conf\u00edes.<br\/><br\/>\n\nSi tienes alguna inquietud con la creaci\u00f3n de tu cuenta en Kiiper, cont\u00e1ctanos a tr\u00e1ves de <a style=\"color: #4a22d4;\" href=\"mailto:support@kiiper.app\" target=\"_blank\" rel=\"noopener\">support@kiiper.app<\/a>.\t\t\t\t<\/div>\r\n\t\t\t<\/div>\r\n\t\t\t\t\t\t<div class=\"acc-item\">\r\n\t\t\t\t<span class=\"acc-toggle\">\u00bfC\u00f3mo registrar cuentas bancarias en Kiiper? <i class=\"down flaticon-download-arrow\"><\/i><i class=\"up flaticon-up-arrow\"><\/i><\/span>\r\n\t\t\t\t<div class=\"acc-content\">\r\n\t\t\t\t\t<p>Para registrar cuentas bancarias en Kiiper, sigue los siguientes pasos:<\/p><p>1. Inicia sesi\u00f3n en Kiiper, (<a style=\"color: #4a22d4;\" href=\"https:\/\/go.kiiper.app\/\" target=\"_blank\" rel=\"noopener\">https:\/\/go.kiiper.app\/<\/a>).<br \/>2. Dir\u00edgete a la empresa que necesites gestionar (segundo nivel) y haz clic en el bot\u00f3n \"Gestionar cuentas bancarias\".<br \/>3. Haz clic en el bot\u00f3n \"+ Nueva cuenta bancaria\".<br \/>4. Ingresa la informaci\u00f3n de la cuenta bancaria, descripci\u00f3n, nombre del banco, pa\u00eds y moneda.<br \/>5. Haz clic en el bot\u00f3n \"Crea la cuenta\".<br \/>Una vez que hayas registrado las cuentas bancarias, puedes comenzar a importar los estados de cuenta en Kiiper.<br \/><br \/>Si utilizas Xero o QBO, Kiiper puede extraer la informaci\u00f3n autom\u00e1ticamente para registrar las cuentas bancarias, una vez que se active la integraci\u00f3n. Para ello, sigue los siguientes pasos:<\/p><p>1. Inicia sesi\u00f3n en Kiiper.<br \/>2. Dir\u00edgete a la secci\u00f3n Configuraci\u00f3n de empresa y haz clic en la pesta\u00f1a Integraciones.<br \/>3. Haz clic en el bot\u00f3n \"Conectar\" que est\u00e1 junto a la opci\u00f3n que quieras integrar, Xero o QBO.<br \/>4. Introduce tus credenciales de Xero o QBO.<br \/>5. Haz clic en el bot\u00f3n \"Conecta\".<br \/>Una vez que hayas conectado Kiiper a Xero o QBO, las cuentas bancarias registradas en el sistema contable, ser\u00e1n mostradas en la secci\u00f3n de Cuentas bancarias.<br \/>6. Dir\u00edgete a la secci\u00f3n de Gesti\u00f3n de cuentas bancarias y selecciona la cuenta bancaria.<br \/>7. Ingresa la informaci\u00f3n de la cuenta bancaria, descripci\u00f3n, nombre del banco, pa\u00eds y moneda.<br \/>8. Haz clic en el bot\u00f3n \"Crea la cuenta\".<br \/>Una vez que hayas registrado las cuentas bancarias, puedes comenzar a importar los estados de cuenta en Kiiper.<br \/><br \/>Si tienes alguna inquietud con el registro de cuentas bancarias en Kiiper, cont\u00e1ctanos a tr\u00e1ves de <a style=\"color: #4a22d4;\" href=\"mailto:support@kiiper.app\" target=\"_blank\" rel=\"noopener\">support@kiiper.app<\/a>.<\/p>\t\t\t\t<\/div>\r\n\t\t\t<\/div>\r\n\t\t\t\t\t\t<div class=\"acc-item\">\r\n\t\t\t\t<span class=\"acc-toggle\">\u00bfC\u00f3mo descargar un estado de cuenta editable? <i class=\"down flaticon-download-arrow\"><\/i><i class=\"up flaticon-up-arrow\"><\/i><\/span>\r\n\t\t\t\t<div class=\"acc-content\">\r\n\t\t\t\t\tPara descargar estados de cuenta editables, sigue los siguientes pasos:<br\/><br\/>\n\n1. Inicia sesi\u00f3n en la banca en l\u00ednea.<br\/>\n2. Dir\u00edgete a la secci\u00f3n de Estados de cuenta o Descargas.<br\/>\n3. Selecciona el per\u00edodo del estado de cuenta que deseas descargar.<br\/>\n4. Elige un formato, tal como PDF, Excel, o CSV.<br\/>\n5. Haz clic en el bot\u00f3n de descarga.<br\/>\nUna vez que hayas descargado el estado de cuenta, independientemente del formato, Kiiper convertir\u00e1 la informaci\u00f3n de forma que sea compatible con el archivo a ser importado en el sistema contable.<br\/><br\/>\n\nConsejos para descargar un estado de cuenta editable:<br\/>\n- Si est\u00e1s descargando un estado de cuenta en formato PDF, aseg\u00farate de que no est\u00e1 protegido con contrase\u00f1a.<br\/>\n- Si est\u00e1s descargando un estado de cuenta en formato Excel, aseg\u00farate de que est\u00e9 guardado como una hoja de c\u00e1lculo (.xls o .xlsx) en lugar de un archivo separado por comas (.csv).<br\/>\n- Si est\u00e1s descargando un estado de cuenta en formato CSV, aseg\u00farate de que est\u00e9 formateado correctamente. La primera fila del archivo CSV debe contener los encabezados de las columnas, y las filas restantes deben contener los datos de las transacciones.<br\/>\nTambi\u00e9n puedes consultar este <a style=\"color: #4a22d4;\" href=\"https:\/\/kiiper.app\/wp-content\/uploads\/2024\/02\/Instructivo-EC-ESP.pdf\" download=\"Instructivo-EC.pdf\" target=\"_blank\" rel=\"noopener\">instructivo gen\u00e9rico<\/a> de descarga de estado de cuenta.\n<br\/><br\/>\n\nSi tienes alguna inquietud, cont\u00e1ctanos a tr\u00e1ves de <a style=\"color: #4a22d4;\" href=\"mailto:support@kiiper.app\" target=\"_blank\" rel=\"noopener\">support@kiiper.app<\/a>.\t\t\t\t<\/div>\r\n\t\t\t<\/div>\r\n\t\t\t\t\t\t<div class=\"acc-item\">\r\n\t\t\t\t<span class=\"acc-toggle\">\u00bfC\u00f3mo convertir un estado de cuenta editable en Kiiper? <i class=\"down flaticon-download-arrow\"><\/i><i class=\"up flaticon-up-arrow\"><\/i><\/span>\r\n\t\t\t\t<div class=\"acc-content\">\r\n\t\t\t\t\tPara convertir un estado de cuenta editable en Kiiper, sigue los siguientes pasos:\n<br\/><br\/>\n\n1. Inicia sesi\u00f3n en Kiiper, (<a style=\"color: #4a22d4;\" href=\"https:\/\/go.kiiper.app\/\" target=\"_blank\" rel=\"noopener\">https:\/\/go.kiiper.app\/<\/a>).<br\/>\n2. Haz clic sobre la cuenta bancaria o sobre el bot\u00f3n \"Convertir\".<br\/>\n3. Verifica o selecciona la cuenta bancaria en la que deseas convertir.<br\/>\n4. Selecciona o arrastra el estado de cuenta que deseas convertir. Este es el archivo que descargaste previamente de la banca en l\u00ednea.<br\/>\n5. Verifica o indica el formato en el que deseas descargar la informaci\u00f3n.<br\/>\n6. Haz clic en el bot\u00f3n \"Convertir\".<br\/>\nKiiper analizar\u00e1 el estado de cuenta y arrojar\u00e1 el estatus Convertible en caso de que lo sea.<br\/>\n7. Verifica la informaci\u00f3n del periodo y el costo de la conversi\u00f3n.<br\/>\n8. Haz clic sobre el bot\u00f3n \"Descargar\".<br\/>\nKiiper convertir\u00e1 el estado de cuenta a un formato que sea compatible con el sistema contable que utilices.<br\/><br\/>\n\nSi tienes alguna inquietud con la conversi\u00f3n de estados de cuenta, cont\u00e1ctanos a tr\u00e1ves de <a style=\"color: #4a22d4;\" href=\"mailto:support@kiiper.app\" target=\"_blank\" rel=\"noopener\">support@kiiper.app<\/a>.\n<br\/><br\/>\nConsulta <span id=\"howToDownload\" style=\"color: #4a22d4; font-weight: 600; cursor: pointer;\">\u00bfC\u00f3mo descargar un estado de cuenta editable?<\/span>. Consulta la lista de todos los formatos compatibles que soporta Kiiper <a style=\"color: #4a22d4; font-weight: 600;\" href=\"https:\/\/kiiper.app\/es\/formats\/\" target=\"_blank\" rel=\"noopener\">aqu\u00ed<\/a>, recuerda que siempre puedes solicitar la inclusi\u00f3n de nuevos formatos.\t\t\t\t<\/div>\r\n\t\t\t<\/div>\r\n\t\t\t\t\t\t<div class=\"acc-item\">\r\n\t\t\t\t<span class=\"acc-toggle\">\u00bfC\u00f3mo importar un estado de cuenta en el sistema contable? <i class=\"down flaticon-download-arrow\"><\/i><i class=\"up flaticon-up-arrow\"><\/i><\/span>\r\n\t\t\t\t<div class=\"acc-content\">\r\n\t\t\t\t\t<p>Para importar un estado de cuenta en el sistema contable, debes seguir los pasos indicados por el proveedor. Sin embargo, aqu\u00ed est\u00e1n los pasos generales para importar el estado de cuenta, que convertiste a trav\u00e9s de Kiiper, en tu sistema contable:<br \/><br \/><br \/>1. Inicia sesi\u00f3n en el sistema contable.<br \/>2. Dir\u00edgete a la secci\u00f3n de Bancos.<br \/>3. Haz clic en el bot\u00f3n para importar un estado de cuenta.<br \/>4. Selecciona el estado de cuenta convertido a trav\u00e9s de Kiiper.<br \/>5. Revisa si el sistema contable importar\u00e1 las transacciones correctamente.<br \/>6. Haz clic en el bot\u00f3n de importar.<br \/>7. Verifica que el saldo final del banco en el sistema contable coincida con el saldo del estado de cuenta.<br \/>Una vez que hayas importado el estado de cuenta, podr\u00e1s ver y conciliar las transacciones en tu sistema de contabilidad.<\/p><p><br \/><br \/>Consulta <span style=\"color: #4a22d4; font-weight: 600;\">\u00bfC\u00f3mo convertir un estado de cuenta editable en Kiiper?<\/span><\/p><p><br \/><br \/>Si tienes alguna inquietud con la importaci\u00f3n de estados de cuenta, cont\u00e1ctanos a tr\u00e1ves de <a style=\"color: #4a22d4;\" href=\"mailto:support@kiiper.app\" target=\"_blank\" rel=\"noopener\">support@kiiper.app<\/a>.<\/p>\t\t\t\t<\/div>\r\n\t\t\t<\/div>\r\n\t\t\t\t\t\t<div class=\"acc-item\">\r\n\t\t\t\t<span class=\"acc-toggle\">\u00bfC\u00f3mo integrar Kiiper y Xero? <i class=\"down flaticon-download-arrow\"><\/i><i class=\"up flaticon-up-arrow\"><\/i><\/span>\r\n\t\t\t\t<div class=\"acc-content\">\r\n\t\t\t\t\t<p>Para integrar Kiiper y Xero, sigue los siguientes pasos:<br \/><br \/>1. Inicia sesi\u00f3n en Kiiper, (<a style=\"color: #4a22d4;\" href=\"https:\/\/go.kiiper.app\/\" target=\"_blank\" rel=\"noopener\">https:\/\/go.kiiper.app\/<\/a>).<br \/>2. Dir\u00edgete a la secci\u00f3n Configuraci\u00f3n de empresa y haz clic en la pesta\u00f1a Integraciones.<br \/>3. Haz clic en el bot\u00f3n \"Conectar\" junto al logotipo de Xero.<br \/>Se te pedir\u00e1 que inicies sesi\u00f3n en tu cuenta de Xero.<br \/>4. Una vez que hayas iniciado sesi\u00f3n, selecciona la organizaci\u00f3n de Xero que deseas integrar con Kiiper.<br \/>5. Haz clic en el bot\u00f3n \"Allow access\".<br \/>Tus cuentas de Kiiper y Xero ahora est\u00e1n integradas.<br \/><br \/>Una vez que tus cuentas est\u00e9n integradas, Kiiper extraer\u00e1 las cuentas bancarias en Xero para que completes el registro. Kiiper tambi\u00e9n sincronizar\u00e1 autom\u00e1ticamente tus datos con Xero, para que siempre tengas acceso a la informaci\u00f3n m\u00e1s actualizada. Esto incluye las cuentas bancarias que deben estar registradas en Kiiper, el estatus de las transacciones bancarias importadas en Xero, la conciliaci\u00f3n entre el saldo bancario en Xero y los estados de cuenta bancarios, y el resumen de las transacciones pendientes por conciliar entre libros y bancos. Toda esta informaci\u00f3n estar\u00e1 a tu disposici\u00f3n en el panel de control.<br \/><br \/>Consideraciones relacionadas a la integraci\u00f3n de Kiiper y Xero:<br \/>- Puedes conectar varias organizaciones de Xero a tu cuenta de Kiiper (una organizaci\u00f3n de Xero por cada empresa de Kiiper).<br \/>- Puedes elegir la frecuencia para monitorear las transacciones bancarias en Xero.<br \/>- Kiiper recibe informaci\u00f3n de Xero, pero no env\u00eda informaci\u00f3n alguna.<br \/><br \/>Si tienes alguna inquietud con la integraci\u00f3n entre Kiiper y Xero, cont\u00e1ctanos a tr\u00e1ves de <a style=\"color: #4a22d4;\" href=\"mailto:support@kiiper.app\" target=\"_blank\" rel=\"noopener\">support@kiiper.app<\/a>.<\/p>\t\t\t\t<\/div>\r\n\t\t\t<\/div>\r\n\t\t\t\t    <\/div>\r\n\r\n\t    \t\t<\/div>\n\t\t\t\t<\/div>\n\t\t\t\t\t<\/div>\n\t\t<\/div>\n\t\t\t\t\t<\/div>\n\t\t<\/section>\n\t\t\t\t<div class=\"elementor-element elementor-element-8a3d17c elementor-widget elementor-widget-html\" data-id=\"8a3d17c\" data-element_type=\"widget\" data-widget_type=\"html.default\">\n\t\t\t\t<div class=\"elementor-widget-container\">\n\t\t\t<script>\n    document.addEventListener('DOMContentLoaded', function () {\n    var accordionItems = document.querySelectorAll('.ot-accordions');\n \n    var openHowToDownload = document.getElementById(\"howToDownload\");\n\n        openHowToDownload.addEventListener('click', function (event) {\n            event.preventDefault();\n                var toggle = document.querySelectorAll('.acc-toggle');\n            \n            accordionItems[0].childNodes[7].children[0].click();\n        });\n});\n<\/script>\t\t<\/div>\n\t\t\t\t<\/div>\n\t\t\t\t\t<\/div>\n\t\t<\/div>\n\t\t\t\t\t<\/div>\n\t\t<\/section>\n\t\t\t\t<\/div>","protected":false},"excerpt":{"rendered":"<p>Started Started Started Getting started Step-by-step instructions on how to use Kiiper. How to access Kiiper? To access Kiiper, you can follow these steps: 1. Go to the Kiiper website: https:\/\/go.kiiper.app\/2. Enter your Kiiper email address and password.3. Click on the &#8220;Login&#8221; button.4. If you don&#8217;t have a Kiiper account, you can create one by [&hellip;]<\/p>","protected":false},"author":1,"featured_media":0,"parent":0,"menu_order":0,"comment_status":"closed","ping_status":"closed","template":"","meta":{"_monsterinsights_skip_tracking":false,"_monsterinsights_sitenote_active":false,"_monsterinsights_sitenote_note":"","_monsterinsights_sitenote_category":0,"footnotes":""},"aioseo_notices":[],"_links":{"self":[{"href":"https:\/\/kiiper.app\/es\/wp-json\/wp\/v2\/pages\/9777"}],"collection":[{"href":"https:\/\/kiiper.app\/es\/wp-json\/wp\/v2\/pages"}],"about":[{"href":"https:\/\/kiiper.app\/es\/wp-json\/wp\/v2\/types\/page"}],"author":[{"embeddable":true,"href":"https:\/\/kiiper.app\/es\/wp-json\/wp\/v2\/users\/1"}],"replies":[{"embeddable":true,"href":"https:\/\/kiiper.app\/es\/wp-json\/wp\/v2\/comments?post=9777"}],"version-history":[{"count":273,"href":"https:\/\/kiiper.app\/es\/wp-json\/wp\/v2\/pages\/9777\/revisions"}],"predecessor-version":[{"id":15145,"href":"https:\/\/kiiper.app\/es\/wp-json\/wp\/v2\/pages\/9777\/revisions\/15145"}],"wp:attachment":[{"href":"https:\/\/kiiper.app\/es\/wp-json\/wp\/v2\/media?parent=9777"}],"curies":[{"name":"wp","href":"https:\/\/api.w.org\/{rel}","templated":true}]}}