{"id":14457,"date":"2024-03-06T15:12:00","date_gmt":"2024-03-06T15:12:00","guid":{"rendered":"https:\/\/kiiper.app\/?page_id=14457"},"modified":"2024-03-13T18:05:25","modified_gmt":"2024-03-13T18:05:25","slug":"how-to-integrate-quickbooks","status":"publish","type":"page","link":"https:\/\/kiiper.app\/es\/how-to-integrate-quickbooks\/","title":{"rendered":"\u00bfC\u00f3mo integrar Kiiper y QBO?"},"content":{"rendered":"<div data-elementor-type=\"wp-page\" data-elementor-id=\"14457\" class=\"elementor elementor-14457\">\n\t\t\t\t\t\t<section class=\"elementor-section elementor-top-section elementor-element elementor-element-d940151 elementor-section-content-middle elementor-section-full_width elementor-hidden-tablet elementor-hidden-mobile ot-traditional elementor-section-height-default elementor-section-height-default\" data-id=\"d940151\" data-element_type=\"section\" data-settings=\"{&quot;background_background&quot;:&quot;classic&quot;}\">\n\t\t\t\t\t\t<div class=\"elementor-container elementor-column-gap-extended\">\n\t\t\t\t\t<div class=\"elementor-column elementor-col-100 elementor-top-column elementor-element elementor-element-5e1f195 ot-flex-column-vertical\" data-id=\"5e1f195\" data-element_type=\"column\">\n\t\t\t<div class=\"elementor-widget-wrap elementor-element-populated\">\n\t\t\t\t\t\t<div class=\"elementor-element elementor-element-28600d5 elementor-widget__width-initial elementor-widget-tablet__width-initial elementor-widget elementor-widget-heading\" data-id=\"28600d5\" data-element_type=\"widget\" data-widget_type=\"heading.default\">\n\t\t\t\t<div class=\"elementor-widget-container\">\n\t\t\t<h1 class=\"elementor-heading-title elementor-size-default\"><span>Base de conocimientos<\/span><\/h1>\t\t<\/div>\n\t\t\t\t<\/div>\n\t\t\t\t\t<\/div>\n\t\t<\/div>\n\t\t\t\t\t<\/div>\n\t\t<\/section>\n\t\t\t\t<section class=\"elementor-section elementor-top-section elementor-element elementor-element-4273843 elementor-section-content-middle elementor-section-full_width elementor-hidden-tablet elementor-hidden-desktop ot-traditional elementor-section-height-default elementor-section-height-default\" data-id=\"4273843\" data-element_type=\"section\" data-settings=\"{&quot;background_background&quot;:&quot;classic&quot;}\">\n\t\t\t\t\t\t<div class=\"elementor-container elementor-column-gap-extended\">\n\t\t\t\t\t<div class=\"elementor-column elementor-col-100 elementor-top-column elementor-element elementor-element-ef5df6f ot-flex-column-vertical\" data-id=\"ef5df6f\" data-element_type=\"column\">\n\t\t\t<div class=\"elementor-widget-wrap elementor-element-populated\">\n\t\t\t\t\t\t<div class=\"elementor-element elementor-element-94dab47 elementor-widget__width-initial elementor-widget-tablet__width-initial elementor-widget elementor-widget-heading\" data-id=\"94dab47\" data-element_type=\"widget\" data-widget_type=\"heading.default\">\n\t\t\t\t<div class=\"elementor-widget-container\">\n\t\t\t<h1 class=\"elementor-heading-title elementor-size-default\"><span>Base de conocimientos<\/span>\n<\/h1>\t\t<\/div>\n\t\t\t\t<\/div>\n\t\t\t\t\t<\/div>\n\t\t<\/div>\n\t\t\t\t\t<\/div>\n\t\t<\/section>\n\t\t\t\t<section class=\"elementor-section elementor-top-section elementor-element elementor-element-9314a60 elementor-section-content-middle elementor-section-full_width elementor-hidden-mobile elementor-hidden-desktop ot-traditional elementor-section-height-default elementor-section-height-default\" data-id=\"9314a60\" data-element_type=\"section\" data-settings=\"{&quot;background_background&quot;:&quot;classic&quot;}\">\n\t\t\t\t\t\t<div class=\"elementor-container elementor-column-gap-extended\">\n\t\t\t\t\t<div class=\"elementor-column elementor-col-100 elementor-top-column elementor-element elementor-element-45180ff ot-flex-column-vertical\" data-id=\"45180ff\" data-element_type=\"column\">\n\t\t\t<div class=\"elementor-widget-wrap elementor-element-populated\">\n\t\t\t\t\t\t<div class=\"elementor-element elementor-element-999c009 elementor-widget__width-initial elementor-widget-tablet__width-initial elementor-widget elementor-widget-heading\" data-id=\"999c009\" data-element_type=\"widget\" data-widget_type=\"heading.default\">\n\t\t\t\t<div class=\"elementor-widget-container\">\n\t\t\t<h1 class=\"elementor-heading-title elementor-size-default\"><span>Base de conocimientos<\/span>\n<\/h1>\t\t<\/div>\n\t\t\t\t<\/div>\n\t\t\t\t\t<\/div>\n\t\t<\/div>\n\t\t\t\t\t<\/div>\n\t\t<\/section>\n\t\t\t\t<section class=\"elementor-section elementor-top-section elementor-element elementor-element-80e2383 elementor-hidden-mobile ot-traditional elementor-section-boxed elementor-section-height-default elementor-section-height-default\" data-id=\"80e2383\" data-element_type=\"section\">\n\t\t\t\t\t\t<div class=\"elementor-container elementor-column-gap-default\">\n\t\t\t\t\t<div class=\"elementor-column elementor-col-100 elementor-top-column elementor-element elementor-element-10362ff ot-flex-column-vertical\" data-id=\"10362ff\" data-element_type=\"column\">\n\t\t\t<div class=\"elementor-widget-wrap elementor-element-populated\">\n\t\t\t\t\t\t<div class=\"elementor-element elementor-element-0ee01d3 elementor-widget elementor-widget-text-editor\" data-id=\"0ee01d3\" data-element_type=\"widget\" data-widget_type=\"text-editor.default\">\n\t\t\t\t<div class=\"elementor-widget-container\">\n\t\t\t\t\t\t\t<a style=\"color: #131f3e;\" href=\"https:\/\/kiiper.app\/es\/\">Home<\/a> \/ Recursos \/ <a style=\"color: #131f3e;\" href=\"https:\/\/kiiper.app\/es\/knowledge-base\/\">Base de conocimientos<\/a> \/ <a style=\"color: #131f3e;\" href=\"https:\/\/kiiper.app\/es\/getting-started\/\">\u00bfC\u00f3mo comenzar?<\/a> \/ <span style=\"color: #4a22d4;\">\u00bfC\u00f3mo integrar Kiiper y QBO?<\/span>\t\t\t\t\t\t<\/div>\n\t\t\t\t<\/div>\n\t\t\t\t\t<\/div>\n\t\t<\/div>\n\t\t\t\t\t<\/div>\n\t\t<\/section>\n\t\t\t\t<section class=\"elementor-section elementor-top-section elementor-element elementor-element-0c91121 elementor-hidden-desktop elementor-hidden-tablet ot-traditional elementor-section-boxed elementor-section-height-default elementor-section-height-default\" data-id=\"0c91121\" data-element_type=\"section\">\n\t\t\t\t\t\t<div class=\"elementor-container elementor-column-gap-default\">\n\t\t\t\t\t<div class=\"elementor-column elementor-col-100 elementor-top-column elementor-element elementor-element-b2bac44 ot-flex-column-vertical\" data-id=\"b2bac44\" data-element_type=\"column\">\n\t\t\t<div class=\"elementor-widget-wrap elementor-element-populated\">\n\t\t\t\t\t\t<div class=\"elementor-element elementor-element-446ae1f elementor-widget elementor-widget-text-editor\" data-id=\"446ae1f\" data-element_type=\"widget\" data-widget_type=\"text-editor.default\">\n\t\t\t\t<div class=\"elementor-widget-container\">\n\t\t\t\t\t\t\t<a style=\"color: #131f3e;\" href=\"https:\/\/kiiper.app\/es\/\">Home<\/a> \/ Recursos \/ <a style=\"color: #131f3e;\" href=\"https:\/\/kiiper.app\/es\/knowledge-base\/\">Base de conocimientos<\/a> \/ <a style=\"color: #131f3e;\" href=\"https:\/\/kiiper.app\/es\/getting-started\/\">\u00bfC\u00f3mo comenzar?<\/a> \/ <span style=\"color: #4a22d4;\">\u00bfC\u00f3mo integrar Kiiper y QBO?<\/span>\t\t\t\t\t\t<\/div>\n\t\t\t\t<\/div>\n\t\t\t\t\t<\/div>\n\t\t<\/div>\n\t\t\t\t\t<\/div>\n\t\t<\/section>\n\t\t\t\t<section class=\"elementor-section elementor-top-section elementor-element elementor-element-09d4e89 ot-traditional elementor-section-boxed elementor-section-height-default elementor-section-height-default\" data-id=\"09d4e89\" data-element_type=\"section\">\n\t\t\t\t\t\t<div class=\"elementor-container elementor-column-gap-default\">\n\t\t\t\t\t<div class=\"elementor-column elementor-col-100 elementor-top-column elementor-element elementor-element-3e3bde4 ot-flex-column-vertical\" data-id=\"3e3bde4\" data-element_type=\"column\">\n\t\t\t<div class=\"elementor-widget-wrap elementor-element-populated\">\n\t\t\t\t\t\t<div class=\"elementor-element elementor-element-55f0e14 elementor-widget elementor-widget-heading\" data-id=\"55f0e14\" data-element_type=\"widget\" data-widget_type=\"heading.default\">\n\t\t\t\t<div class=\"elementor-widget-container\">\n\t\t\t<h2 class=\"elementor-heading-title elementor-size-default\">\u00bfC\u00f3mo integrar Kiiper y QBO?<\/h2>\t\t<\/div>\n\t\t\t\t<\/div>\n\t\t\t\t<section class=\"elementor-section elementor-inner-section elementor-element elementor-element-4893462 elementor-section-full_width elementor-hidden-tablet elementor-hidden-mobile ot-traditional elementor-section-height-default elementor-section-height-default\" data-id=\"4893462\" data-element_type=\"section\">\n\t\t\t\t\t\t<div class=\"elementor-container elementor-column-gap-default\">\n\t\t\t\t\t<div class=\"elementor-column elementor-col-50 elementor-inner-column elementor-element elementor-element-2861c8d ot-flex-column-vertical\" data-id=\"2861c8d\" data-element_type=\"column\">\n\t\t\t<div class=\"elementor-widget-wrap elementor-element-populated\">\n\t\t\t\t\t\t<div class=\"elementor-element elementor-element-5ad1c0f elementor-widget__width-inherit elementor-widget elementor-widget-text-editor\" data-id=\"5ad1c0f\" data-element_type=\"widget\" data-widget_type=\"text-editor.default\">\n\t\t\t\t<div class=\"elementor-widget-container\">\n\t\t\t\t\t\t\t<p>Para integrar Kiiper y Quickbooks, sigue los siguientes pasos:<\/p>\t\t\t\t\t\t<\/div>\n\t\t\t\t<\/div>\n\t\t\t\t<div class=\"elementor-element elementor-element-d7f8583 elementor-widget elementor-widget-html\" data-id=\"d7f8583\" data-element_type=\"widget\" data-widget_type=\"html.default\">\n\t\t\t\t<div class=\"elementor-widget-container\">\n\t\t\t<style>\n    li {\n      position: relative;\n      padding-left: 15px;\n      margin-bottom: 10px;\n      color: #131F3E;\n      line-height: 20px;\n    }\n    li::marker {\n      color: #4A22D4;\n    }\n\n    \n    \/* Extra small devices (phones, 600px and down) *\/\n    @media only screen and (max-width: 600px) {\n        li {\n            font-size: 12px;\n        }\n    }\n    \n    \/* Medium devices (landscape tablets, 768px and up) *\/\n    @media only screen and (min-width: 768px) {\n        li {\n            font-size: 16px;\n        }\n    }\n<\/style>\n<script>\n    document.addEventListener(\"DOMContentLoaded\", function() {\n    let language = window.location.pathname.slice(0, 3) === \"\/es\" ? \"ES\" : \"EN\";\n    \n    let tagKiiper = document.getElementById(\"url-go-kiiper\");\n    \n    let url = language === \"ES\" ? \"https:\/\/go.kiiper.app\/?language=es\" : \"https:\/\/go.kiiper.app\";\n\n        tagKiiper.setAttribute(\"href\", url);\n});\n<\/script>\n<ol>\n        <li>Inicia sesi\u00f3n en Kiiper, <a id=\"url-go-kiiper\" href=\"https:\/\/go.kiiper.app\" style=\"color: #4A22D4 !important;\" target=\"_blank\">go.kiiper.app<\/a>.<\/li>\n<li>Dir\u00edgete a la secci\u00f3n Configuraci\u00f3n de empresa y haz clic en la pesta\u00f1a Integraciones.<\/li>\n    <li>Haz clic en el bot\u00f3n <b>Conectar<\/b> junto al logotipo de Quickbooks.<br\/>\n    <p style=\"margin-top: 5px;\">Se te pedir\u00e1 que inicies sesi\u00f3n en tu cuenta de Quickbooks.<\/p><\/li>\n    <li>Una vez que hayas iniciado sesi\u00f3n, selecciona la organizaci\u00f3n de Quickbooks que deseas integrar con Kiiper.<\/li>\n    <li>Haz clic en el bot\u00f3n <b>Conectar<\/b> <span><\/span><br\/>\n    <p style=\"margin-top: 5px;\">Tus cuentas de Kiiper y Quickbooks ahora est\u00e1n integradas.<\/p><\/li>\n<\/ol>\t\t<\/div>\n\t\t\t\t<\/div>\n\t\t\t\t\t<\/div>\n\t\t<\/div>\n\t\t\t\t<div class=\"elementor-column elementor-col-50 elementor-inner-column elementor-element elementor-element-5c67037 ot-flex-column-vertical\" data-id=\"5c67037\" data-element_type=\"column\">\n\t\t\t<div class=\"elementor-widget-wrap elementor-element-populated\">\n\t\t\t\t\t\t<div class=\"elementor-element elementor-element-71ed729 elementor-widget elementor-widget-html\" data-id=\"71ed729\" data-element_type=\"widget\" data-widget_type=\"html.default\">\n\t\t\t\t<div class=\"elementor-widget-container\">\n\t\t\t<style>.elementor-element-71ed729{display:none !important}<\/style>\t\t<\/div>\n\t\t\t\t<\/div>\n\t\t\t\t<div class=\"elementor-element elementor-element-995a8ac elementor-widget elementor-widget-html\" data-id=\"995a8ac\" data-element_type=\"widget\" data-widget_type=\"html.default\">\n\t\t\t\t<div class=\"elementor-widget-container\">\n\t\t\t<video autoplay loop muted>\r\n    <source src=\"https:\/\/kiiper.app\/wp-content\/uploads\/2024\/03\/Gif-1-8-ES.mp4\" type=\"video\/mp4\">\r\n<\/video>\r\n\t\t<\/div>\n\t\t\t\t<\/div>\n\t\t\t\t\t<\/div>\n\t\t<\/div>\n\t\t\t\t\t<\/div>\n\t\t<\/section>\n\t\t\t\t<div class=\"elementor-element elementor-element-1c9807a elementor-widget elementor-widget-text-editor\" data-id=\"1c9807a\" data-element_type=\"widget\" data-widget_type=\"text-editor.default\">\n\t\t\t\t<div class=\"elementor-widget-container\">\n\t\t\t\t\t\t\t<div class=\"ql-block\" data-block-id=\"block-d07e47dd-fd1a-4d20-b5b1-b9897ed4e0fa\">Una vez que tus cuentas est\u00e9n integradas, Kiiper extraer\u00e1 las cuentas bancarias de Quickbooks para que completes la configuraci\u00f3n. Kiiper tambi\u00e9n sincronizar\u00e1 autom\u00e1ticamente tus datos con Quickbooks, para que siempre tengas acceso a la informaci\u00f3n m\u00e1s actualizada, esto incluye las cuentas bancarias que deben estar registradas en Kiiper.<\/div>\t\t\t\t\t\t<\/div>\n\t\t\t\t<\/div>\n\t\t\t\t<section class=\"elementor-section elementor-inner-section elementor-element elementor-element-3fe256a elementor-section-full_width elementor-hidden-desktop ot-traditional elementor-section-height-default elementor-section-height-default\" data-id=\"3fe256a\" data-element_type=\"section\">\n\t\t\t\t\t\t<div class=\"elementor-container elementor-column-gap-default\">\n\t\t\t\t\t<div class=\"elementor-column elementor-col-50 elementor-inner-column elementor-element elementor-element-a23d312 ot-flex-column-vertical\" data-id=\"a23d312\" data-element_type=\"column\">\n\t\t\t<div class=\"elementor-widget-wrap elementor-element-populated\">\n\t\t\t\t\t\t<div class=\"elementor-element elementor-element-bbf5b24 elementor-widget__width-inherit elementor-widget elementor-widget-text-editor\" data-id=\"bbf5b24\" data-element_type=\"widget\" data-widget_type=\"text-editor.default\">\n\t\t\t\t<div class=\"elementor-widget-container\">\n\t\t\t\t\t\t\t<p>Para integrar Kiiper y Quickbooks, sigue los siguientes pasos:<\/p>\t\t\t\t\t\t<\/div>\n\t\t\t\t<\/div>\n\t\t\t\t<div class=\"elementor-element elementor-element-c5987db elementor-widget elementor-widget-html\" data-id=\"c5987db\" data-element_type=\"widget\" data-widget_type=\"html.default\">\n\t\t\t\t<div class=\"elementor-widget-container\">\n\t\t\t<style>\n    li {\n      position: relative;\n      padding-left: 15px;\n      margin-bottom: 10px;\n      color: #131F3E;\n      line-height: 20px;\n    }\n    li::marker {\n      color: #4A22D4;\n    }\n\n    \n    \/* Extra small devices (phones, 600px and down) *\/\n    @media only screen and (max-width: 600px) {\n        li {\n            font-size: 12px;\n        }\n    }\n    \n    \/* Medium devices (landscape tablets, 768px and up) *\/\n    @media only screen and (min-width: 768px) {\n        li {\n            font-size: 16px;\n        }\n    }\n<\/style>\n<script>\n    document.addEventListener(\"DOMContentLoaded\", function() {\n    let language = window.location.pathname.slice(0, 3) === \"\/es\" ? \"ES\" : \"EN\";\n    \n    let tagKiiper = document.getElementById(\"url-go-kiiper\");\n    \n    let url = language === \"ES\" ? \"https:\/\/go.kiiper.app\/?language=es\" : \"https:\/\/go.kiiper.app\";\n\n        tagKiiper.setAttribute(\"href\", url);\n});\n<\/script>\n<ol>\n        <li>Inicia sesi\u00f3n en Kiiper, <a id=\"url-go-kiiper\" href=\"https:\/\/go.kiiper.app\" style=\"color: #4A22D4 !important;\" target=\"_blank\">go.kiiper.app<\/a>.<\/li>\n<li>Dir\u00edgete a la secci\u00f3n Configuraci\u00f3n de empresa y haz clic en la pesta\u00f1a Integraciones.<\/li>\n    <li>Haz clic en el bot\u00f3n <b>Conectar<\/b> junto al logotipo de Quickbooks.<br\/>\n    <p style=\"margin-top: 5px;\">Se te pedir\u00e1 que inicies sesi\u00f3n en tu cuenta de Quickbooks.<\/p><\/li>\n    <li>Una vez que hayas iniciado sesi\u00f3n, selecciona la organizaci\u00f3n de Quickbooks que deseas integrar con Kiiper.<\/li>\n    <li>Haz clic en el bot\u00f3n <b>Conectar<\/b> <span><\/span><br\/>\n    <p style=\"margin-top: 5px;\">Tus cuentas de Kiiper y Quickbooks ahora est\u00e1n integradas.<\/p><\/li>\n<\/ol>\t\t<\/div>\n\t\t\t\t<\/div>\n\t\t\t\t\t<\/div>\n\t\t<\/div>\n\t\t\t\t<div class=\"elementor-column elementor-col-50 elementor-inner-column elementor-element elementor-element-7bef250 ot-flex-column-vertical\" data-id=\"7bef250\" data-element_type=\"column\">\n\t\t\t<div class=\"elementor-widget-wrap elementor-element-populated\">\n\t\t\t\t\t\t<div class=\"elementor-element elementor-element-421e020 elementor-widget elementor-widget-html\" data-id=\"421e020\" data-element_type=\"widget\" data-widget_type=\"html.default\">\n\t\t\t\t<div class=\"elementor-widget-container\">\n\t\t\t<style>.elementor-element-421e020{display:none !important}<\/style>\t\t<\/div>\n\t\t\t\t<\/div>\n\t\t\t\t<div class=\"elementor-element elementor-element-44bf62f elementor-widget elementor-widget-html\" data-id=\"44bf62f\" data-element_type=\"widget\" data-widget_type=\"html.default\">\n\t\t\t\t<div class=\"elementor-widget-container\">\n\t\t\t<video autoplay loop muted>\r\n    <source src=\"https:\/\/kiiper.app\/wp-content\/uploads\/2024\/03\/Gif-1-8-ES.mp4\" type=\"video\/mp4\">\r\n<\/video>\r\n\t\t<\/div>\n\t\t\t\t<\/div>\n\t\t\t\t\t<\/div>\n\t\t<\/div>\n\t\t\t\t\t<\/div>\n\t\t<\/section>\n\t\t\t\t<div class=\"elementor-element elementor-element-3c20ea8 elementor-widget elementor-widget-text-editor\" data-id=\"3c20ea8\" data-element_type=\"widget\" data-widget_type=\"text-editor.default\">\n\t\t\t\t<div class=\"elementor-widget-container\">\n\t\t\t\t\t\t\t<div class=\"ql-block\" data-block-id=\"block-d07e47dd-fd1a-4d20-b5b1-b9897ed4e0fa\">Una vez que tus cuentas est\u00e9n integradas, Kiiper extraer\u00e1 las cuentas bancarias de Quickbooks para que completes la configuraci\u00f3n. Kiiper tambi\u00e9n sincronizar\u00e1 autom\u00e1ticamente tus datos con Quickbooks, para que siempre tengas acceso a la informaci\u00f3n m\u00e1s actualizada, esto incluye las cuentas bancarias que deben estar registradas en Kiiper.<\/div>\t\t\t\t\t\t<\/div>\n\t\t\t\t<\/div>\n\t\t\t\t\t<\/div>\n\t\t<\/div>\n\t\t\t\t\t<\/div>\n\t\t<\/section>\n\t\t\t\t<section class=\"elementor-section elementor-top-section elementor-element elementor-element-f034270 ot-traditional elementor-section-boxed elementor-section-height-default elementor-section-height-default\" data-id=\"f034270\" data-element_type=\"section\">\n\t\t\t\t\t\t<div class=\"elementor-container elementor-column-gap-default\">\n\t\t\t\t\t<div class=\"elementor-column elementor-col-100 elementor-top-column elementor-element elementor-element-6fa28f0 ot-flex-column-vertical\" data-id=\"6fa28f0\" data-element_type=\"column\">\n\t\t\t<div class=\"elementor-widget-wrap elementor-element-populated\">\n\t\t\t\t\t\t<div class=\"elementor-element elementor-element-fcb8cec elementor-widget elementor-widget-heading\" data-id=\"fcb8cec\" data-element_type=\"widget\" data-widget_type=\"heading.default\">\n\t\t\t\t<div class=\"elementor-widget-container\">\n\t\t\t<h2 class=\"elementor-heading-title elementor-size-default\">Consideraciones relacionadas a la integraci\u00f3n de Kiiper y Quickbooks:<\/h2>\t\t<\/div>\n\t\t\t\t<\/div>\n\t\t\t\t<div class=\"elementor-element elementor-element-999da81 elementor-icon-list--layout-traditional elementor-list-item-link-full_width elementor-widget elementor-widget-icon-list\" data-id=\"999da81\" data-element_type=\"widget\" data-widget_type=\"icon-list.default\">\n\t\t\t\t<div class=\"elementor-widget-container\">\n\t\t\t\t\t<ul class=\"elementor-icon-list-items\">\n\t\t\t\t\t\t\t<li class=\"elementor-icon-list-item\">\n\t\t\t\t\t\t\t\t\t\t\t<span class=\"elementor-icon-list-icon\">\n\t\t\t\t\t\t\t<svg xmlns=\"http:\/\/www.w3.org\/2000\/svg\" width=\"5\" height=\"5\" viewbox=\"0 0 5 5\" fill=\"none\"><path d=\"M2.32238 3.22241L1.53215 2.445L1.26306 2.70787L2.32238 3.75L4.59639 1.51286L4.3292 1.25L2.32238 3.22241Z\" fill=\"#309E48\" stroke=\"#4A22D4\" stroke-width=\"0.5\"><\/path><\/svg>\t\t\t\t\t\t<\/span>\n\t\t\t\t\t\t\t\t\t\t<span class=\"elementor-icon-list-text\">Puedes conectar varias organizaciones de Quickbooks a tu cuenta de Kiiper (una organizaci\u00f3n de Quickbooks por cada empresa de Kiiper).<\/span>\n\t\t\t\t\t\t\t\t\t<\/li>\n\t\t\t\t\t\t\t\t<li class=\"elementor-icon-list-item\">\n\t\t\t\t\t\t\t\t\t\t\t<span class=\"elementor-icon-list-icon\">\n\t\t\t\t\t\t\t<svg xmlns=\"http:\/\/www.w3.org\/2000\/svg\" width=\"5\" height=\"5\" viewbox=\"0 0 5 5\" fill=\"none\"><path d=\"M2.32238 3.22241L1.53215 2.445L1.26306 2.70787L2.32238 3.75L4.59639 1.51286L4.3292 1.25L2.32238 3.22241Z\" fill=\"#309E48\" stroke=\"#4A22D4\" stroke-width=\"0.5\"><\/path><\/svg>\t\t\t\t\t\t<\/span>\n\t\t\t\t\t\t\t\t\t\t<span class=\"elementor-icon-list-text\">Kiiper recibe informaci\u00f3n de Quickbooks, pero no env\u00eda informaci\u00f3n alguna.<\/span>\n\t\t\t\t\t\t\t\t\t<\/li>\n\t\t\t\t\t\t<\/ul>\n\t\t\t\t<\/div>\n\t\t\t\t<\/div>\n\t\t\t\t<div class=\"elementor-element elementor-element-9bb6f1f elementor-widget elementor-widget-text-editor\" data-id=\"9bb6f1f\" data-element_type=\"widget\" data-widget_type=\"text-editor.default\">\n\t\t\t\t<div class=\"elementor-widget-container\">\n\t\t\t\t\t\t\tSi tienes alguna inquietud con la integraci\u00f3n entre Kiiper y Quickbooks, cont\u00e1ctanos a tr\u00e1ves de\n<a style=\"color: #4a22d4; font-weight: 600;\" href=\"mailto:support@kiiper.app\">support@kiiper.app<\/a>.\t\t\t\t\t\t<\/div>\n\t\t\t\t<\/div>\n\t\t\t\t<section class=\"elementor-section elementor-inner-section elementor-element elementor-element-e762f5c ot-traditional elementor-section-boxed elementor-section-height-default elementor-section-height-default\" data-id=\"e762f5c\" data-element_type=\"section\">\n\t\t\t\t\t\t<div class=\"elementor-container elementor-column-gap-default\">\n\t\t\t\t\t<div class=\"elementor-column elementor-col-100 elementor-inner-column elementor-element elementor-element-d9d7f54 ot-flex-column-vertical\" data-id=\"d9d7f54\" data-element_type=\"column\">\n\t\t\t<div class=\"elementor-widget-wrap elementor-element-populated\">\n\t\t\t\t\t\t<div class=\"elementor-element elementor-element-0e3db86 elementor-widget__width-inherit elementor-widget elementor-widget-heading\" data-id=\"0e3db86\" data-element_type=\"widget\" data-widget_type=\"heading.default\">\n\t\t\t\t<div class=\"elementor-widget-container\">\n\t\t\t<h2 class=\"elementor-heading-title elementor-size-default\">Art\u00edculos relacionados<\/h2>\t\t<\/div>\n\t\t\t\t<\/div>\n\t\t\t\t\t<\/div>\n\t\t<\/div>\n\t\t\t\t\t<\/div>\n\t\t<\/section>\n\t\t\t\t<section class=\"elementor-section elementor-inner-section elementor-element elementor-element-dfe08e1 ot-traditional elementor-section-boxed elementor-section-height-default elementor-section-height-default\" data-id=\"dfe08e1\" data-element_type=\"section\">\n\t\t\t\t\t\t<div class=\"elementor-container elementor-column-gap-default\">\n\t\t\t\t\t<div class=\"elementor-column elementor-col-100 elementor-inner-column elementor-element elementor-element-cee8aa3 ot-flex-column-vertical\" data-id=\"cee8aa3\" data-element_type=\"column\">\n\t\t\t<div class=\"elementor-widget-wrap elementor-element-populated\">\n\t\t\t\t\t\t<div class=\"elementor-element elementor-element-e98f83f elementor-widget elementor-widget-text-editor\" data-id=\"e98f83f\" data-element_type=\"widget\" data-widget_type=\"text-editor.default\">\n\t\t\t\t<div class=\"elementor-widget-container\">\n\t\t\t\t\t\t\t<a style=\"color: #4a22d4;\" href=\"https:\/\/kiiper.app\/es\/how-to-integrate-xero\/\">\u00bfC\u00f3mo integrar Kiiper y Xero?\n<\/a>\t\t\t\t\t\t<\/div>\n\t\t\t\t<\/div>\n\t\t\t\t\t<\/div>\n\t\t<\/div>\n\t\t\t\t\t<\/div>\n\t\t<\/section>\n\t\t\t\t<section class=\"elementor-section elementor-inner-section elementor-element elementor-element-1706c06 ot-traditional elementor-section-boxed elementor-section-height-default elementor-section-height-default\" data-id=\"1706c06\" data-element_type=\"section\">\n\t\t\t\t\t\t<div class=\"elementor-container elementor-column-gap-default\">\n\t\t\t\t\t<div class=\"elementor-column elementor-col-100 elementor-inner-column elementor-element elementor-element-25e0c5b ot-flex-column-vertical\" data-id=\"25e0c5b\" data-element_type=\"column\">\n\t\t\t<div class=\"elementor-widget-wrap elementor-element-populated\">\n\t\t\t\t\t\t<div class=\"elementor-element elementor-element-1378ac4 elementor-widget elementor-widget-text-editor\" data-id=\"1378ac4\" data-element_type=\"widget\" data-widget_type=\"text-editor.default\">\n\t\t\t\t<div class=\"elementor-widget-container\">\n\t\t\t\t\t\t\t<a style=\"color: #4a22d4;\" href=\"https:\/\/kiiper.app\/es\/how-to-convert-bank-statement\/\">\u00bfC\u00f3mo convertir un estado de cuenta editable en Kiiper?\n<\/a>\t\t\t\t\t\t<\/div>\n\t\t\t\t<\/div>\n\t\t\t\t\t<\/div>\n\t\t<\/div>\n\t\t\t\t\t<\/div>\n\t\t<\/section>\n\t\t\t\t\t<\/div>\n\t\t<\/div>\n\t\t\t\t\t<\/div>\n\t\t<\/section>\n\t\t\t\t<\/div>","protected":false},"excerpt":{"rendered":"<p>Knowledge base Knowledge base Knowledge base Home \/ Resources \/ Knowledge base \/ Getting started \/ How to integrate Kiiper and QBO?Home \/ Resources \/ Knowledge base \/ Getting started \/ How to integrate Kiiper and QBO? How to integrate Kiiper and QBO? To integrate Kiiper and Quickbooks, you can follow these steps: Log in [&hellip;]<\/p>","protected":false},"author":1,"featured_media":0,"parent":0,"menu_order":0,"comment_status":"closed","ping_status":"closed","template":"","meta":{"_monsterinsights_skip_tracking":false,"_monsterinsights_sitenote_active":false,"_monsterinsights_sitenote_note":"","_monsterinsights_sitenote_category":0,"footnotes":""},"aioseo_notices":[],"_links":{"self":[{"href":"https:\/\/kiiper.app\/es\/wp-json\/wp\/v2\/pages\/14457"}],"collection":[{"href":"https:\/\/kiiper.app\/es\/wp-json\/wp\/v2\/pages"}],"about":[{"href":"https:\/\/kiiper.app\/es\/wp-json\/wp\/v2\/types\/page"}],"author":[{"embeddable":true,"href":"https:\/\/kiiper.app\/es\/wp-json\/wp\/v2\/users\/1"}],"replies":[{"embeddable":true,"href":"https:\/\/kiiper.app\/es\/wp-json\/wp\/v2\/comments?post=14457"}],"version-history":[{"count":19,"href":"https:\/\/kiiper.app\/es\/wp-json\/wp\/v2\/pages\/14457\/revisions"}],"predecessor-version":[{"id":15282,"href":"https:\/\/kiiper.app\/es\/wp-json\/wp\/v2\/pages\/14457\/revisions\/15282"}],"wp:attachment":[{"href":"https:\/\/kiiper.app\/es\/wp-json\/wp\/v2\/media?parent=14457"}],"curies":[{"name":"wp","href":"https:\/\/api.w.org\/{rel}","templated":true}]}}