{"id":14445,"date":"2024-03-06T14:43:04","date_gmt":"2024-03-06T14:43:04","guid":{"rendered":"https:\/\/kiiper.app\/?page_id=14445"},"modified":"2024-03-13T17:18:36","modified_gmt":"2024-03-13T17:18:36","slug":"how-to-import-bank-statement","status":"publish","type":"page","link":"https:\/\/kiiper.app\/es\/how-to-import-bank-statement\/","title":{"rendered":"\u00bfC\u00f3mo importar un estado de cuenta en el sistema contable?"},"content":{"rendered":"<div data-elementor-type=\"wp-page\" data-elementor-id=\"14445\" class=\"elementor elementor-14445\">\n\t\t\t\t\t\t<section class=\"elementor-section elementor-top-section elementor-element elementor-element-d940151 elementor-section-content-middle elementor-section-full_width elementor-hidden-tablet elementor-hidden-mobile ot-traditional elementor-section-height-default elementor-section-height-default\" data-id=\"d940151\" data-element_type=\"section\" data-settings=\"{&quot;background_background&quot;:&quot;classic&quot;}\">\n\t\t\t\t\t\t<div class=\"elementor-container elementor-column-gap-extended\">\n\t\t\t\t\t<div class=\"elementor-column elementor-col-100 elementor-top-column elementor-element elementor-element-5e1f195 ot-flex-column-vertical\" data-id=\"5e1f195\" data-element_type=\"column\">\n\t\t\t<div class=\"elementor-widget-wrap elementor-element-populated\">\n\t\t\t\t\t\t<div class=\"elementor-element elementor-element-28600d5 elementor-widget__width-initial elementor-widget-tablet__width-initial elementor-widget elementor-widget-heading\" data-id=\"28600d5\" data-element_type=\"widget\" data-widget_type=\"heading.default\">\n\t\t\t\t<div class=\"elementor-widget-container\">\n\t\t\t<h1 class=\"elementor-heading-title elementor-size-default\"><span>Base de conocimientos<\/span><\/h1>\t\t<\/div>\n\t\t\t\t<\/div>\n\t\t\t\t\t<\/div>\n\t\t<\/div>\n\t\t\t\t\t<\/div>\n\t\t<\/section>\n\t\t\t\t<section class=\"elementor-section elementor-top-section elementor-element elementor-element-4273843 elementor-section-content-middle elementor-section-full_width elementor-hidden-tablet elementor-hidden-desktop ot-traditional elementor-section-height-default elementor-section-height-default\" data-id=\"4273843\" data-element_type=\"section\" data-settings=\"{&quot;background_background&quot;:&quot;classic&quot;}\">\n\t\t\t\t\t\t<div class=\"elementor-container elementor-column-gap-extended\">\n\t\t\t\t\t<div class=\"elementor-column elementor-col-100 elementor-top-column elementor-element elementor-element-ef5df6f ot-flex-column-vertical\" data-id=\"ef5df6f\" data-element_type=\"column\">\n\t\t\t<div class=\"elementor-widget-wrap elementor-element-populated\">\n\t\t\t\t\t\t<div class=\"elementor-element elementor-element-94dab47 elementor-widget__width-initial elementor-widget-tablet__width-initial elementor-widget elementor-widget-heading\" data-id=\"94dab47\" data-element_type=\"widget\" data-widget_type=\"heading.default\">\n\t\t\t\t<div class=\"elementor-widget-container\">\n\t\t\t<h1 class=\"elementor-heading-title elementor-size-default\"><span>Base de conocimientos<\/span>\n<\/h1>\t\t<\/div>\n\t\t\t\t<\/div>\n\t\t\t\t\t<\/div>\n\t\t<\/div>\n\t\t\t\t\t<\/div>\n\t\t<\/section>\n\t\t\t\t<section class=\"elementor-section elementor-top-section elementor-element elementor-element-9314a60 elementor-section-content-middle elementor-section-full_width elementor-hidden-mobile elementor-hidden-desktop ot-traditional elementor-section-height-default elementor-section-height-default\" data-id=\"9314a60\" data-element_type=\"section\" data-settings=\"{&quot;background_background&quot;:&quot;classic&quot;}\">\n\t\t\t\t\t\t<div class=\"elementor-container elementor-column-gap-extended\">\n\t\t\t\t\t<div class=\"elementor-column elementor-col-100 elementor-top-column elementor-element elementor-element-45180ff ot-flex-column-vertical\" data-id=\"45180ff\" data-element_type=\"column\">\n\t\t\t<div class=\"elementor-widget-wrap elementor-element-populated\">\n\t\t\t\t\t\t<div class=\"elementor-element elementor-element-999c009 elementor-widget__width-initial elementor-widget-tablet__width-initial elementor-widget elementor-widget-heading\" data-id=\"999c009\" data-element_type=\"widget\" data-widget_type=\"heading.default\">\n\t\t\t\t<div class=\"elementor-widget-container\">\n\t\t\t<h1 class=\"elementor-heading-title elementor-size-default\"><span>Base de conocimientos<\/span>\n<\/h1>\t\t<\/div>\n\t\t\t\t<\/div>\n\t\t\t\t\t<\/div>\n\t\t<\/div>\n\t\t\t\t\t<\/div>\n\t\t<\/section>\n\t\t\t\t<section class=\"elementor-section elementor-top-section elementor-element elementor-element-80e2383 elementor-hidden-mobile ot-traditional elementor-section-boxed elementor-section-height-default elementor-section-height-default\" data-id=\"80e2383\" data-element_type=\"section\">\n\t\t\t\t\t\t<div class=\"elementor-container elementor-column-gap-default\">\n\t\t\t\t\t<div class=\"elementor-column elementor-col-100 elementor-top-column elementor-element elementor-element-10362ff ot-flex-column-vertical\" data-id=\"10362ff\" data-element_type=\"column\">\n\t\t\t<div class=\"elementor-widget-wrap elementor-element-populated\">\n\t\t\t\t\t\t<div class=\"elementor-element elementor-element-0ee01d3 elementor-widget elementor-widget-text-editor\" data-id=\"0ee01d3\" data-element_type=\"widget\" data-widget_type=\"text-editor.default\">\n\t\t\t\t<div class=\"elementor-widget-container\">\n\t\t\t\t\t\t\t<a style=\"color: #131f3e;\" href=\"https:\/\/kiiper.app\/es\/\">Home<\/a> \/ Recursos \/ <a style=\"color: #131f3e;\" href=\"https:\/\/kiiper.app\/es\/knowledge-base\/\">Base de conocimientos<\/a> \/ <a style=\"color: #131f3e;\" href=\"https:\/\/kiiper.app\/es\/getting-started\/\">\u00bfC\u00f3mo comenzar?<\/a> \/ <span style=\"color: #4a22d4;\">\u00bfC\u00f3mo importar un estado de cuenta en el sistema contable?<\/span>\t\t\t\t\t\t<\/div>\n\t\t\t\t<\/div>\n\t\t\t\t\t<\/div>\n\t\t<\/div>\n\t\t\t\t\t<\/div>\n\t\t<\/section>\n\t\t\t\t<section class=\"elementor-section elementor-top-section elementor-element elementor-element-0c91121 elementor-hidden-desktop elementor-hidden-tablet ot-traditional elementor-section-boxed elementor-section-height-default elementor-section-height-default\" data-id=\"0c91121\" data-element_type=\"section\">\n\t\t\t\t\t\t<div class=\"elementor-container elementor-column-gap-default\">\n\t\t\t\t\t<div class=\"elementor-column elementor-col-100 elementor-top-column elementor-element elementor-element-b2bac44 ot-flex-column-vertical\" data-id=\"b2bac44\" data-element_type=\"column\">\n\t\t\t<div class=\"elementor-widget-wrap elementor-element-populated\">\n\t\t\t\t\t\t<div class=\"elementor-element elementor-element-446ae1f elementor-widget elementor-widget-text-editor\" data-id=\"446ae1f\" data-element_type=\"widget\" data-widget_type=\"text-editor.default\">\n\t\t\t\t<div class=\"elementor-widget-container\">\n\t\t\t\t\t\t\t<a style=\"color: #131f3e;\" href=\"https:\/\/kiiper.app\/es\/\">Home<\/a> \/ Recursos \/ <a style=\"color: #131f3e;\" href=\"https:\/\/kiiper.app\/es\/knowledge-base\/\">Base de conocimientos<\/a> \/ <a style=\"color: #131f3e;\" href=\"https:\/\/kiiper.app\/es\/getting-started\/\">\u00bfC\u00f3mo comenzar?<\/a> \/ <span style=\"color: #4a22d4;\">\u00bfC\u00f3mo importar un estado de cuenta en el sistema contable?<\/span>\t\t\t\t\t\t<\/div>\n\t\t\t\t<\/div>\n\t\t\t\t\t<\/div>\n\t\t<\/div>\n\t\t\t\t\t<\/div>\n\t\t<\/section>\n\t\t\t\t<section class=\"elementor-section elementor-top-section elementor-element elementor-element-09d4e89 ot-traditional elementor-section-boxed elementor-section-height-default elementor-section-height-default\" data-id=\"09d4e89\" data-element_type=\"section\">\n\t\t\t\t\t\t<div class=\"elementor-container elementor-column-gap-default\">\n\t\t\t\t\t<div class=\"elementor-column elementor-col-100 elementor-top-column elementor-element elementor-element-3e3bde4 ot-flex-column-vertical\" data-id=\"3e3bde4\" data-element_type=\"column\">\n\t\t\t<div class=\"elementor-widget-wrap elementor-element-populated\">\n\t\t\t\t\t\t<div class=\"elementor-element elementor-element-55f0e14 elementor-widget elementor-widget-heading\" data-id=\"55f0e14\" data-element_type=\"widget\" data-widget_type=\"heading.default\">\n\t\t\t\t<div class=\"elementor-widget-container\">\n\t\t\t<h2 class=\"elementor-heading-title elementor-size-default\">\u00bfC\u00f3mo importar un estado de cuenta en el sistema contable?<\/h2>\t\t<\/div>\n\t\t\t\t<\/div>\n\t\t\t\t<section class=\"elementor-section elementor-inner-section elementor-element elementor-element-4893462 elementor-section-full_width elementor-hidden-tablet elementor-hidden-mobile ot-traditional elementor-section-height-default elementor-section-height-default\" data-id=\"4893462\" data-element_type=\"section\">\n\t\t\t\t\t\t<div class=\"elementor-container elementor-column-gap-default\">\n\t\t\t\t\t<div class=\"elementor-column elementor-col-50 elementor-inner-column elementor-element elementor-element-2861c8d ot-flex-column-vertical\" data-id=\"2861c8d\" data-element_type=\"column\">\n\t\t\t<div class=\"elementor-widget-wrap elementor-element-populated\">\n\t\t\t\t\t\t<div class=\"elementor-element elementor-element-5ad1c0f elementor-widget__width-inherit elementor-widget elementor-widget-text-editor\" data-id=\"5ad1c0f\" data-element_type=\"widget\" data-widget_type=\"text-editor.default\">\n\t\t\t\t<div class=\"elementor-widget-container\">\n\t\t\t\t\t\t\t<p>Para importar un estado de cuenta en el sistema contable, debes seguir los pasos indicados por el proveedor. Sin embargo, aqu\u00ed est\u00e1n los pasos generales para importar el estado de cuenta, que convertiste a trav\u00e9s de Kiiper, en tu sistema contable:<\/p>\t\t\t\t\t\t<\/div>\n\t\t\t\t<\/div>\n\t\t\t\t<div class=\"elementor-element elementor-element-d7f8583 elementor-widget elementor-widget-html\" data-id=\"d7f8583\" data-element_type=\"widget\" data-widget_type=\"html.default\">\n\t\t\t\t<div class=\"elementor-widget-container\">\n\t\t\t<style>\n    li {\n      position: relative;\n      padding-left: 15px;\n      margin-bottom: 10px;\n      color: #131F3E;\n      line-height: 20px;\n    }\n    li::marker {\n      color: #4A22D4;\n    }\n\n    \n    \/* Extra small devices (phones, 600px and down) *\/\n    @media only screen and (max-width: 600px) {\n        li {\n            font-size: 12px;\n        }\n    }\n    \n    \/* Medium devices (landscape tablets, 768px and up) *\/\n    @media only screen and (min-width: 768px) {\n        li {\n            font-size: 16px;\n        }\n    }\n<\/style>\n<script>\n    document.addEventListener(\"DOMContentLoaded\", function() {\n    let language = window.location.pathname.slice(0, 3) === \"\/es\" ? \"ES\" : \"EN\";\n    \n    let tagKiiper = document.getElementById(\"url-go-kiiper\");\n    \n    let url = language === \"ES\" ? \"https:\/\/go.kiiper.app\/?language=es\" : \"https:\/\/go.kiiper.app\";\n\n        tagKiiper.setAttribute(\"href\", url);\n});\n<\/script>\n<ol>\n        <li>Inicia sesi\u00f3n en el sistema contable.<\/li>\n    <li>Dir\u00edgete a la secci\u00f3n de Bancos.<\/li>\n    <li>Haz clic en el bot\u00f3n para importar un estado de cuenta.<\/li>\n    <li>Selecciona el estado de cuenta convertido a trav\u00e9s de Kiiper.<\/li>\n    <li>Revisa si el sistema contable importar\u00e1 las transacciones correctamente.<\/li>\n    <li>Haz clic en el bot\u00f3n de importar.<br\/>\n<\/li>\n    <li>Verifica que el saldo final del banco en el sistema contable coincida con el saldo del estado de cuenta.<\/li>\n<\/ol>\t\t<\/div>\n\t\t\t\t<\/div>\n\t\t\t\t<div class=\"elementor-element elementor-element-1c9807a elementor-widget elementor-widget-text-editor\" data-id=\"1c9807a\" data-element_type=\"widget\" data-widget_type=\"text-editor.default\">\n\t\t\t\t<div class=\"elementor-widget-container\">\n\t\t\t\t\t\t\t<div class=\"ql-block\" data-block-id=\"block-d07e47dd-fd1a-4d20-b5b1-b9897ed4e0fa\">Una vez que hayas importado el estado de cuenta, podr\u00e1s ver y conciliar las transacciones en tu sistema de contabilidad.<\/div>\t\t\t\t\t\t<\/div>\n\t\t\t\t<\/div>\n\t\t\t\t\t<\/div>\n\t\t<\/div>\n\t\t\t\t<div class=\"elementor-column elementor-col-50 elementor-inner-column elementor-element elementor-element-5c67037 ot-flex-column-vertical\" data-id=\"5c67037\" data-element_type=\"column\">\n\t\t\t<div class=\"elementor-widget-wrap elementor-element-populated\">\n\t\t\t\t\t\t<div class=\"elementor-element elementor-element-cf8e79b elementor-widget elementor-widget-html\" data-id=\"cf8e79b\" data-element_type=\"widget\" data-widget_type=\"html.default\">\n\t\t\t\t<div class=\"elementor-widget-container\">\n\t\t\t<video autoplay loop muted>\r\n    <source src=\"https:\/\/kiiper.app\/wp-content\/uploads\/2024\/03\/Gif-1-6-EN-ES.mp4\" type=\"video\/mp4\">\r\n<\/video>\r\n\t\t<\/div>\n\t\t\t\t<\/div>\n\t\t\t\t\t<\/div>\n\t\t<\/div>\n\t\t\t\t\t<\/div>\n\t\t<\/section>\n\t\t\t\t<section class=\"elementor-section elementor-inner-section elementor-element elementor-element-f6beec0 elementor-section-full_width elementor-hidden-desktop ot-traditional elementor-section-height-default elementor-section-height-default\" data-id=\"f6beec0\" data-element_type=\"section\">\n\t\t\t\t\t\t<div class=\"elementor-container elementor-column-gap-default\">\n\t\t\t\t\t<div class=\"elementor-column elementor-col-50 elementor-inner-column elementor-element elementor-element-5c14364 ot-flex-column-vertical\" data-id=\"5c14364\" data-element_type=\"column\">\n\t\t\t<div class=\"elementor-widget-wrap elementor-element-populated\">\n\t\t\t\t\t\t<div class=\"elementor-element elementor-element-b04b9a3 elementor-widget__width-inherit elementor-widget elementor-widget-text-editor\" data-id=\"b04b9a3\" data-element_type=\"widget\" data-widget_type=\"text-editor.default\">\n\t\t\t\t<div class=\"elementor-widget-container\">\n\t\t\t\t\t\t\t<p>Para importar un estado de cuenta en el sistema contable, debes seguir los pasos indicados por el proveedor. Sin embargo, aqu\u00ed est\u00e1n los pasos generales para importar el estado de cuenta, que convertiste a trav\u00e9s de Kiiper, en tu sistema contable:<\/p>\t\t\t\t\t\t<\/div>\n\t\t\t\t<\/div>\n\t\t\t\t<div class=\"elementor-element elementor-element-2979cb8 elementor-widget elementor-widget-html\" data-id=\"2979cb8\" data-element_type=\"widget\" data-widget_type=\"html.default\">\n\t\t\t\t<div class=\"elementor-widget-container\">\n\t\t\t<style>\n    li {\n      position: relative;\n      padding-left: 15px;\n      margin-bottom: 10px;\n      color: #131F3E;\n      line-height: 20px;\n    }\n    li::marker {\n      color: #4A22D4;\n    }\n\n    \n    \/* Extra small devices (phones, 600px and down) *\/\n    @media only screen and (max-width: 600px) {\n        li {\n            font-size: 12px;\n        }\n    }\n    \n    \/* Medium devices (landscape tablets, 768px and up) *\/\n    @media only screen and (min-width: 768px) {\n        li {\n            font-size: 16px;\n        }\n    }\n<\/style>\n<script>\n    document.addEventListener(\"DOMContentLoaded\", function() {\n    let language = window.location.pathname.slice(0, 3) === \"\/es\" ? \"ES\" : \"EN\";\n    \n    let tagKiiper = document.getElementById(\"url-go-kiiper\");\n    \n    let url = language === \"ES\" ? \"https:\/\/go.kiiper.app\/?language=es\" : \"https:\/\/go.kiiper.app\";\n\n        tagKiiper.setAttribute(\"href\", url);\n});\n<\/script>\n<ol>\n        <li>Inicia sesi\u00f3n en el sistema contable.<\/li>\n    <li>Dir\u00edgete a la secci\u00f3n de Bancos.<\/li>\n    <li>Haz clic en el bot\u00f3n para importar un estado de cuenta.<\/li>\n    <li>Selecciona el estado de cuenta convertido a trav\u00e9s de Kiiper.<\/li>\n    <li>Revisa si el sistema contable importar\u00e1 las transacciones correctamente.<\/li>\n    <li>Haz clic en el bot\u00f3n de importar.<br\/>\n<\/li>\n    <li>Verifica que el saldo final del banco en el sistema contable coincida con el saldo del estado de cuenta.<\/li>\n<\/ol>\t\t<\/div>\n\t\t\t\t<\/div>\n\t\t\t\t<div class=\"elementor-element elementor-element-4e4d6ba elementor-widget elementor-widget-text-editor\" data-id=\"4e4d6ba\" data-element_type=\"widget\" data-widget_type=\"text-editor.default\">\n\t\t\t\t<div class=\"elementor-widget-container\">\n\t\t\t\t\t\t\t<div class=\"ql-block\" data-block-id=\"block-d07e47dd-fd1a-4d20-b5b1-b9897ed4e0fa\">Una vez que hayas importado el estado de cuenta, podr\u00e1s ver y conciliar las transacciones en tu sistema de contabilidad.<\/div>\t\t\t\t\t\t<\/div>\n\t\t\t\t<\/div>\n\t\t\t\t\t<\/div>\n\t\t<\/div>\n\t\t\t\t<div class=\"elementor-column elementor-col-50 elementor-inner-column elementor-element elementor-element-181eb2f ot-flex-column-vertical\" data-id=\"181eb2f\" data-element_type=\"column\">\n\t\t\t<div class=\"elementor-widget-wrap elementor-element-populated\">\n\t\t\t\t\t\t<div class=\"elementor-element elementor-element-44152c2 elementor-widget elementor-widget-html\" data-id=\"44152c2\" data-element_type=\"widget\" data-widget_type=\"html.default\">\n\t\t\t\t<div class=\"elementor-widget-container\">\n\t\t\t<video autoplay loop muted>\r\n    <source src=\"https:\/\/kiiper.app\/wp-content\/uploads\/2024\/03\/Gif-1-6-EN-ES.mp4\" type=\"video\/mp4\">\r\n<\/video>\r\n\t\t<\/div>\n\t\t\t\t<\/div>\n\t\t\t\t\t<\/div>\n\t\t<\/div>\n\t\t\t\t\t<\/div>\n\t\t<\/section>\n\t\t\t\t\t<\/div>\n\t\t<\/div>\n\t\t\t\t\t<\/div>\n\t\t<\/section>\n\t\t\t\t<section class=\"elementor-section elementor-top-section elementor-element elementor-element-2326485 ot-traditional elementor-section-boxed elementor-section-height-default elementor-section-height-default\" data-id=\"2326485\" data-element_type=\"section\">\n\t\t\t\t\t\t<div class=\"elementor-container elementor-column-gap-default\">\n\t\t\t\t\t<div class=\"elementor-column elementor-col-100 elementor-top-column elementor-element elementor-element-f0085b9 ot-flex-column-vertical\" data-id=\"f0085b9\" data-element_type=\"column\">\n\t\t\t<div class=\"elementor-widget-wrap elementor-element-populated\">\n\t\t\t\t\t\t<section class=\"elementor-section elementor-inner-section elementor-element elementor-element-a5710e6 elementor-section-full_width ot-traditional elementor-section-height-default elementor-section-height-default\" data-id=\"a5710e6\" data-element_type=\"section\">\n\t\t\t\t\t\t<div class=\"elementor-container elementor-column-gap-default\">\n\t\t\t\t\t<div class=\"elementor-column elementor-col-100 elementor-inner-column elementor-element elementor-element-f20f7a6 ot-flex-column-vertical\" data-id=\"f20f7a6\" data-element_type=\"column\">\n\t\t\t<div class=\"elementor-widget-wrap elementor-element-populated\">\n\t\t\t\t\t\t<div class=\"elementor-element elementor-element-3669d1c elementor-widget elementor-widget-text-editor\" data-id=\"3669d1c\" data-element_type=\"widget\" data-widget_type=\"text-editor.default\">\n\t\t\t\t<div class=\"elementor-widget-container\">\n\t\t\t\t\t\t\t<div class=\"ql-block\" data-block-id=\"block-d07e47dd-fd1a-4d20-b5b1-b9897ed4e0fa\">Consulta <a style=\"color: #4a22d4; font-weight: 600;\" href=\"https:\/\/kiiper.app\/es\/how-to-convert-bank-statement\/\">\u00bfC\u00f3mo convertir un estado de cuenta editable en Kiiper?<\/a>.\t\t\t\t\t\t<\/div>\n\t\t\t\t<\/div>\n\t\t\t\t\t<\/div>\n\t\t<\/div>\n\t\t\t\t\t<\/div>\n\t\t<\/section>\n\t\t\t\t<div class=\"elementor-element elementor-element-77aa57b elementor-widget elementor-widget-text-editor\" data-id=\"77aa57b\" data-element_type=\"widget\" data-widget_type=\"text-editor.default\">\n\t\t\t\t<div class=\"elementor-widget-container\">\n\t\t\t\t\t\t\tSi tienes alguna inquietud con la importaci\u00f3n de estados de cuenta, cont\u00e1ctanos a tr\u00e1ves de\n<a style=\"color: #4a22d4; font-weight: 600;\" href=\"mailto:support@kiiper.app\">support@kiiper.app<\/a>.\t\t\t\t\t\t<\/div>\n\t\t\t\t<\/div>\n\t\t\t\t<section class=\"elementor-section elementor-inner-section elementor-element elementor-element-d036c95 ot-traditional elementor-section-boxed elementor-section-height-default elementor-section-height-default\" data-id=\"d036c95\" data-element_type=\"section\">\n\t\t\t\t\t\t<div class=\"elementor-container elementor-column-gap-default\">\n\t\t\t\t\t<div class=\"elementor-column elementor-col-100 elementor-inner-column elementor-element elementor-element-260cbb0 ot-flex-column-vertical\" data-id=\"260cbb0\" data-element_type=\"column\">\n\t\t\t<div class=\"elementor-widget-wrap elementor-element-populated\">\n\t\t\t\t\t\t<div class=\"elementor-element elementor-element-7423830 elementor-widget__width-inherit elementor-widget elementor-widget-heading\" data-id=\"7423830\" data-element_type=\"widget\" data-widget_type=\"heading.default\">\n\t\t\t\t<div class=\"elementor-widget-container\">\n\t\t\t<h2 class=\"elementor-heading-title elementor-size-default\">Art\u00edculos relacionados<\/h2>\t\t<\/div>\n\t\t\t\t<\/div>\n\t\t\t\t\t<\/div>\n\t\t<\/div>\n\t\t\t\t\t<\/div>\n\t\t<\/section>\n\t\t\t\t<section class=\"elementor-section elementor-inner-section elementor-element elementor-element-7fe39e5 ot-traditional elementor-section-boxed elementor-section-height-default elementor-section-height-default\" data-id=\"7fe39e5\" data-element_type=\"section\">\n\t\t\t\t\t\t<div class=\"elementor-container elementor-column-gap-default\">\n\t\t\t\t\t<div class=\"elementor-column elementor-col-100 elementor-inner-column elementor-element elementor-element-3cfb066 ot-flex-column-vertical\" data-id=\"3cfb066\" data-element_type=\"column\">\n\t\t\t<div class=\"elementor-widget-wrap elementor-element-populated\">\n\t\t\t\t\t\t<div class=\"elementor-element elementor-element-e30f654 elementor-widget elementor-widget-text-editor\" data-id=\"e30f654\" data-element_type=\"widget\" data-widget_type=\"text-editor.default\">\n\t\t\t\t<div class=\"elementor-widget-container\">\n\t\t\t\t\t\t\t<a style=\"color: #4a22d4;\" href=\"https:\/\/kiiper.app\/es\/how-to-convert-bank-statement\/\">\u00bfC\u00f3mo convertir un estado de cuenta editable en Kiiper?\n<\/a>\t\t\t\t\t\t<\/div>\n\t\t\t\t<\/div>\n\t\t\t\t\t<\/div>\n\t\t<\/div>\n\t\t\t\t\t<\/div>\n\t\t<\/section>\n\t\t\t\t<section class=\"elementor-section elementor-inner-section elementor-element elementor-element-7278995 ot-traditional elementor-section-boxed elementor-section-height-default elementor-section-height-default\" data-id=\"7278995\" data-element_type=\"section\">\n\t\t\t\t\t\t<div class=\"elementor-container elementor-column-gap-default\">\n\t\t\t\t\t<div class=\"elementor-column elementor-col-100 elementor-inner-column elementor-element elementor-element-7431c1c ot-flex-column-vertical\" data-id=\"7431c1c\" data-element_type=\"column\">\n\t\t\t<div class=\"elementor-widget-wrap elementor-element-populated\">\n\t\t\t\t\t\t<div class=\"elementor-element elementor-element-a8caa95 elementor-widget elementor-widget-text-editor\" data-id=\"a8caa95\" data-element_type=\"widget\" data-widget_type=\"text-editor.default\">\n\t\t\t\t<div class=\"elementor-widget-container\">\n\t\t\t\t\t\t\t<a style=\"color: #4a22d4;\" href=\"https:\/\/kiiper.app\/es\/how-to-integrate-xero\/\">\u00bfC\u00f3mo integrar Kiiper y Xero?\n<\/a>\t\t\t\t\t\t<\/div>\n\t\t\t\t<\/div>\n\t\t\t\t\t<\/div>\n\t\t<\/div>\n\t\t\t\t\t<\/div>\n\t\t<\/section>\n\t\t\t\t\t<\/div>\n\t\t<\/div>\n\t\t\t\t\t<\/div>\n\t\t<\/section>\n\t\t\t\t<\/div>","protected":false},"excerpt":{"rendered":"<p>Knowledge base Knowledge base Knowledge base Home \/ Resources \/ Knowledge base \/ Getting started \/ How to import bank statement into accounting software?Home \/ Resources \/ Knowledge base \/ Getting started \/ How to import bank statement into accounting software? How to import bank statement into accounting software? To import a bank statement into [&hellip;]<\/p>","protected":false},"author":1,"featured_media":0,"parent":0,"menu_order":0,"comment_status":"closed","ping_status":"closed","template":"","meta":{"_monsterinsights_skip_tracking":false,"_monsterinsights_sitenote_active":false,"_monsterinsights_sitenote_note":"","_monsterinsights_sitenote_category":0,"footnotes":""},"aioseo_notices":[],"_links":{"self":[{"href":"https:\/\/kiiper.app\/es\/wp-json\/wp\/v2\/pages\/14445"}],"collection":[{"href":"https:\/\/kiiper.app\/es\/wp-json\/wp\/v2\/pages"}],"about":[{"href":"https:\/\/kiiper.app\/es\/wp-json\/wp\/v2\/types\/page"}],"author":[{"embeddable":true,"href":"https:\/\/kiiper.app\/es\/wp-json\/wp\/v2\/users\/1"}],"replies":[{"embeddable":true,"href":"https:\/\/kiiper.app\/es\/wp-json\/wp\/v2\/comments?post=14445"}],"version-history":[{"count":19,"href":"https:\/\/kiiper.app\/es\/wp-json\/wp\/v2\/pages\/14445\/revisions"}],"predecessor-version":[{"id":15247,"href":"https:\/\/kiiper.app\/es\/wp-json\/wp\/v2\/pages\/14445\/revisions\/15247"}],"wp:attachment":[{"href":"https:\/\/kiiper.app\/es\/wp-json\/wp\/v2\/media?parent=14445"}],"curies":[{"name":"wp","href":"https:\/\/api.w.org\/{rel}","templated":true}]}}