{"id":14392,"date":"2024-03-05T20:31:11","date_gmt":"2024-03-05T20:31:11","guid":{"rendered":"https:\/\/kiiper.app\/?page_id=14392"},"modified":"2024-03-11T20:02:12","modified_gmt":"2024-03-11T20:02:12","slug":"how-to-create-account","status":"publish","type":"page","link":"https:\/\/kiiper.app\/es\/how-to-create-account\/","title":{"rendered":"\u00bfC\u00f3mo crear una cuenta en Kiiper?"},"content":{"rendered":"<div data-elementor-type=\"wp-page\" data-elementor-id=\"14392\" class=\"elementor elementor-14392\">\n\t\t\t\t\t\t<section class=\"elementor-section elementor-top-section elementor-element elementor-element-d940151 elementor-section-content-middle elementor-section-full_width elementor-hidden-tablet elementor-hidden-mobile ot-traditional elementor-section-height-default elementor-section-height-default\" data-id=\"d940151\" data-element_type=\"section\" data-settings=\"{&quot;background_background&quot;:&quot;classic&quot;}\">\n\t\t\t\t\t\t<div class=\"elementor-container elementor-column-gap-extended\">\n\t\t\t\t\t<div class=\"elementor-column elementor-col-100 elementor-top-column elementor-element elementor-element-5e1f195 ot-flex-column-vertical\" data-id=\"5e1f195\" data-element_type=\"column\">\n\t\t\t<div class=\"elementor-widget-wrap elementor-element-populated\">\n\t\t\t\t\t\t<div class=\"elementor-element elementor-element-28600d5 elementor-widget__width-initial elementor-widget-tablet__width-initial elementor-widget elementor-widget-heading\" data-id=\"28600d5\" data-element_type=\"widget\" data-widget_type=\"heading.default\">\n\t\t\t\t<div class=\"elementor-widget-container\">\n\t\t\t<h1 class=\"elementor-heading-title elementor-size-default\"><span>Base de conocimientos<\/span><\/h1>\t\t<\/div>\n\t\t\t\t<\/div>\n\t\t\t\t\t<\/div>\n\t\t<\/div>\n\t\t\t\t\t<\/div>\n\t\t<\/section>\n\t\t\t\t<section class=\"elementor-section elementor-top-section elementor-element elementor-element-4273843 elementor-section-content-middle elementor-section-full_width elementor-hidden-tablet elementor-hidden-desktop ot-traditional elementor-section-height-default elementor-section-height-default\" data-id=\"4273843\" data-element_type=\"section\" data-settings=\"{&quot;background_background&quot;:&quot;classic&quot;}\">\n\t\t\t\t\t\t<div class=\"elementor-container elementor-column-gap-extended\">\n\t\t\t\t\t<div class=\"elementor-column elementor-col-100 elementor-top-column elementor-element elementor-element-ef5df6f ot-flex-column-vertical\" data-id=\"ef5df6f\" data-element_type=\"column\">\n\t\t\t<div class=\"elementor-widget-wrap elementor-element-populated\">\n\t\t\t\t\t\t<div class=\"elementor-element elementor-element-94dab47 elementor-widget__width-initial elementor-widget-tablet__width-initial elementor-widget elementor-widget-heading\" data-id=\"94dab47\" data-element_type=\"widget\" data-widget_type=\"heading.default\">\n\t\t\t\t<div class=\"elementor-widget-container\">\n\t\t\t<h1 class=\"elementor-heading-title elementor-size-default\"><span>Base de conocimientos<\/span>\n<\/h1>\t\t<\/div>\n\t\t\t\t<\/div>\n\t\t\t\t\t<\/div>\n\t\t<\/div>\n\t\t\t\t\t<\/div>\n\t\t<\/section>\n\t\t\t\t<section class=\"elementor-section elementor-top-section elementor-element elementor-element-9314a60 elementor-section-content-middle elementor-section-full_width elementor-hidden-mobile elementor-hidden-desktop ot-traditional elementor-section-height-default elementor-section-height-default\" data-id=\"9314a60\" data-element_type=\"section\" data-settings=\"{&quot;background_background&quot;:&quot;classic&quot;}\">\n\t\t\t\t\t\t<div class=\"elementor-container elementor-column-gap-extended\">\n\t\t\t\t\t<div class=\"elementor-column elementor-col-100 elementor-top-column elementor-element elementor-element-45180ff ot-flex-column-vertical\" data-id=\"45180ff\" data-element_type=\"column\">\n\t\t\t<div class=\"elementor-widget-wrap elementor-element-populated\">\n\t\t\t\t\t\t<div class=\"elementor-element elementor-element-999c009 elementor-widget__width-initial elementor-widget-tablet__width-initial elementor-widget elementor-widget-heading\" data-id=\"999c009\" data-element_type=\"widget\" data-widget_type=\"heading.default\">\n\t\t\t\t<div class=\"elementor-widget-container\">\n\t\t\t<h1 class=\"elementor-heading-title elementor-size-default\"><span>Base de conocimientos<\/span>\n<\/h1>\t\t<\/div>\n\t\t\t\t<\/div>\n\t\t\t\t\t<\/div>\n\t\t<\/div>\n\t\t\t\t\t<\/div>\n\t\t<\/section>\n\t\t\t\t<section class=\"elementor-section elementor-top-section elementor-element elementor-element-80e2383 elementor-hidden-mobile ot-traditional elementor-section-boxed elementor-section-height-default elementor-section-height-default\" data-id=\"80e2383\" data-element_type=\"section\">\n\t\t\t\t\t\t<div class=\"elementor-container elementor-column-gap-default\">\n\t\t\t\t\t<div class=\"elementor-column elementor-col-100 elementor-top-column elementor-element elementor-element-10362ff ot-flex-column-vertical\" data-id=\"10362ff\" data-element_type=\"column\">\n\t\t\t<div class=\"elementor-widget-wrap elementor-element-populated\">\n\t\t\t\t\t\t<div class=\"elementor-element elementor-element-0ee01d3 elementor-widget elementor-widget-text-editor\" data-id=\"0ee01d3\" data-element_type=\"widget\" data-widget_type=\"text-editor.default\">\n\t\t\t\t<div class=\"elementor-widget-container\">\n\t\t\t\t\t\t\t<a style=\"color: #131f3e;\" href=\"https:\/\/kiiper.app\/es\/\">Home<\/a> \/ Recursos \/ <a style=\"color: #131f3e;\" href=\"https:\/\/kiiper.app\/es\/knowledge-base\/\">Base de conocimientos<\/a> \/ <a style=\"color: #131f3e;\" href=\"https:\/\/kiiper.app\/es\/getting-started\/\">\u00bfC\u00f3mo comenzar?<\/a> \/ <span style=\"color: #4a22d4;\">\u00bfC\u00f3mo crear una cuenta en Kiiper?<\/span>\t\t\t\t\t\t<\/div>\n\t\t\t\t<\/div>\n\t\t\t\t\t<\/div>\n\t\t<\/div>\n\t\t\t\t\t<\/div>\n\t\t<\/section>\n\t\t\t\t<section class=\"elementor-section elementor-top-section elementor-element elementor-element-0c91121 elementor-hidden-desktop elementor-hidden-tablet ot-traditional elementor-section-boxed elementor-section-height-default elementor-section-height-default\" data-id=\"0c91121\" data-element_type=\"section\">\n\t\t\t\t\t\t<div class=\"elementor-container elementor-column-gap-default\">\n\t\t\t\t\t<div class=\"elementor-column elementor-col-100 elementor-top-column elementor-element elementor-element-b2bac44 ot-flex-column-vertical\" data-id=\"b2bac44\" data-element_type=\"column\">\n\t\t\t<div class=\"elementor-widget-wrap elementor-element-populated\">\n\t\t\t\t\t\t<div class=\"elementor-element elementor-element-446ae1f elementor-widget elementor-widget-text-editor\" data-id=\"446ae1f\" data-element_type=\"widget\" data-widget_type=\"text-editor.default\">\n\t\t\t\t<div class=\"elementor-widget-container\">\n\t\t\t\t\t\t\t<a style=\"color: #131f3e;\" href=\"https:\/\/kiiper.app\/es\/\">Home<\/a> \/ Recursos \/ <a style=\"color: #131f3e;\" href=\"https:\/\/kiiper.app\/es\/knowledge-base\/\">Base de conocimientos<\/a> \/ <a style=\"color: #131f3e;\" href=\"https:\/\/kiiper.app\/es\/getting-started\/\">\u00bfC\u00f3mo comenzar?<\/a> \/ <span style=\"color: #4a22d4;\">\u00bfC\u00f3mo crear una cuenta en Kiiper?<\/span>\t\t\t\t\t\t<\/div>\n\t\t\t\t<\/div>\n\t\t\t\t\t<\/div>\n\t\t<\/div>\n\t\t\t\t\t<\/div>\n\t\t<\/section>\n\t\t\t\t<section class=\"elementor-section elementor-top-section elementor-element elementor-element-09d4e89 ot-traditional elementor-section-boxed elementor-section-height-default elementor-section-height-default\" data-id=\"09d4e89\" data-element_type=\"section\">\n\t\t\t\t\t\t<div class=\"elementor-container elementor-column-gap-default\">\n\t\t\t\t\t<div class=\"elementor-column elementor-col-100 elementor-top-column elementor-element elementor-element-3e3bde4 ot-flex-column-vertical\" data-id=\"3e3bde4\" data-element_type=\"column\">\n\t\t\t<div class=\"elementor-widget-wrap elementor-element-populated\">\n\t\t\t\t\t\t<div class=\"elementor-element elementor-element-55f0e14 elementor-widget elementor-widget-heading\" data-id=\"55f0e14\" data-element_type=\"widget\" data-widget_type=\"heading.default\">\n\t\t\t\t<div class=\"elementor-widget-container\">\n\t\t\t<h2 class=\"elementor-heading-title elementor-size-default\">\u00bfC\u00f3mo crear una cuenta en Kiiper?<\/h2>\t\t<\/div>\n\t\t\t\t<\/div>\n\t\t\t\t<section class=\"elementor-section elementor-inner-section elementor-element elementor-element-4893462 elementor-section-full_width ot-traditional elementor-section-height-default elementor-section-height-default\" data-id=\"4893462\" data-element_type=\"section\">\n\t\t\t\t\t\t<div class=\"elementor-container elementor-column-gap-default\">\n\t\t\t\t\t<div class=\"elementor-column elementor-col-50 elementor-inner-column elementor-element elementor-element-2861c8d ot-flex-column-vertical\" data-id=\"2861c8d\" data-element_type=\"column\">\n\t\t\t<div class=\"elementor-widget-wrap elementor-element-populated\">\n\t\t\t\t\t\t<div class=\"elementor-element elementor-element-5ad1c0f elementor-widget__width-inherit elementor-widget elementor-widget-text-editor\" data-id=\"5ad1c0f\" data-element_type=\"widget\" data-widget_type=\"text-editor.default\">\n\t\t\t\t<div class=\"elementor-widget-container\">\n\t\t\t\t\t\t\tPara crear una cuenta en Kiiper, sigue los siguientes pasos:\t\t\t\t\t\t<\/div>\n\t\t\t\t<\/div>\n\t\t\t\t<div class=\"elementor-element elementor-element-d7f8583 elementor-widget elementor-widget-html\" data-id=\"d7f8583\" data-element_type=\"widget\" data-widget_type=\"html.default\">\n\t\t\t\t<div class=\"elementor-widget-container\">\n\t\t\t<style>\n    li {\n      position: relative;\n      padding-left: 15px;\n      margin-bottom: 10px;\n      color: #131F3E;\n      line-height: 25px;\n    }\n    li::marker {\n      color: #4A22D4;\n    }\n\n    \n    \/* Extra small devices (phones, 600px and down) *\/\n    @media only screen and (max-width: 600px) {\n        li {\n            font-size: 12px;\n        }\n    }\n    \n    \/* Medium devices (landscape tablets, 768px and up) *\/\n    @media only screen and (min-width: 768px) {\n        li {\n            font-size: 16px;\n        }\n    }\n<\/style>\n<script>\n    document.addEventListener(\"DOMContentLoaded\", function() {\n    let language = window.location.pathname.slice(0, 3) === \"\/es\" ? \"ES\" : \"EN\";\n    \n    let tagKiiper = document.getElementById(\"url-go-kiiper\");\n    \n    let url = language === \"ES\" ? \"https:\/\/go.kiiper.app\/?language=es\" : \"https:\/\/go.kiiper.app\";\n\n        tagKiiper.setAttribute(\"href\", url);\n});\n<\/script>\n<ol>\n        <li>Dir\u00edgete a <a id=\"url-go-kiiper\" href=\"https:\/\/go.kiiper.app\" style=\"color: #4A22D4 !important;\" target=\"_blank\">go.kiiper.app<\/a> y haz clic en el bot\u00f3n <b>Prueba Kiiper gratis<\/b> <span><\/span><\/li>\n\n    <li>Ingresa tu nombre y correo electr\u00f3nico.<\/li>\n    <li>Revisa los <a style=\"color: #4a22d4 !important;\" href=\"https:\/\/kiiper.app\/es\/terms-and-conditions\/\" target=\"_blank\" rel=\"noopener\">T\u00e9rminos y Condiciones de Servicio<\/a> y la <a style=\"color: #4a22d4 !important;\" href=\"https:\/\/kiiper.app\/es\/privacy-policies\/\" target=\"_blank\" rel=\"noopener\">Pol\u00edtica de Privacidad<\/a>, marca el checkbox de aceptaci\u00f3n y haz clic en el bot\u00f3n <b>Prueba Kiiper gratis<\/b> <span><\/span><\/li>\n<\/ol>\t\t<\/div>\n\t\t\t\t<\/div>\n\t\t\t\t<div class=\"elementor-element elementor-element-1c9807a elementor-widget elementor-widget-text-editor\" data-id=\"1c9807a\" data-element_type=\"widget\" data-widget_type=\"text-editor.default\">\n\t\t\t\t<div class=\"elementor-widget-container\">\n\t\t\t\t\t\t\t<div class=\"ql-block\" data-block-id=\"block-d07e47dd-fd1a-4d20-b5b1-b9897ed4e0fa\">Recibir\u00e1s un correo electr\u00f3nico de Kiiper, con un v\u00ednculo para confirmar tu correo y activar tu cuenta.<\/div>\t\t\t\t\t\t<\/div>\n\t\t\t\t<\/div>\n\t\t\t\t\t<\/div>\n\t\t<\/div>\n\t\t\t\t<div class=\"elementor-column elementor-col-50 elementor-inner-column elementor-element elementor-element-5c67037 ot-flex-column-vertical\" data-id=\"5c67037\" data-element_type=\"column\">\n\t\t\t<div class=\"elementor-widget-wrap elementor-element-populated\">\n\t\t\t\t\t\t<div class=\"elementor-element elementor-element-88d1f30 elementor-widget elementor-widget-html\" data-id=\"88d1f30\" data-element_type=\"widget\" data-widget_type=\"html.default\">\n\t\t\t\t<div class=\"elementor-widget-container\">\n\t\t\t<style>.elementor-element-88d1f30{display:none !important}<\/style>\t\t<\/div>\n\t\t\t\t<\/div>\n\t\t\t\t<div class=\"elementor-element elementor-element-78d319b elementor-widget elementor-widget-html\" data-id=\"78d319b\" data-element_type=\"widget\" data-widget_type=\"html.default\">\n\t\t\t\t<div class=\"elementor-widget-container\">\n\t\t\t<video autoplay loop muted>\r\n    <source src=\"https:\/\/kiiper.app\/wp-content\/uploads\/2024\/03\/gif-1-1-ES.mp4\" type=\"video\/mp4\">\r\n<\/video>\r\n\t\t<\/div>\n\t\t\t\t<\/div>\n\t\t\t\t\t<\/div>\n\t\t<\/div>\n\t\t\t\t\t<\/div>\n\t\t<\/section>\n\t\t\t\t\t<\/div>\n\t\t<\/div>\n\t\t\t\t\t<\/div>\n\t\t<\/section>\n\t\t\t\t<section class=\"elementor-section elementor-top-section elementor-element elementor-element-2326485 ot-traditional elementor-section-boxed elementor-section-height-default elementor-section-height-default\" data-id=\"2326485\" data-element_type=\"section\">\n\t\t\t\t\t\t<div class=\"elementor-container elementor-column-gap-default\">\n\t\t\t\t\t<div class=\"elementor-column elementor-col-100 elementor-top-column elementor-element elementor-element-f0085b9 ot-flex-column-vertical\" data-id=\"f0085b9\" data-element_type=\"column\">\n\t\t\t<div class=\"elementor-widget-wrap elementor-element-populated\">\n\t\t\t\t\t\t<section class=\"elementor-section elementor-inner-section elementor-element elementor-element-a5710e6 elementor-section-full_width ot-traditional elementor-section-height-default elementor-section-height-default\" data-id=\"a5710e6\" data-element_type=\"section\">\n\t\t\t\t\t\t<div class=\"elementor-container elementor-column-gap-default\">\n\t\t\t\t\t<div class=\"elementor-column elementor-col-50 elementor-inner-column elementor-element elementor-element-f20f7a6 ot-flex-column-vertical\" data-id=\"f20f7a6\" data-element_type=\"column\">\n\t\t\t<div class=\"elementor-widget-wrap elementor-element-populated\">\n\t\t\t\t\t\t<div class=\"elementor-element elementor-element-5dd7f3a elementor-widget elementor-widget-html\" data-id=\"5dd7f3a\" data-element_type=\"widget\" data-widget_type=\"html.default\">\n\t\t\t\t<div class=\"elementor-widget-container\">\n\t\t\t<style>\n    li {\n      position: relative;\n      padding-left: 15px;\n      margin-bottom: 10px;\n      color: #131F3E;\n      line-height: 25px;\n    }\n    li::marker {\n      color: #4A22D4;\n    }\n    \n    \/* Extra small devices (phones, 600px and down) *\/\n    @media only screen and (max-width: 600px) {\n        li {\n            font-size: 12px;\n        }\n    }\n    \n    \/* Medium devices (landscape tablets, 768px and up) *\/\n    @media only screen and (min-width: 768px) {\n        li {\n            font-size: 16px;\n        }\n    }\n<\/style>\n<ol start=\"4\">\n    <li>Haz clic en el bot\u00f3n <b>Confirma tu correo electr\u00f3nico<\/b> para activar tu cuenta.<\/li>\n    <li>Completa el primer formulario con tus datos y establece tu contrase\u00f1a, luego haz clic en el bot\u00f3n <b>Contin\u00faa.<\/b> <span><\/span><\/li>\n    <li>Completa los datos de tu suscripci\u00f3n de prueba y presiona el bot\u00f3n <b>Crea tu cuenta.<\/b> <span><\/span><\/li>\n<\/ol>\t\t<\/div>\n\t\t\t\t<\/div>\n\t\t\t\t<div class=\"elementor-element elementor-element-4fe900d elementor-widget elementor-widget-text-editor\" data-id=\"4fe900d\" data-element_type=\"widget\" data-widget_type=\"text-editor.default\">\n\t\t\t\t<div class=\"elementor-widget-container\">\n\t\t\t\t\t\t\t<div class=\"ql-block\" data-block-id=\"block-d07e47dd-fd1a-4d20-b5b1-b9897ed4e0fa\">Recibir\u00e1s un correo electr\u00f3nico de bienvenida a Kiiper, con los primeros pasos para disfrutar tu Prueba gratuita.<\/div>\t\t\t\t\t\t<\/div>\n\t\t\t\t<\/div>\n\t\t\t\t\t<\/div>\n\t\t<\/div>\n\t\t\t\t<div class=\"elementor-column elementor-col-50 elementor-inner-column elementor-element elementor-element-67ee6ae ot-flex-column-vertical\" data-id=\"67ee6ae\" data-element_type=\"column\">\n\t\t\t<div class=\"elementor-widget-wrap elementor-element-populated\">\n\t\t\t\t\t\t<div class=\"elementor-element elementor-element-f07f1ae elementor-widget elementor-widget-html\" data-id=\"f07f1ae\" data-element_type=\"widget\" data-widget_type=\"html.default\">\n\t\t\t\t<div class=\"elementor-widget-container\">\n\t\t\t<style>.elementor-element-f07f1ae{display:none !important}<\/style>\t\t<\/div>\n\t\t\t\t<\/div>\n\t\t\t\t<div class=\"elementor-element elementor-element-7358112 elementor-widget elementor-widget-html\" data-id=\"7358112\" data-element_type=\"widget\" data-widget_type=\"html.default\">\n\t\t\t\t<div class=\"elementor-widget-container\">\n\t\t\t<video autoplay loop muted>\r\n    <source src=\"https:\/\/kiiper.app\/wp-content\/uploads\/2024\/03\/gif-2-1-ES.mp4\" type=\"video\/mp4\">\r\n<\/video>\t\t<\/div>\n\t\t\t\t<\/div>\n\t\t\t\t\t<\/div>\n\t\t<\/div>\n\t\t\t\t\t<\/div>\n\t\t<\/section>\n\t\t\t\t<div class=\"elementor-element elementor-element-b2b3eca elementor-widget elementor-widget-heading\" data-id=\"b2b3eca\" data-element_type=\"widget\" data-widget_type=\"heading.default\">\n\t\t\t\t<div class=\"elementor-widget-container\">\n\t\t\t<h2 class=\"elementor-heading-title elementor-size-default\">Consejos para crear tu cuenta en Kiiper:<\/h2>\t\t<\/div>\n\t\t\t\t<\/div>\n\t\t\t\t<div class=\"elementor-element elementor-element-a7d9cb2 elementor-icon-list--layout-traditional elementor-list-item-link-full_width elementor-widget elementor-widget-icon-list\" data-id=\"a7d9cb2\" data-element_type=\"widget\" data-widget_type=\"icon-list.default\">\n\t\t\t\t<div class=\"elementor-widget-container\">\n\t\t\t\t\t<ul class=\"elementor-icon-list-items\">\n\t\t\t\t\t\t\t<li class=\"elementor-icon-list-item\">\n\t\t\t\t\t\t\t\t\t\t\t<span class=\"elementor-icon-list-icon\">\n\t\t\t\t\t\t\t<svg xmlns=\"http:\/\/www.w3.org\/2000\/svg\" width=\"5\" height=\"5\" viewbox=\"0 0 5 5\" fill=\"none\"><path d=\"M2.32238 3.22241L1.53215 2.445L1.26306 2.70787L2.32238 3.75L4.59639 1.51286L4.3292 1.25L2.32238 3.22241Z\" fill=\"#309E48\" stroke=\"#4A22D4\" stroke-width=\"0.5\"><\/path><\/svg>\t\t\t\t\t\t<\/span>\n\t\t\t\t\t\t\t\t\t\t<span class=\"elementor-icon-list-text\">Crea una contrase\u00f1a robusta. La contrase\u00f1a debe tener al menos 8 caracteres de longitud y debe incluir una combinaci\u00f3n de letras may\u00fasculas y min\u00fasculas, n\u00fameros y s\u00edmbolos.<\/span>\n\t\t\t\t\t\t\t\t\t<\/li>\n\t\t\t\t\t\t\t\t<li class=\"elementor-icon-list-item\">\n\t\t\t\t\t\t\t\t\t\t\t<span class=\"elementor-icon-list-icon\">\n\t\t\t\t\t\t\t<svg xmlns=\"http:\/\/www.w3.org\/2000\/svg\" width=\"5\" height=\"5\" viewbox=\"0 0 5 5\" fill=\"none\"><path d=\"M2.32238 3.22241L1.53215 2.445L1.26306 2.70787L2.32238 3.75L4.59639 1.51286L4.3292 1.25L2.32238 3.22241Z\" fill=\"#309E48\" stroke=\"#4A22D4\" stroke-width=\"0.5\"><\/path><\/svg>\t\t\t\t\t\t<\/span>\n\t\t\t\t\t\t\t\t\t\t<span class=\"elementor-icon-list-text\">No compartas la informaci\u00f3n de tu cuenta Kiiper, incluyendo la contrase\u00f1a, con alguien en quien no conf\u00edes.<\/span>\n\t\t\t\t\t\t\t\t\t<\/li>\n\t\t\t\t\t\t<\/ul>\n\t\t\t\t<\/div>\n\t\t\t\t<\/div>\n\t\t\t\t<div class=\"elementor-element elementor-element-77aa57b elementor-widget elementor-widget-text-editor\" data-id=\"77aa57b\" data-element_type=\"widget\" data-widget_type=\"text-editor.default\">\n\t\t\t\t<div class=\"elementor-widget-container\">\n\t\t\t\t\t\t\tSi tienes alguna inquietud con la creaci\u00f3n de tu cuenta en Kiiper, cont\u00e1ctanos a tr\u00e1ves de \n<a style=\"color: #4a22d4; font-weight: 600;\" href=\"mailto:support@kiiper.app\">support@kiiper.app<\/a>.\t\t\t\t\t\t<\/div>\n\t\t\t\t<\/div>\n\t\t\t\t<section class=\"elementor-section elementor-inner-section elementor-element elementor-element-d036c95 ot-traditional elementor-section-boxed elementor-section-height-default elementor-section-height-default\" data-id=\"d036c95\" data-element_type=\"section\">\n\t\t\t\t\t\t<div class=\"elementor-container elementor-column-gap-default\">\n\t\t\t\t\t<div class=\"elementor-column elementor-col-100 elementor-inner-column elementor-element elementor-element-a2882f6 ot-flex-column-vertical\" data-id=\"a2882f6\" data-element_type=\"column\">\n\t\t\t<div class=\"elementor-widget-wrap\">\n\t\t\t\t\t\t\t<\/div>\n\t\t<\/div>\n\t\t\t\t\t<\/div>\n\t\t<\/section>\n\t\t\t\t<div class=\"elementor-element elementor-element-7423830 elementor-widget__width-inherit elementor-widget elementor-widget-heading\" data-id=\"7423830\" data-element_type=\"widget\" data-widget_type=\"heading.default\">\n\t\t\t\t<div class=\"elementor-widget-container\">\n\t\t\t<h2 class=\"elementor-heading-title elementor-size-default\">Art\u00edculos relacionados<\/h2>\t\t<\/div>\n\t\t\t\t<\/div>\n\t\t\t\t<section class=\"elementor-section elementor-inner-section elementor-element elementor-element-7fe39e5 ot-traditional elementor-section-boxed elementor-section-height-default elementor-section-height-default\" data-id=\"7fe39e5\" data-element_type=\"section\">\n\t\t\t\t\t\t<div class=\"elementor-container elementor-column-gap-default\">\n\t\t\t\t\t<div class=\"elementor-column elementor-col-100 elementor-inner-column elementor-element elementor-element-3cfb066 ot-flex-column-vertical\" data-id=\"3cfb066\" data-element_type=\"column\">\n\t\t\t<div class=\"elementor-widget-wrap elementor-element-populated\">\n\t\t\t\t\t\t<div class=\"elementor-element elementor-element-e30f654 elementor-widget elementor-widget-text-editor\" data-id=\"e30f654\" data-element_type=\"widget\" data-widget_type=\"text-editor.default\">\n\t\t\t\t<div class=\"elementor-widget-container\">\n\t\t\t\t\t\t\t<a style=\"color: #4a22d4;\" href=\"https:\/\/kiiper.app\/es\/how-to-access-kiiper\/\">\u00bfC\u00f3mo acceder a Kiiper?\n<\/a>\t\t\t\t\t\t<\/div>\n\t\t\t\t<\/div>\n\t\t\t\t\t<\/div>\n\t\t<\/div>\n\t\t\t\t\t<\/div>\n\t\t<\/section>\n\t\t\t\t<section class=\"elementor-section elementor-inner-section elementor-element elementor-element-7278995 ot-traditional elementor-section-boxed elementor-section-height-default elementor-section-height-default\" data-id=\"7278995\" data-element_type=\"section\">\n\t\t\t\t\t\t<div class=\"elementor-container elementor-column-gap-default\">\n\t\t\t\t\t<div class=\"elementor-column elementor-col-100 elementor-inner-column elementor-element elementor-element-7431c1c ot-flex-column-vertical\" data-id=\"7431c1c\" data-element_type=\"column\">\n\t\t\t<div class=\"elementor-widget-wrap elementor-element-populated\">\n\t\t\t\t\t\t<div class=\"elementor-element elementor-element-a8caa95 elementor-widget elementor-widget-text-editor\" data-id=\"a8caa95\" data-element_type=\"widget\" data-widget_type=\"text-editor.default\">\n\t\t\t\t<div class=\"elementor-widget-container\">\n\t\t\t\t\t\t\t<a style=\"color: #4A22D4\" href=\"https:\/\/kiiper.app\/es\/how-to-register-bank-account\/\">\u00bfC\u00f3mo registrar cuentas bancarias en Kiiper?\n<\/a>\t\t\t\t\t\t<\/div>\n\t\t\t\t<\/div>\n\t\t\t\t\t<\/div>\n\t\t<\/div>\n\t\t\t\t\t<\/div>\n\t\t<\/section>\n\t\t\t\t\t<\/div>\n\t\t<\/div>\n\t\t\t\t\t<\/div>\n\t\t<\/section>\n\t\t\t\t<\/div>","protected":false},"excerpt":{"rendered":"<p>Knowledge base Knowledge base Knowledge base Home \/ Resources \/ Knowledge base \/ Getting started \/ How to create a Kiiper account?Home \/ Resources \/ Knowledge base \/ Getting started \/ How to create a Kiiper account? How to create a Kiiper account? To create a Kiiper account, you can follow these steps: Go to [&hellip;]<\/p>","protected":false},"author":1,"featured_media":0,"parent":0,"menu_order":0,"comment_status":"closed","ping_status":"closed","template":"","meta":{"_monsterinsights_skip_tracking":false,"_monsterinsights_sitenote_active":false,"_monsterinsights_sitenote_note":"","_monsterinsights_sitenote_category":0,"footnotes":""},"aioseo_notices":[],"_links":{"self":[{"href":"https:\/\/kiiper.app\/es\/wp-json\/wp\/v2\/pages\/14392"}],"collection":[{"href":"https:\/\/kiiper.app\/es\/wp-json\/wp\/v2\/pages"}],"about":[{"href":"https:\/\/kiiper.app\/es\/wp-json\/wp\/v2\/types\/page"}],"author":[{"embeddable":true,"href":"https:\/\/kiiper.app\/es\/wp-json\/wp\/v2\/users\/1"}],"replies":[{"embeddable":true,"href":"https:\/\/kiiper.app\/es\/wp-json\/wp\/v2\/comments?post=14392"}],"version-history":[{"count":82,"href":"https:\/\/kiiper.app\/es\/wp-json\/wp\/v2\/pages\/14392\/revisions"}],"predecessor-version":[{"id":15127,"href":"https:\/\/kiiper.app\/es\/wp-json\/wp\/v2\/pages\/14392\/revisions\/15127"}],"wp:attachment":[{"href":"https:\/\/kiiper.app\/es\/wp-json\/wp\/v2\/media?parent=14392"}],"curies":[{"name":"wp","href":"https:\/\/api.w.org\/{rel}","templated":true}]}}