{"id":14030,"date":"2024-03-04T15:57:36","date_gmt":"2024-03-04T15:57:36","guid":{"rendered":"https:\/\/kiiper.app\/?page_id=14030"},"modified":"2024-03-13T18:38:41","modified_gmt":"2024-03-13T18:38:41","slug":"troubleshooting-question3","status":"publish","type":"page","link":"https:\/\/kiiper.app\/es\/troubleshooting-question3\/","title":{"rendered":"Soluci\u00f3n de problemas"},"content":{"rendered":"<div data-elementor-type=\"wp-page\" data-elementor-id=\"14030\" class=\"elementor elementor-14030\">\n\t\t\t\t\t\t<section class=\"elementor-section elementor-top-section elementor-element elementor-element-d940151 elementor-section-content-middle elementor-section-full_width elementor-hidden-tablet elementor-hidden-mobile ot-traditional elementor-section-height-default elementor-section-height-default\" data-id=\"d940151\" data-element_type=\"section\" data-settings=\"{&quot;background_background&quot;:&quot;classic&quot;}\">\n\t\t\t\t\t\t<div class=\"elementor-container elementor-column-gap-extended\">\n\t\t\t\t\t<div class=\"elementor-column elementor-col-100 elementor-top-column elementor-element elementor-element-5e1f195 ot-flex-column-vertical\" data-id=\"5e1f195\" data-element_type=\"column\">\n\t\t\t<div class=\"elementor-widget-wrap elementor-element-populated\">\n\t\t\t\t\t\t<div class=\"elementor-element elementor-element-28600d5 elementor-widget__width-initial elementor-widget-tablet__width-initial elementor-widget elementor-widget-heading\" data-id=\"28600d5\" data-element_type=\"widget\" data-widget_type=\"heading.default\">\n\t\t\t\t<div class=\"elementor-widget-container\">\n\t\t\t<h1 class=\"elementor-heading-title elementor-size-default\"><span>Soluci\u00f3n de problemas <\/span><\/h1>\t\t<\/div>\n\t\t\t\t<\/div>\n\t\t\t\t\t<\/div>\n\t\t<\/div>\n\t\t\t\t\t<\/div>\n\t\t<\/section>\n\t\t\t\t<section class=\"elementor-section elementor-top-section elementor-element elementor-element-4273843 elementor-section-content-middle elementor-section-full_width elementor-hidden-tablet elementor-hidden-desktop ot-traditional elementor-section-height-default elementor-section-height-default\" data-id=\"4273843\" data-element_type=\"section\" data-settings=\"{&quot;background_background&quot;:&quot;classic&quot;}\">\n\t\t\t\t\t\t<div class=\"elementor-container elementor-column-gap-extended\">\n\t\t\t\t\t<div class=\"elementor-column elementor-col-100 elementor-top-column elementor-element elementor-element-ef5df6f ot-flex-column-vertical\" data-id=\"ef5df6f\" data-element_type=\"column\">\n\t\t\t<div class=\"elementor-widget-wrap elementor-element-populated\">\n\t\t\t\t\t\t<div class=\"elementor-element elementor-element-94dab47 elementor-widget__width-initial elementor-widget-tablet__width-initial elementor-widget elementor-widget-heading\" data-id=\"94dab47\" data-element_type=\"widget\" data-widget_type=\"heading.default\">\n\t\t\t\t<div class=\"elementor-widget-container\">\n\t\t\t<h1 class=\"elementor-heading-title elementor-size-default\"><span>Soluci\u00f3n de problemas<\/span>\n<\/h1>\t\t<\/div>\n\t\t\t\t<\/div>\n\t\t\t\t\t<\/div>\n\t\t<\/div>\n\t\t\t\t\t<\/div>\n\t\t<\/section>\n\t\t\t\t<section class=\"elementor-section elementor-top-section elementor-element elementor-element-9314a60 elementor-section-content-middle elementor-section-full_width elementor-hidden-mobile elementor-hidden-desktop ot-traditional elementor-section-height-default elementor-section-height-default\" data-id=\"9314a60\" data-element_type=\"section\" data-settings=\"{&quot;background_background&quot;:&quot;classic&quot;}\">\n\t\t\t\t\t\t<div class=\"elementor-container elementor-column-gap-extended\">\n\t\t\t\t\t<div class=\"elementor-column elementor-col-100 elementor-top-column elementor-element elementor-element-45180ff ot-flex-column-vertical\" data-id=\"45180ff\" data-element_type=\"column\">\n\t\t\t<div class=\"elementor-widget-wrap elementor-element-populated\">\n\t\t\t\t\t\t<div class=\"elementor-element elementor-element-999c009 elementor-widget__width-initial elementor-widget-tablet__width-initial elementor-widget elementor-widget-heading\" data-id=\"999c009\" data-element_type=\"widget\" data-widget_type=\"heading.default\">\n\t\t\t\t<div class=\"elementor-widget-container\">\n\t\t\t<h1 class=\"elementor-heading-title elementor-size-default\"><span>Soluci\u00f3n de problemas<\/span>\n<\/h1>\t\t<\/div>\n\t\t\t\t<\/div>\n\t\t\t\t\t<\/div>\n\t\t<\/div>\n\t\t\t\t\t<\/div>\n\t\t<\/section>\n\t\t\t\t<section class=\"elementor-section elementor-top-section elementor-element elementor-element-80e2383 elementor-hidden-mobile ot-traditional elementor-section-boxed elementor-section-height-default elementor-section-height-default\" data-id=\"80e2383\" data-element_type=\"section\">\n\t\t\t\t\t\t<div class=\"elementor-container elementor-column-gap-default\">\n\t\t\t\t\t<div class=\"elementor-column elementor-col-100 elementor-top-column elementor-element elementor-element-10362ff ot-flex-column-vertical\" data-id=\"10362ff\" data-element_type=\"column\">\n\t\t\t<div class=\"elementor-widget-wrap elementor-element-populated\">\n\t\t\t\t\t\t<div class=\"elementor-element elementor-element-0ee01d3 elementor-widget elementor-widget-text-editor\" data-id=\"0ee01d3\" data-element_type=\"widget\" data-widget_type=\"text-editor.default\">\n\t\t\t\t<div class=\"elementor-widget-container\">\n\t\t\t\t\t\t\t<a style=\"color: #131f3e;\" href=\"https:\/\/kiiper.app\/es\/\">Home<\/a> \/ Recursos \/ <a style=\"color: #131f3e;\" href=\"https:\/\/kiiper.app\/es\/knowledge-base\/\">Base de conocimientos<\/a> \/ <a style=\"color: #131f3e;\" href=\"https:\/\/kiiper.app\/es\/troubleshooting\/\">Soluci\u00f3n de problemas<\/a> \/ <span style=\"color: #4a22d4;\">No aparece en los paneles de control una cuenta bancaria registrada en Xero\t\t\t\t\t\t<\/div>\n\t\t\t\t<\/div>\n\t\t\t\t\t<\/div>\n\t\t<\/div>\n\t\t\t\t\t<\/div>\n\t\t<\/section>\n\t\t\t\t<section class=\"elementor-section elementor-top-section elementor-element elementor-element-0c91121 elementor-hidden-desktop elementor-hidden-tablet ot-traditional elementor-section-boxed elementor-section-height-default elementor-section-height-default\" data-id=\"0c91121\" data-element_type=\"section\">\n\t\t\t\t\t\t<div class=\"elementor-container elementor-column-gap-default\">\n\t\t\t\t\t<div class=\"elementor-column elementor-col-100 elementor-top-column elementor-element elementor-element-b2bac44 ot-flex-column-vertical\" data-id=\"b2bac44\" data-element_type=\"column\">\n\t\t\t<div class=\"elementor-widget-wrap elementor-element-populated\">\n\t\t\t\t\t\t<div class=\"elementor-element elementor-element-446ae1f elementor-widget elementor-widget-text-editor\" data-id=\"446ae1f\" data-element_type=\"widget\" data-widget_type=\"text-editor.default\">\n\t\t\t\t<div class=\"elementor-widget-container\">\n\t\t\t\t\t\t\t<a style=\"color: #131f3e;\" href=\"https:\/\/kiiper.app\/es\/\">Home<\/a> \/ Recursos \/ <a style=\"color: #131f3e;\" href=\"https:\/\/kiiper.app\/es\/knowledge-base\/\">Base de conocimientos<\/a> \/ <a style=\"color: #131f3e;\" href=\"https:\/\/kiiper.app\/es\/troubleshooting\/\">Soluci\u00f3n de problemas<\/a> \/ <span style=\"color: #4a22d4;\">No aparece en los paneles de control una cuenta bancaria registrada en Xero\t\t\t\t\t\t<\/div>\n\t\t\t\t<\/div>\n\t\t\t\t\t<\/div>\n\t\t<\/div>\n\t\t\t\t\t<\/div>\n\t\t<\/section>\n\t\t\t\t<section class=\"elementor-section elementor-top-section elementor-element elementor-element-09d4e89 ot-traditional elementor-section-boxed elementor-section-height-default elementor-section-height-default\" data-id=\"09d4e89\" data-element_type=\"section\">\n\t\t\t\t\t\t<div class=\"elementor-container elementor-column-gap-default\">\n\t\t\t\t\t<div class=\"elementor-column elementor-col-100 elementor-top-column elementor-element elementor-element-3e3bde4 ot-flex-column-vertical\" data-id=\"3e3bde4\" data-element_type=\"column\">\n\t\t\t<div class=\"elementor-widget-wrap elementor-element-populated\">\n\t\t\t\t\t\t<div class=\"elementor-element elementor-element-55f0e14 elementor-widget elementor-widget-heading\" data-id=\"55f0e14\" data-element_type=\"widget\" data-widget_type=\"heading.default\">\n\t\t\t\t<div class=\"elementor-widget-container\">\n\t\t\t<h2 class=\"elementor-heading-title elementor-size-default\">No aparece en los paneles de control una cuenta bancaria registrada en Xero<\/h2>\t\t<\/div>\n\t\t\t\t<\/div>\n\t\t\t\t<section class=\"elementor-section elementor-inner-section elementor-element elementor-element-4893462 elementor-section-full_width elementor-hidden-tablet elementor-hidden-mobile ot-traditional elementor-section-height-default elementor-section-height-default\" data-id=\"4893462\" data-element_type=\"section\">\n\t\t\t\t\t\t<div class=\"elementor-container elementor-column-gap-default\">\n\t\t\t\t\t<div class=\"elementor-column elementor-col-50 elementor-inner-column elementor-element elementor-element-2861c8d ot-flex-column-vertical\" data-id=\"2861c8d\" data-element_type=\"column\">\n\t\t\t<div class=\"elementor-widget-wrap elementor-element-populated\">\n\t\t\t\t\t\t<div class=\"elementor-element elementor-element-5ad1c0f elementor-widget__width-inherit elementor-widget elementor-widget-text-editor\" data-id=\"5ad1c0f\" data-element_type=\"widget\" data-widget_type=\"text-editor.default\">\n\t\t\t\t<div class=\"elementor-widget-container\">\n\t\t\t\t\t\t\tPara que una cuenta bancaria registrada en Xero te aparezca en tus paneles de control, tu empresa de Kiiper debe estar integrada a la organizaci\u00f3n de Xero y la cuenta bancaria debe estar configurada.\t\t\t\t\t\t<\/div>\n\t\t\t\t<\/div>\n\t\t\t\t<div class=\"elementor-element elementor-element-1c9807a elementor-widget elementor-widget-text-editor\" data-id=\"1c9807a\" data-element_type=\"widget\" data-widget_type=\"text-editor.default\">\n\t\t\t\t<div class=\"elementor-widget-container\">\n\t\t\t\t\t\t\t<div class=\"ql-block\" data-block-id=\"block-d07e47dd-fd1a-4d20-b5b1-b9897ed4e0fa\">Por esto, lo primero que debes validar es que est\u00e1s conectado con tu organizaci\u00f3n de Xero (puedes hacerlo desde la Configuraci\u00f3n de la empresa, pesta\u00f1a Integraciones). Luego ir al m\u00f3dulo de Gesti\u00f3n de cuentas bancarias y verificar la lista de bancos que est\u00e1n pendientes por configurar (revisa en los archivados). Una vez que completes la configuraci\u00f3n del banco te aparecer\u00e1 en los paneles de control (general y Xero).<\/div>\t\t\t\t\t\t<\/div>\n\t\t\t\t<\/div>\n\t\t\t\t\t<\/div>\n\t\t<\/div>\n\t\t\t\t<div class=\"elementor-column elementor-col-50 elementor-inner-column elementor-element elementor-element-5c67037 ot-flex-column-vertical\" data-id=\"5c67037\" data-element_type=\"column\">\n\t\t\t<div class=\"elementor-widget-wrap elementor-element-populated\">\n\t\t\t\t\t\t<div class=\"elementor-element elementor-element-d7bf0c1 elementor-widget elementor-widget-image\" data-id=\"d7bf0c1\" data-element_type=\"widget\" data-widget_type=\"image.default\">\n\t\t\t\t<div class=\"elementor-widget-container\">\n\t\t\t<style>.elementor-element-d7bf0c1{display:none !important}<\/style>\t\t<\/div>\n\t\t\t\t<\/div>\n\t\t\t\t<div class=\"elementor-element elementor-element-a32265d elementor-widget elementor-widget-image\" data-id=\"a32265d\" data-element_type=\"widget\" data-widget_type=\"image.default\">\n\t\t\t\t<div class=\"elementor-widget-container\">\n\t\t\t\t\t\t\t\t\t\t\t\t\t<img fetchpriority=\"high\" decoding=\"async\" width=\"839\" height=\"406\" src=\"https:\/\/kiiper.app\/wp-content\/uploads\/2024\/03\/3-No-me-aparece-en-los-paneles-de-control-una-cuenta-bancaria-que-esta-registrada-en-Xero.png\" class=\"attachment-large size-large wp-image-14782\" alt=\"\" srcset=\"https:\/\/kiiper.app\/wp-content\/uploads\/2024\/03\/3-No-me-aparece-en-los-paneles-de-control-una-cuenta-bancaria-que-esta-registrada-en-Xero.png 839w, https:\/\/kiiper.app\/wp-content\/uploads\/2024\/03\/3-No-me-aparece-en-los-paneles-de-control-una-cuenta-bancaria-que-esta-registrada-en-Xero-300x145.png 300w, https:\/\/kiiper.app\/wp-content\/uploads\/2024\/03\/3-No-me-aparece-en-los-paneles-de-control-una-cuenta-bancaria-que-esta-registrada-en-Xero-768x372.png 768w, https:\/\/kiiper.app\/wp-content\/uploads\/2024\/03\/3-No-me-aparece-en-los-paneles-de-control-una-cuenta-bancaria-que-esta-registrada-en-Xero-18x9.png 18w, https:\/\/kiiper.app\/wp-content\/uploads\/2024\/03\/3-No-me-aparece-en-los-paneles-de-control-una-cuenta-bancaria-que-esta-registrada-en-Xero-720x348.png 720w\" sizes=\"(max-width: 839px) 100vw, 839px\" \/>\t\t\t\t\t\t\t\t\t\t\t\t\t<\/div>\n\t\t\t\t<\/div>\n\t\t\t\t\t<\/div>\n\t\t<\/div>\n\t\t\t\t\t<\/div>\n\t\t<\/section>\n\t\t\t\t<section class=\"elementor-section elementor-inner-section elementor-element elementor-element-ac11a15 elementor-section-full_width elementor-hidden-desktop ot-traditional elementor-section-height-default elementor-section-height-default\" data-id=\"ac11a15\" data-element_type=\"section\">\n\t\t\t\t\t\t<div class=\"elementor-container elementor-column-gap-default\">\n\t\t\t\t\t<div class=\"elementor-column elementor-col-50 elementor-inner-column elementor-element elementor-element-0d76e77 ot-flex-column-vertical\" data-id=\"0d76e77\" data-element_type=\"column\">\n\t\t\t<div class=\"elementor-widget-wrap elementor-element-populated\">\n\t\t\t\t\t\t<div class=\"elementor-element elementor-element-724c59a elementor-widget__width-inherit elementor-widget elementor-widget-text-editor\" data-id=\"724c59a\" data-element_type=\"widget\" data-widget_type=\"text-editor.default\">\n\t\t\t\t<div class=\"elementor-widget-container\">\n\t\t\t\t\t\t\tPara que una cuenta bancaria registrada en Xero te aparezca en tus paneles de control, tu empresa de Kiiper debe estar integrada a la organizaci\u00f3n de Xero y la cuenta bancaria debe estar configurada.\t\t\t\t\t\t<\/div>\n\t\t\t\t<\/div>\n\t\t\t\t<div class=\"elementor-element elementor-element-64c48c3 elementor-widget elementor-widget-text-editor\" data-id=\"64c48c3\" data-element_type=\"widget\" data-widget_type=\"text-editor.default\">\n\t\t\t\t<div class=\"elementor-widget-container\">\n\t\t\t\t\t\t\t<div class=\"ql-block\" data-block-id=\"block-d07e47dd-fd1a-4d20-b5b1-b9897ed4e0fa\">Por esto, lo primero que debes validar es que est\u00e1s conectado con tu organizaci\u00f3n de Xero (puedes hacerlo desde la Configuraci\u00f3n de la empresa, pesta\u00f1a Integraciones). Luego ir al m\u00f3dulo de Gesti\u00f3n de cuentas bancarias y verificar la lista de bancos que est\u00e1n pendientes por configurar (revisa en los archivados). Una vez que completes la configuraci\u00f3n del banco te aparecer\u00e1 en los paneles de control (general y Xero).<\/div>\t\t\t\t\t\t<\/div>\n\t\t\t\t<\/div>\n\t\t\t\t\t<\/div>\n\t\t<\/div>\n\t\t\t\t<div class=\"elementor-column elementor-col-50 elementor-inner-column elementor-element elementor-element-04a8fe2 ot-flex-column-vertical\" data-id=\"04a8fe2\" data-element_type=\"column\">\n\t\t\t<div class=\"elementor-widget-wrap elementor-element-populated\">\n\t\t\t\t\t\t<div class=\"elementor-element elementor-element-c72e394 elementor-widget elementor-widget-image\" data-id=\"c72e394\" data-element_type=\"widget\" data-widget_type=\"image.default\">\n\t\t\t\t<div class=\"elementor-widget-container\">\n\t\t\t<style>.elementor-element-c72e394{display:none !important}<\/style>\t\t<\/div>\n\t\t\t\t<\/div>\n\t\t\t\t<div class=\"elementor-element elementor-element-991b485 elementor-widget elementor-widget-image\" data-id=\"991b485\" data-element_type=\"widget\" data-widget_type=\"image.default\">\n\t\t\t\t<div class=\"elementor-widget-container\">\n\t\t\t\t\t\t\t\t\t\t\t\t\t<img fetchpriority=\"high\" decoding=\"async\" width=\"839\" height=\"406\" src=\"https:\/\/kiiper.app\/wp-content\/uploads\/2024\/03\/3-No-me-aparece-en-los-paneles-de-control-una-cuenta-bancaria-que-esta-registrada-en-Xero.png\" class=\"attachment-large size-large wp-image-14782\" alt=\"\" srcset=\"https:\/\/kiiper.app\/wp-content\/uploads\/2024\/03\/3-No-me-aparece-en-los-paneles-de-control-una-cuenta-bancaria-que-esta-registrada-en-Xero.png 839w, https:\/\/kiiper.app\/wp-content\/uploads\/2024\/03\/3-No-me-aparece-en-los-paneles-de-control-una-cuenta-bancaria-que-esta-registrada-en-Xero-300x145.png 300w, https:\/\/kiiper.app\/wp-content\/uploads\/2024\/03\/3-No-me-aparece-en-los-paneles-de-control-una-cuenta-bancaria-que-esta-registrada-en-Xero-768x372.png 768w, https:\/\/kiiper.app\/wp-content\/uploads\/2024\/03\/3-No-me-aparece-en-los-paneles-de-control-una-cuenta-bancaria-que-esta-registrada-en-Xero-18x9.png 18w, https:\/\/kiiper.app\/wp-content\/uploads\/2024\/03\/3-No-me-aparece-en-los-paneles-de-control-una-cuenta-bancaria-que-esta-registrada-en-Xero-720x348.png 720w\" sizes=\"(max-width: 839px) 100vw, 839px\" \/>\t\t\t\t\t\t\t\t\t\t\t\t\t<\/div>\n\t\t\t\t<\/div>\n\t\t\t\t\t<\/div>\n\t\t<\/div>\n\t\t\t\t\t<\/div>\n\t\t<\/section>\n\t\t\t\t<div class=\"elementor-element elementor-element-fdf4fb6 elementor-widget elementor-widget-heading\" data-id=\"fdf4fb6\" data-element_type=\"widget\" data-widget_type=\"heading.default\">\n\t\t\t\t<div class=\"elementor-widget-container\">\n\t\t\t<h2 class=\"elementor-heading-title elementor-size-default\">Consideraci\u00f3n:<\/h2>\t\t<\/div>\n\t\t\t\t<\/div>\n\t\t\t\t<div class=\"elementor-element elementor-element-4238cb1 elementor-icon-list--layout-traditional elementor-list-item-link-full_width elementor-widget elementor-widget-icon-list\" data-id=\"4238cb1\" data-element_type=\"widget\" data-widget_type=\"icon-list.default\">\n\t\t\t\t<div class=\"elementor-widget-container\">\n\t\t\t\t\t<ul class=\"elementor-icon-list-items\">\n\t\t\t\t\t\t\t<li class=\"elementor-icon-list-item\">\n\t\t\t\t\t\t\t\t\t\t\t<span class=\"elementor-icon-list-icon\">\n\t\t\t\t\t\t\t<svg xmlns=\"http:\/\/www.w3.org\/2000\/svg\" width=\"5\" height=\"5\" viewbox=\"0 0 5 5\" fill=\"none\"><path d=\"M2.32238 3.22241L1.53215 2.445L1.26306 2.70787L2.32238 3.75L4.59639 1.51286L4.3292 1.25L2.32238 3.22241Z\" fill=\"#309E48\" stroke=\"#4A22D4\" stroke-width=\"0.5\"><\/path><\/svg>\t\t\t\t\t\t<\/span>\n\t\t\t\t\t\t\t\t\t\t<span class=\"elementor-icon-list-text\">Si acabas de crear la cuenta bancaria en Xero, presiona el bot\u00f3n de actualizar en el m\u00f3dulo de Gesti\u00f3n de cuentas bancarias, para que se refresque la lista de bancos de tu sistema contable.<\/span>\n\t\t\t\t\t\t\t\t\t<\/li>\n\t\t\t\t\t\t<\/ul>\n\t\t\t\t<\/div>\n\t\t\t\t<\/div>\n\t\t\t\t<div class=\"elementor-element elementor-element-cf17da1 elementor-widget__width-inherit elementor-widget elementor-widget-heading\" data-id=\"cf17da1\" data-element_type=\"widget\" data-widget_type=\"heading.default\">\n\t\t\t\t<div class=\"elementor-widget-container\">\n\t\t\t<h2 class=\"elementor-heading-title elementor-size-default\">Art\u00edculo relacionado<\/h2>\t\t<\/div>\n\t\t\t\t<\/div>\n\t\t\t\t<section class=\"elementor-section elementor-inner-section elementor-element elementor-element-c092cf8 ot-traditional elementor-section-boxed elementor-section-height-default elementor-section-height-default\" data-id=\"c092cf8\" data-element_type=\"section\">\n\t\t\t\t\t\t<div class=\"elementor-container elementor-column-gap-default\">\n\t\t\t\t\t<div class=\"elementor-column elementor-col-100 elementor-inner-column elementor-element elementor-element-804c926 ot-flex-column-vertical\" data-id=\"804c926\" data-element_type=\"column\">\n\t\t\t<div class=\"elementor-widget-wrap elementor-element-populated\">\n\t\t\t\t\t\t<div class=\"elementor-element elementor-element-33f67de elementor-widget elementor-widget-text-editor\" data-id=\"33f67de\" data-element_type=\"widget\" data-widget_type=\"text-editor.default\">\n\t\t\t\t<div class=\"elementor-widget-container\">\n\t\t\t\t\t\t\t<a style=\"color: #4a22d4;\" href=\"https:\/\/kiiper.app\/es\/troubleshooting-question4\/\">No puedo registrar en el dashboard una cuenta bancaria que est\u00e1 registrada en QBO\n<\/a>\t\t\t\t\t\t<\/div>\n\t\t\t\t<\/div>\n\t\t\t\t\t<\/div>\n\t\t<\/div>\n\t\t\t\t\t<\/div>\n\t\t<\/section>\n\t\t\t\t\t<\/div>\n\t\t<\/div>\n\t\t\t\t\t<\/div>\n\t\t<\/section>\n\t\t\t\t<\/div>","protected":false},"excerpt":{"rendered":"<p>Troubleshooting Troubleshooting Troubleshooting Home \/ Resources \/ Knowledge base \/ Troubleshooting \/ A bank account that is registered in Xero does not appear in my dashboardHome \/ Resources \/ Knowledge base \/ Troubleshooting \/ A bank account that is registered in Xero does not appear in my dashboard A bank account that is registered in [&hellip;]<\/p>","protected":false},"author":1,"featured_media":0,"parent":0,"menu_order":0,"comment_status":"closed","ping_status":"closed","template":"","meta":{"_monsterinsights_skip_tracking":false,"_monsterinsights_sitenote_active":false,"_monsterinsights_sitenote_note":"","_monsterinsights_sitenote_category":0,"footnotes":""},"aioseo_notices":[],"_links":{"self":[{"href":"https:\/\/kiiper.app\/es\/wp-json\/wp\/v2\/pages\/14030"}],"collection":[{"href":"https:\/\/kiiper.app\/es\/wp-json\/wp\/v2\/pages"}],"about":[{"href":"https:\/\/kiiper.app\/es\/wp-json\/wp\/v2\/types\/page"}],"author":[{"embeddable":true,"href":"https:\/\/kiiper.app\/es\/wp-json\/wp\/v2\/users\/1"}],"replies":[{"embeddable":true,"href":"https:\/\/kiiper.app\/es\/wp-json\/wp\/v2\/comments?post=14030"}],"version-history":[{"count":25,"href":"https:\/\/kiiper.app\/es\/wp-json\/wp\/v2\/pages\/14030\/revisions"}],"predecessor-version":[{"id":15301,"href":"https:\/\/kiiper.app\/es\/wp-json\/wp\/v2\/pages\/14030\/revisions\/15301"}],"wp:attachment":[{"href":"https:\/\/kiiper.app\/es\/wp-json\/wp\/v2\/media?parent=14030"}],"curies":[{"name":"wp","href":"https:\/\/api.w.org\/{rel}","templated":true}]}}