{"id":13802,"date":"2024-03-01T17:25:10","date_gmt":"2024-03-01T17:25:10","guid":{"rendered":"https:\/\/kiiper.app\/?page_id=13802"},"modified":"2024-03-13T18:39:16","modified_gmt":"2024-03-13T18:39:16","slug":"troubleshooting-question1","status":"publish","type":"page","link":"https:\/\/kiiper.app\/es\/troubleshooting-question1\/","title":{"rendered":"Soluci\u00f3n de problemas"},"content":{"rendered":"<div data-elementor-type=\"wp-page\" data-elementor-id=\"13802\" class=\"elementor elementor-13802\">\n\t\t\t\t\t\t<section class=\"elementor-section elementor-top-section elementor-element elementor-element-d940151 elementor-section-content-middle elementor-section-full_width elementor-hidden-tablet elementor-hidden-mobile ot-traditional elementor-section-height-default elementor-section-height-default\" data-id=\"d940151\" data-element_type=\"section\" data-settings=\"{&quot;background_background&quot;:&quot;classic&quot;}\">\n\t\t\t\t\t\t<div class=\"elementor-container elementor-column-gap-extended\">\n\t\t\t\t\t<div class=\"elementor-column elementor-col-100 elementor-top-column elementor-element elementor-element-5e1f195 ot-flex-column-vertical\" data-id=\"5e1f195\" data-element_type=\"column\">\n\t\t\t<div class=\"elementor-widget-wrap elementor-element-populated\">\n\t\t\t\t\t\t<div class=\"elementor-element elementor-element-28600d5 elementor-widget__width-initial elementor-widget-tablet__width-initial elementor-widget elementor-widget-heading\" data-id=\"28600d5\" data-element_type=\"widget\" data-widget_type=\"heading.default\">\n\t\t\t\t<div class=\"elementor-widget-container\">\n\t\t\t<h1 class=\"elementor-heading-title elementor-size-default\"><span>Soluci\u00f3n de problemas <\/span><\/h1>\t\t<\/div>\n\t\t\t\t<\/div>\n\t\t\t\t\t<\/div>\n\t\t<\/div>\n\t\t\t\t\t<\/div>\n\t\t<\/section>\n\t\t\t\t<section class=\"elementor-section elementor-top-section elementor-element elementor-element-4273843 elementor-section-content-middle elementor-section-full_width elementor-hidden-tablet elementor-hidden-desktop ot-traditional elementor-section-height-default elementor-section-height-default\" data-id=\"4273843\" data-element_type=\"section\" data-settings=\"{&quot;background_background&quot;:&quot;classic&quot;}\">\n\t\t\t\t\t\t<div class=\"elementor-container elementor-column-gap-extended\">\n\t\t\t\t\t<div class=\"elementor-column elementor-col-100 elementor-top-column elementor-element elementor-element-ef5df6f ot-flex-column-vertical\" data-id=\"ef5df6f\" data-element_type=\"column\">\n\t\t\t<div class=\"elementor-widget-wrap elementor-element-populated\">\n\t\t\t\t\t\t<div class=\"elementor-element elementor-element-94dab47 elementor-widget__width-initial elementor-widget-tablet__width-initial elementor-widget elementor-widget-heading\" data-id=\"94dab47\" data-element_type=\"widget\" data-widget_type=\"heading.default\">\n\t\t\t\t<div class=\"elementor-widget-container\">\n\t\t\t<h1 class=\"elementor-heading-title elementor-size-default\"><span>Soluci\u00f3n de problemas<\/span>\n<\/h1>\t\t<\/div>\n\t\t\t\t<\/div>\n\t\t\t\t\t<\/div>\n\t\t<\/div>\n\t\t\t\t\t<\/div>\n\t\t<\/section>\n\t\t\t\t<section class=\"elementor-section elementor-top-section elementor-element elementor-element-9314a60 elementor-section-content-middle elementor-section-full_width elementor-hidden-mobile elementor-hidden-desktop ot-traditional elementor-section-height-default elementor-section-height-default\" data-id=\"9314a60\" data-element_type=\"section\" data-settings=\"{&quot;background_background&quot;:&quot;classic&quot;}\">\n\t\t\t\t\t\t<div class=\"elementor-container elementor-column-gap-extended\">\n\t\t\t\t\t<div class=\"elementor-column elementor-col-100 elementor-top-column elementor-element elementor-element-45180ff ot-flex-column-vertical\" data-id=\"45180ff\" data-element_type=\"column\">\n\t\t\t<div class=\"elementor-widget-wrap elementor-element-populated\">\n\t\t\t\t\t\t<div class=\"elementor-element elementor-element-999c009 elementor-widget__width-initial elementor-widget-tablet__width-initial elementor-widget elementor-widget-heading\" data-id=\"999c009\" data-element_type=\"widget\" data-widget_type=\"heading.default\">\n\t\t\t\t<div class=\"elementor-widget-container\">\n\t\t\t<h1 class=\"elementor-heading-title elementor-size-default\"><span>Soluci\u00f3n de problemas<\/span>\n<\/h1>\t\t<\/div>\n\t\t\t\t<\/div>\n\t\t\t\t\t<\/div>\n\t\t<\/div>\n\t\t\t\t\t<\/div>\n\t\t<\/section>\n\t\t\t\t<section class=\"elementor-section elementor-top-section elementor-element elementor-element-80e2383 elementor-hidden-mobile ot-traditional elementor-section-boxed elementor-section-height-default elementor-section-height-default\" data-id=\"80e2383\" data-element_type=\"section\">\n\t\t\t\t\t\t<div class=\"elementor-container elementor-column-gap-default\">\n\t\t\t\t\t<div class=\"elementor-column elementor-col-100 elementor-top-column elementor-element elementor-element-10362ff ot-flex-column-vertical\" data-id=\"10362ff\" data-element_type=\"column\">\n\t\t\t<div class=\"elementor-widget-wrap elementor-element-populated\">\n\t\t\t\t\t\t<div class=\"elementor-element elementor-element-0ee01d3 elementor-widget elementor-widget-text-editor\" data-id=\"0ee01d3\" data-element_type=\"widget\" data-widget_type=\"text-editor.default\">\n\t\t\t\t<div class=\"elementor-widget-container\">\n\t\t\t\t\t\t\t<a style=\"color: #131f3e;\" href=\"https:\/\/kiiper.app\/es\/\">Home<\/a> \/ Recursos \/ <a style=\"color: #131f3e;\" href=\"https:\/\/kiiper.app\/es\/knowledge-base\/\">Base de conocimientos<\/a> \/ <a style=\"color: #131f3e;\" href=\"https:\/\/kiiper.app\/es\/troubleshooting\/\">Soluci\u00f3n de problemas <\/a> \/ <span style=\"color: #4a22d4;\">No puedo descargar un estado de cuenta editable\t\t\t\t\t\t<\/div>\n\t\t\t\t<\/div>\n\t\t\t\t\t<\/div>\n\t\t<\/div>\n\t\t\t\t\t<\/div>\n\t\t<\/section>\n\t\t\t\t<section class=\"elementor-section elementor-top-section elementor-element elementor-element-0c91121 elementor-hidden-desktop elementor-hidden-tablet ot-traditional elementor-section-boxed elementor-section-height-default elementor-section-height-default\" data-id=\"0c91121\" data-element_type=\"section\">\n\t\t\t\t\t\t<div class=\"elementor-container elementor-column-gap-default\">\n\t\t\t\t\t<div class=\"elementor-column elementor-col-100 elementor-top-column elementor-element elementor-element-b2bac44 ot-flex-column-vertical\" data-id=\"b2bac44\" data-element_type=\"column\">\n\t\t\t<div class=\"elementor-widget-wrap elementor-element-populated\">\n\t\t\t\t\t\t<div class=\"elementor-element elementor-element-446ae1f elementor-widget elementor-widget-text-editor\" data-id=\"446ae1f\" data-element_type=\"widget\" data-widget_type=\"text-editor.default\">\n\t\t\t\t<div class=\"elementor-widget-container\">\n\t\t\t\t\t\t\t<a style=\"color: #131f3e;\" href=\"https:\/\/kiiper.app\/es\/\">Home<\/a> \/ Recursos \/ <a style=\"color: #131f3e;\" href=\"https:\/\/kiiper.app\/es\/knowledge-base\/\">Base de conocimientos<\/a> \/ <a style=\"color: #131f3e;\" href=\"https:\/\/kiiper.app\/es\/troubleshooting\/\">Soluci\u00f3n de problemas <\/a> \/ <span style=\"color: #4a22d4;\">No puedo descargar un estado de cuenta editable\t\t\t\t\t\t<\/div>\n\t\t\t\t<\/div>\n\t\t\t\t\t<\/div>\n\t\t<\/div>\n\t\t\t\t\t<\/div>\n\t\t<\/section>\n\t\t\t\t<section class=\"elementor-section elementor-top-section elementor-element elementor-element-09d4e89 ot-traditional elementor-section-boxed elementor-section-height-default elementor-section-height-default\" data-id=\"09d4e89\" data-element_type=\"section\">\n\t\t\t\t\t\t<div class=\"elementor-container elementor-column-gap-default\">\n\t\t\t\t\t<div class=\"elementor-column elementor-col-100 elementor-top-column elementor-element elementor-element-3e3bde4 ot-flex-column-vertical\" data-id=\"3e3bde4\" data-element_type=\"column\">\n\t\t\t<div class=\"elementor-widget-wrap elementor-element-populated\">\n\t\t\t\t\t\t<div class=\"elementor-element elementor-element-55f0e14 elementor-widget elementor-widget-heading\" data-id=\"55f0e14\" data-element_type=\"widget\" data-widget_type=\"heading.default\">\n\t\t\t\t<div class=\"elementor-widget-container\">\n\t\t\t<h2 class=\"elementor-heading-title elementor-size-default\">No puedo descargar un estado de cuenta editable<\/h2>\t\t<\/div>\n\t\t\t\t<\/div>\n\t\t\t\t<section class=\"elementor-section elementor-inner-section elementor-element elementor-element-4893462 elementor-section-full_width elementor-hidden-tablet elementor-hidden-mobile ot-traditional elementor-section-height-default elementor-section-height-default\" data-id=\"4893462\" data-element_type=\"section\">\n\t\t\t\t\t\t<div class=\"elementor-container elementor-column-gap-default\">\n\t\t\t\t\t<div class=\"elementor-column elementor-col-50 elementor-inner-column elementor-element elementor-element-2861c8d ot-flex-column-vertical\" data-id=\"2861c8d\" data-element_type=\"column\">\n\t\t\t<div class=\"elementor-widget-wrap elementor-element-populated\">\n\t\t\t\t\t\t<div class=\"elementor-element elementor-element-5ad1c0f elementor-widget__width-inherit elementor-widget elementor-widget-text-editor\" data-id=\"5ad1c0f\" data-element_type=\"widget\" data-widget_type=\"text-editor.default\">\n\t\t\t\t<div class=\"elementor-widget-container\">\n\t\t\t\t\t\t\tPara descargar estados de cuenta editables, sigue los siguientes pasos:\t\t\t\t\t\t<\/div>\n\t\t\t\t<\/div>\n\t\t\t\t<div class=\"elementor-element elementor-element-d7f8583 elementor-widget elementor-widget-html\" data-id=\"d7f8583\" data-element_type=\"widget\" data-widget_type=\"html.default\">\n\t\t\t\t<div class=\"elementor-widget-container\">\n\t\t\t<style>\n    li {\n      position: relative;\n      padding-left: 15px;\n      margin-bottom: 10px;\n      color: #131F3E;\n      line-height: 20px;\n    }\n    li::marker {\n      color: #4A22D4;\n    }\n    \n    \/* Extra small devices (phones, 600px and down) *\/\n    @media only screen and (max-width: 600px) {\n        li {\n            font-size: 12px;\n        }\n    }\n    \n    \/* Medium devices (landscape tablets, 768px and up) *\/\n    @media only screen and (min-width: 768px) {\n        li {\n            font-size: 16px;\n        }\n    }\n<\/style>\n<ol>\n    <li>Inicia sesi\u00f3n en la banca en l\u00ednea.<\/li>\n    <li>Dir\u00edgete a la secci\u00f3n de Estados de cuenta o Descargas.<\/li>\n    <li>Selecciona el per\u00edodo del estado de cuenta que deseas descargar.<\/li>\n    <li>Elige un formato, tal como PDF, Excel, o CSV.<\/li>\n    <li>Haz clic en el bot\u00f3n de descarga.<\/li>\n<\/ol>\t\t<\/div>\n\t\t\t\t<\/div>\n\t\t\t\t<div class=\"elementor-element elementor-element-1c9807a elementor-widget elementor-widget-text-editor\" data-id=\"1c9807a\" data-element_type=\"widget\" data-widget_type=\"text-editor.default\">\n\t\t\t\t<div class=\"elementor-widget-container\">\n\t\t\t\t\t\t\t<div class=\"ql-block\" data-block-id=\"block-d07e47dd-fd1a-4d20-b5b1-b9897ed4e0fa\">Una vez que hayas descargado el estado de cuenta, independientemente del formato, Kiiper convertir\u00e1 la informaci\u00f3n de forma que sea compatible con el archivo a ser importado en el sistema contable.<\/div>\t\t\t\t\t\t<\/div>\n\t\t\t\t<\/div>\n\t\t\t\t\t<\/div>\n\t\t<\/div>\n\t\t\t\t<div class=\"elementor-column elementor-col-50 elementor-inner-column elementor-element elementor-element-5c67037 ot-flex-column-vertical\" data-id=\"5c67037\" data-element_type=\"column\">\n\t\t\t<div class=\"elementor-widget-wrap elementor-element-populated\">\n\t\t\t\t\t\t<div class=\"elementor-element elementor-element-d7bf0c1 elementor-widget elementor-widget-image\" data-id=\"d7bf0c1\" data-element_type=\"widget\" data-widget_type=\"image.default\">\n\t\t\t\t<div class=\"elementor-widget-container\">\n\t\t\t<style>.elementor-element-d7bf0c1{display:none !important}<\/style>\t\t<\/div>\n\t\t\t\t<\/div>\n\t\t\t\t<div class=\"elementor-element elementor-element-9a60bd0 elementor-widget elementor-widget-image\" data-id=\"9a60bd0\" data-element_type=\"widget\" data-widget_type=\"image.default\">\n\t\t\t\t<div class=\"elementor-widget-container\">\n\t\t\t\t\t\t\t\t\t\t\t\t\t<img fetchpriority=\"high\" decoding=\"async\" width=\"1024\" height=\"696\" src=\"https:\/\/kiiper.app\/wp-content\/uploads\/2024\/03\/4-Como-descargar-un-estado-de-cuenta-editable-ES.png\" class=\"attachment-large size-large wp-image-14831\" alt=\"\" srcset=\"https:\/\/kiiper.app\/wp-content\/uploads\/2024\/03\/4-Como-descargar-un-estado-de-cuenta-editable-ES.png 3365w, https:\/\/kiiper.app\/wp-content\/uploads\/2024\/03\/4-Como-descargar-un-estado-de-cuenta-editable-ES-300x204.png 300w\" sizes=\"(max-width: 1024px) 100vw, 1024px\" \/>\t\t\t\t\t\t\t\t\t\t\t\t\t<\/div>\n\t\t\t\t<\/div>\n\t\t\t\t\t<\/div>\n\t\t<\/div>\n\t\t\t\t\t<\/div>\n\t\t<\/section>\n\t\t\t\t<section class=\"elementor-section elementor-inner-section elementor-element elementor-element-26fc71a elementor-section-full_width elementor-hidden-desktop ot-traditional elementor-section-height-default elementor-section-height-default\" data-id=\"26fc71a\" data-element_type=\"section\">\n\t\t\t\t\t\t<div class=\"elementor-container elementor-column-gap-default\">\n\t\t\t\t\t<div class=\"elementor-column elementor-col-50 elementor-inner-column elementor-element elementor-element-4e812ae ot-flex-column-vertical\" data-id=\"4e812ae\" data-element_type=\"column\">\n\t\t\t<div class=\"elementor-widget-wrap elementor-element-populated\">\n\t\t\t\t\t\t<div class=\"elementor-element elementor-element-28279c8 elementor-widget__width-inherit elementor-widget elementor-widget-text-editor\" data-id=\"28279c8\" data-element_type=\"widget\" data-widget_type=\"text-editor.default\">\n\t\t\t\t<div class=\"elementor-widget-container\">\n\t\t\t\t\t\t\tPara descargar estados de cuenta editables, sigue los siguientes pasos:\t\t\t\t\t\t<\/div>\n\t\t\t\t<\/div>\n\t\t\t\t<div class=\"elementor-element elementor-element-2fd3c69 elementor-widget elementor-widget-html\" data-id=\"2fd3c69\" data-element_type=\"widget\" data-widget_type=\"html.default\">\n\t\t\t\t<div class=\"elementor-widget-container\">\n\t\t\t<style>\n    li {\n      position: relative;\n      padding-left: 15px;\n      margin-bottom: 10px;\n      color: #131F3E;\n      line-height: 20px;\n    }\n    li::marker {\n      color: #4A22D4;\n    }\n    \n    \/* Extra small devices (phones, 600px and down) *\/\n    @media only screen and (max-width: 600px) {\n        li {\n            font-size: 12px;\n        }\n    }\n    \n    \/* Medium devices (landscape tablets, 768px and up) *\/\n    @media only screen and (min-width: 768px) {\n        li {\n            font-size: 16px;\n        }\n    }\n<\/style>\n<ol>\n    <li>Inicia sesi\u00f3n en la banca en l\u00ednea.<\/li>\n    <li>Dir\u00edgete a la secci\u00f3n de Estados de cuenta o Descargas.<\/li>\n    <li>Selecciona el per\u00edodo del estado de cuenta que deseas descargar.<\/li>\n    <li>Elige un formato, tal como PDF, Excel, o CSV.<\/li>\n    <li>Haz clic en el bot\u00f3n de descarga.<\/li>\n<\/ol>\t\t<\/div>\n\t\t\t\t<\/div>\n\t\t\t\t\t<\/div>\n\t\t<\/div>\n\t\t\t\t<div class=\"elementor-column elementor-col-50 elementor-inner-column elementor-element elementor-element-b4fdc4a ot-flex-column-vertical\" data-id=\"b4fdc4a\" data-element_type=\"column\">\n\t\t\t<div class=\"elementor-widget-wrap elementor-element-populated\">\n\t\t\t\t\t\t<div class=\"elementor-element elementor-element-69b2422 elementor-widget elementor-widget-image\" data-id=\"69b2422\" data-element_type=\"widget\" data-widget_type=\"image.default\">\n\t\t\t\t<div class=\"elementor-widget-container\">\n\t\t\t<style>.elementor-element-69b2422{display:none !important}<\/style>\t\t<\/div>\n\t\t\t\t<\/div>\n\t\t\t\t<div class=\"elementor-element elementor-element-52c4651 elementor-widget elementor-widget-image\" data-id=\"52c4651\" data-element_type=\"widget\" data-widget_type=\"image.default\">\n\t\t\t\t<div class=\"elementor-widget-container\">\n\t\t\t\t\t\t\t\t\t\t\t\t\t<img fetchpriority=\"high\" decoding=\"async\" width=\"1024\" height=\"696\" src=\"https:\/\/kiiper.app\/wp-content\/uploads\/2024\/03\/4-Como-descargar-un-estado-de-cuenta-editable-ES.png\" class=\"attachment-large size-large wp-image-14831\" alt=\"\" srcset=\"https:\/\/kiiper.app\/wp-content\/uploads\/2024\/03\/4-Como-descargar-un-estado-de-cuenta-editable-ES.png 3365w, https:\/\/kiiper.app\/wp-content\/uploads\/2024\/03\/4-Como-descargar-un-estado-de-cuenta-editable-ES-300x204.png 300w\" sizes=\"(max-width: 1024px) 100vw, 1024px\" \/>\t\t\t\t\t\t\t\t\t\t\t\t\t<\/div>\n\t\t\t\t<\/div>\n\t\t\t\t<div class=\"elementor-element elementor-element-ceda299 elementor-widget elementor-widget-text-editor\" data-id=\"ceda299\" data-element_type=\"widget\" data-widget_type=\"text-editor.default\">\n\t\t\t\t<div class=\"elementor-widget-container\">\n\t\t\t\t\t\t\t<div class=\"ql-block\" data-block-id=\"block-d07e47dd-fd1a-4d20-b5b1-b9897ed4e0fa\">Una vez que hayas descargado el estado de cuenta, independientemente del formato, Kiiper convertir\u00e1 la informaci\u00f3n de forma que sea compatible con el archivo a ser importado en el sistema contable.<\/div>\t\t\t\t\t\t<\/div>\n\t\t\t\t<\/div>\n\t\t\t\t\t<\/div>\n\t\t<\/div>\n\t\t\t\t\t<\/div>\n\t\t<\/section>\n\t\t\t\t<div class=\"elementor-element elementor-element-fdf4fb6 elementor-widget elementor-widget-heading\" data-id=\"fdf4fb6\" data-element_type=\"widget\" data-widget_type=\"heading.default\">\n\t\t\t\t<div class=\"elementor-widget-container\">\n\t\t\t<h2 class=\"elementor-heading-title elementor-size-default\">Consejos para descargar un estado de cuenta editable:<\/h2>\t\t<\/div>\n\t\t\t\t<\/div>\n\t\t\t\t<div class=\"elementor-element elementor-element-4238cb1 elementor-icon-list--layout-traditional elementor-list-item-link-full_width elementor-widget elementor-widget-icon-list\" data-id=\"4238cb1\" data-element_type=\"widget\" data-widget_type=\"icon-list.default\">\n\t\t\t\t<div class=\"elementor-widget-container\">\n\t\t\t\t\t<ul class=\"elementor-icon-list-items\">\n\t\t\t\t\t\t\t<li class=\"elementor-icon-list-item\">\n\t\t\t\t\t\t\t\t\t\t\t<span class=\"elementor-icon-list-icon\">\n\t\t\t\t\t\t\t<svg xmlns=\"http:\/\/www.w3.org\/2000\/svg\" width=\"5\" height=\"5\" viewbox=\"0 0 5 5\" fill=\"none\"><path d=\"M2.32238 3.22241L1.53215 2.445L1.26306 2.70787L2.32238 3.75L4.59639 1.51286L4.3292 1.25L2.32238 3.22241Z\" fill=\"#309E48\" stroke=\"#4A22D4\" stroke-width=\"0.5\"><\/path><\/svg>\t\t\t\t\t\t<\/span>\n\t\t\t\t\t\t\t\t\t\t<span class=\"elementor-icon-list-text\">Si est\u00e1s descargando un estado de cuenta en formato PDF, aseg\u00farate de que no est\u00e1 protegido con contrase\u00f1a.<\/span>\n\t\t\t\t\t\t\t\t\t<\/li>\n\t\t\t\t\t\t\t\t<li class=\"elementor-icon-list-item\">\n\t\t\t\t\t\t\t\t\t\t\t<span class=\"elementor-icon-list-icon\">\n\t\t\t\t\t\t\t<svg xmlns=\"http:\/\/www.w3.org\/2000\/svg\" width=\"5\" height=\"5\" viewbox=\"0 0 5 5\" fill=\"none\"><path d=\"M2.32238 3.22241L1.53215 2.445L1.26306 2.70787L2.32238 3.75L4.59639 1.51286L4.3292 1.25L2.32238 3.22241Z\" fill=\"#309E48\" stroke=\"#4A22D4\" stroke-width=\"0.5\"><\/path><\/svg>\t\t\t\t\t\t<\/span>\n\t\t\t\t\t\t\t\t\t\t<span class=\"elementor-icon-list-text\">Si est\u00e1s descargando un estado de cuenta en formato Excel, aseg\u00farate de que est\u00e9 guardado como una hoja de c\u00e1lculo (.xls o .xlsx) en lugar de un archivo separado por comas (.csv).<\/span>\n\t\t\t\t\t\t\t\t\t<\/li>\n\t\t\t\t\t\t\t\t<li class=\"elementor-icon-list-item\">\n\t\t\t\t\t\t\t\t\t\t\t<span class=\"elementor-icon-list-icon\">\n\t\t\t\t\t\t\t<svg xmlns=\"http:\/\/www.w3.org\/2000\/svg\" width=\"5\" height=\"5\" viewbox=\"0 0 5 5\" fill=\"none\"><path d=\"M2.32238 3.22241L1.53215 2.445L1.26306 2.70787L2.32238 3.75L4.59639 1.51286L4.3292 1.25L2.32238 3.22241Z\" fill=\"#309E48\" stroke=\"#4A22D4\" stroke-width=\"0.5\"><\/path><\/svg>\t\t\t\t\t\t<\/span>\n\t\t\t\t\t\t\t\t\t\t<span class=\"elementor-icon-list-text\">Si est\u00e1s descargando un estado de cuenta en formato CSV, aseg\u00farate de que est\u00e9 formateado correctamente. La primera fila del archivo CSV debe contener los encabezados de las columnas, y las filas restantes deben contener los datos de las transacciones.<\/span>\n\t\t\t\t\t\t\t\t\t<\/li>\n\t\t\t\t\t\t<\/ul>\n\t\t\t\t<\/div>\n\t\t\t\t<\/div>\n\t\t\t\t<div class=\"elementor-element elementor-element-64ef791 elementor-widget elementor-widget-text-editor\" data-id=\"64ef791\" data-element_type=\"widget\" data-widget_type=\"text-editor.default\">\n\t\t\t\t<div class=\"elementor-widget-container\">\n\t\t\t\t\t\t\tSi tienes alguna inquietud, cont\u00e1ctanos a tr\u00e1ves de\n<a style=\"color: #4a22d4; font-weight: 600;\" href=\"mailto:support@kiiper.app\">support@kiiper.app<\/a>.\t\t\t\t\t\t<\/div>\n\t\t\t\t<\/div>\n\t\t\t\t<div class=\"elementor-element elementor-element-cf17da1 elementor-widget__width-inherit elementor-widget elementor-widget-heading\" data-id=\"cf17da1\" data-element_type=\"widget\" data-widget_type=\"heading.default\">\n\t\t\t\t<div class=\"elementor-widget-container\">\n\t\t\t<h2 class=\"elementor-heading-title elementor-size-default\">Art\u00edculo relacionado<\/h2>\t\t<\/div>\n\t\t\t\t<\/div>\n\t\t\t\t<section class=\"elementor-section elementor-inner-section elementor-element elementor-element-c092cf8 ot-traditional elementor-section-boxed elementor-section-height-default elementor-section-height-default\" data-id=\"c092cf8\" data-element_type=\"section\">\n\t\t\t\t\t\t<div class=\"elementor-container elementor-column-gap-default\">\n\t\t\t\t\t<div class=\"elementor-column elementor-col-100 elementor-inner-column elementor-element elementor-element-804c926 ot-flex-column-vertical\" data-id=\"804c926\" data-element_type=\"column\">\n\t\t\t<div class=\"elementor-widget-wrap elementor-element-populated\">\n\t\t\t\t\t\t<div class=\"elementor-element elementor-element-33f67de elementor-widget elementor-widget-text-editor\" data-id=\"33f67de\" data-element_type=\"widget\" data-widget_type=\"text-editor.default\">\n\t\t\t\t<div class=\"elementor-widget-container\">\n\t\t\t\t\t\t\t<a style=\"color: #4A22D4;\" href=\"https:\/\/kiiper.app\/es\/troubleshooting-question2\/\">Kiiper no hace la conversi\u00f3n de un estado de cuenta\n<\/a>\t\t\t\t\t\t<\/div>\n\t\t\t\t<\/div>\n\t\t\t\t\t<\/div>\n\t\t<\/div>\n\t\t\t\t\t<\/div>\n\t\t<\/section>\n\t\t\t\t\t<\/div>\n\t\t<\/div>\n\t\t\t\t\t<\/div>\n\t\t<\/section>\n\t\t\t\t<\/div>","protected":false},"excerpt":{"rendered":"<p>Troubleshooting Troubleshooting Troubleshooting Home \/ Resources \/ Knowledge base \/ Troubleshooting \/ I can&#8217;t download a searchable bank statementHome \/ Resources \/ Knowledge base \/ Troubleshooting \/ I can&#8217;t download a searchable bank statement I can&#8217;t download a searchable bank statement To download a searchable bank statement, you can follow these steps: Log in to [&hellip;]<\/p>","protected":false},"author":1,"featured_media":0,"parent":0,"menu_order":0,"comment_status":"closed","ping_status":"closed","template":"","meta":{"_monsterinsights_skip_tracking":false,"_monsterinsights_sitenote_active":false,"_monsterinsights_sitenote_note":"","_monsterinsights_sitenote_category":0,"footnotes":""},"aioseo_notices":[],"_links":{"self":[{"href":"https:\/\/kiiper.app\/es\/wp-json\/wp\/v2\/pages\/13802"}],"collection":[{"href":"https:\/\/kiiper.app\/es\/wp-json\/wp\/v2\/pages"}],"about":[{"href":"https:\/\/kiiper.app\/es\/wp-json\/wp\/v2\/types\/page"}],"author":[{"embeddable":true,"href":"https:\/\/kiiper.app\/es\/wp-json\/wp\/v2\/users\/1"}],"replies":[{"embeddable":true,"href":"https:\/\/kiiper.app\/es\/wp-json\/wp\/v2\/comments?post=13802"}],"version-history":[{"count":47,"href":"https:\/\/kiiper.app\/es\/wp-json\/wp\/v2\/pages\/13802\/revisions"}],"predecessor-version":[{"id":15304,"href":"https:\/\/kiiper.app\/es\/wp-json\/wp\/v2\/pages\/13802\/revisions\/15304"}],"wp:attachment":[{"href":"https:\/\/kiiper.app\/es\/wp-json\/wp\/v2\/media?parent=13802"}],"curies":[{"name":"wp","href":"https:\/\/api.w.org\/{rel}","templated":true}]}}