{"id":1370,"date":"2020-01-02T09:28:08","date_gmt":"2020-01-02T09:28:08","guid":{"rendered":"http:\/\/wpdemo.archiwp.com\/engitech\/?page_id=1370"},"modified":"2024-03-05T18:27:46","modified_gmt":"2024-03-05T18:27:46","slug":"contact-us","status":"publish","type":"page","link":"https:\/\/kiiper.app\/es\/contact-us\/","title":{"rendered":"<span style=\"display: none;\">Cont\u00e1ctanos<\/span>"},"content":{"rendered":"<div data-elementor-type=\"wp-page\" data-elementor-id=\"1370\" class=\"elementor elementor-1370\">\n\t\t\t\t\t\t<section class=\"elementor-section elementor-top-section elementor-element elementor-element-6cbe08b elementor-section-content-middle elementor-section-full_width elementor-hidden-tablet elementor-hidden-mobile ot-traditional elementor-section-height-default elementor-section-height-default\" data-id=\"6cbe08b\" data-element_type=\"section\" data-settings=\"{&quot;background_background&quot;:&quot;classic&quot;}\">\n\t\t\t\t\t\t<div class=\"elementor-container elementor-column-gap-extended\">\n\t\t\t\t\t<div class=\"elementor-column elementor-col-100 elementor-top-column elementor-element elementor-element-7499bdb ot-flex-column-vertical\" data-id=\"7499bdb\" data-element_type=\"column\">\n\t\t\t<div class=\"elementor-widget-wrap elementor-element-populated\">\n\t\t\t\t\t\t<div class=\"elementor-element elementor-element-127eee1 elementor-widget__width-initial elementor-widget-tablet__width-initial elementor-widget elementor-widget-heading\" data-id=\"127eee1\" data-element_type=\"widget\" data-widget_type=\"heading.default\">\n\t\t\t\t<div class=\"elementor-widget-container\">\n\t\t\t<h1 class=\"elementor-heading-title elementor-size-default\">Nos gustar\u00eda conectar contigo<br\/><br\/><\/h1>\t\t<\/div>\n\t\t\t\t<\/div>\n\t\t\t\t\t<\/div>\n\t\t<\/div>\n\t\t\t\t\t<\/div>\n\t\t<\/section>\n\t\t\t\t<section class=\"elementor-section elementor-top-section elementor-element elementor-element-2b24717 elementor-section-content-middle elementor-section-full_width elementor-hidden-mobile elementor-hidden-desktop ot-traditional elementor-section-height-default elementor-section-height-default\" data-id=\"2b24717\" data-element_type=\"section\" data-settings=\"{&quot;background_background&quot;:&quot;classic&quot;}\">\n\t\t\t\t\t\t<div class=\"elementor-container elementor-column-gap-extended\">\n\t\t\t\t\t<div class=\"elementor-column elementor-col-100 elementor-top-column elementor-element elementor-element-20f3550 ot-flex-column-vertical\" data-id=\"20f3550\" data-element_type=\"column\">\n\t\t\t<div class=\"elementor-widget-wrap elementor-element-populated\">\n\t\t\t\t\t\t<div class=\"elementor-element elementor-element-3cb5506 elementor-widget__width-initial elementor-widget-tablet__width-initial elementor-widget elementor-widget-heading\" data-id=\"3cb5506\" data-element_type=\"widget\" data-widget_type=\"heading.default\">\n\t\t\t\t<div class=\"elementor-widget-container\">\n\t\t\t<h1 class=\"elementor-heading-title elementor-size-default\">Nos gustar\u00eda conectar contigo<\/h1>\t\t<\/div>\n\t\t\t\t<\/div>\n\t\t\t\t\t<\/div>\n\t\t<\/div>\n\t\t\t\t\t<\/div>\n\t\t<\/section>\n\t\t\t\t<section class=\"elementor-section elementor-top-section elementor-element elementor-element-e1a0eaf elementor-section-content-middle elementor-section-full_width elementor-hidden-tablet elementor-hidden-desktop ot-traditional elementor-section-height-default elementor-section-height-default\" data-id=\"e1a0eaf\" data-element_type=\"section\" data-settings=\"{&quot;background_background&quot;:&quot;classic&quot;}\">\n\t\t\t\t\t\t<div class=\"elementor-container elementor-column-gap-extended\">\n\t\t\t\t\t<div class=\"elementor-column elementor-col-100 elementor-top-column elementor-element elementor-element-40320e5 ot-flex-column-vertical\" data-id=\"40320e5\" data-element_type=\"column\">\n\t\t\t<div class=\"elementor-widget-wrap elementor-element-populated\">\n\t\t\t\t\t\t<div class=\"elementor-element elementor-element-196df37 elementor-widget__width-initial elementor-widget-tablet__width-initial elementor-widget elementor-widget-heading\" data-id=\"196df37\" data-element_type=\"widget\" data-widget_type=\"heading.default\">\n\t\t\t\t<div class=\"elementor-widget-container\">\n\t\t\t<h1 class=\"elementor-heading-title elementor-size-default\">Nos gustar\u00eda conectar contigo<\/h1>\t\t<\/div>\n\t\t\t\t<\/div>\n\t\t\t\t\t<\/div>\n\t\t<\/div>\n\t\t\t\t\t<\/div>\n\t\t<\/section>\n\t\t\t\t<section class=\"elementor-section elementor-top-section elementor-element elementor-element-4899c30 elementor-hidden-mobile ot-traditional elementor-section-boxed elementor-section-height-default elementor-section-height-default\" data-id=\"4899c30\" data-element_type=\"section\">\n\t\t\t\t\t\t<div class=\"elementor-container elementor-column-gap-default\">\n\t\t\t\t\t<div class=\"elementor-column elementor-col-100 elementor-top-column elementor-element elementor-element-793b357 ot-flex-column-vertical\" data-id=\"793b357\" data-element_type=\"column\">\n\t\t\t<div class=\"elementor-widget-wrap elementor-element-populated\">\n\t\t\t\t\t\t<div class=\"elementor-element elementor-element-dc686dd elementor-widget elementor-widget-text-editor\" data-id=\"dc686dd\" data-element_type=\"widget\" data-widget_type=\"text-editor.default\">\n\t\t\t\t<div class=\"elementor-widget-container\">\n\t\t\t\t\t\t\t<a style=\"color: #131f3e;\" href=\"https:\/\/kiiper.app\/es\/\">Home<\/a> \/ <span style=\"color: #4a22d4;\">Contacto<\/span>\t\t\t\t\t\t<\/div>\n\t\t\t\t<\/div>\n\t\t\t\t\t<\/div>\n\t\t<\/div>\n\t\t\t\t\t<\/div>\n\t\t<\/section>\n\t\t\t\t<section class=\"elementor-section elementor-top-section elementor-element elementor-element-0825061 elementor-section-full_width elementor-hidden-desktop elementor-hidden-tablet ot-traditional elementor-section-height-default elementor-section-height-default\" data-id=\"0825061\" data-element_type=\"section\">\n\t\t\t\t\t\t<div class=\"elementor-container elementor-column-gap-default\">\n\t\t\t\t\t<div class=\"elementor-column elementor-col-100 elementor-top-column elementor-element elementor-element-bfd26ad ot-flex-column-vertical\" data-id=\"bfd26ad\" data-element_type=\"column\">\n\t\t\t<div class=\"elementor-widget-wrap elementor-element-populated\">\n\t\t\t\t\t\t<div class=\"elementor-element elementor-element-615607a elementor-widget elementor-widget-text-editor\" data-id=\"615607a\" data-element_type=\"widget\" data-widget_type=\"text-editor.default\">\n\t\t\t\t<div class=\"elementor-widget-container\">\n\t\t\t\t\t\t\t<a style=\"color: #131f3e;\" href=\"https:\/\/kiiper.app\/es\/\">Home<\/a> \/ <span style=\"color: #4a22d4;\">Contacto<\/span>\t\t\t\t\t\t<\/div>\n\t\t\t\t<\/div>\n\t\t\t\t\t<\/div>\n\t\t<\/div>\n\t\t\t\t\t<\/div>\n\t\t<\/section>\n\t\t\t\t<section class=\"elementor-section elementor-top-section elementor-element elementor-element-178ccce elementor-section-content-middle ot-traditional elementor-section-boxed elementor-section-height-default elementor-section-height-default\" data-id=\"178ccce\" data-element_type=\"section\">\n\t\t\t\t\t\t<div class=\"elementor-container elementor-column-gap-extended\">\n\t\t\t\t\t<div class=\"elementor-column elementor-col-50 elementor-top-column elementor-element elementor-element-4da1ae7 ot-column-items-top ot-flex-column-vertical\" data-id=\"4da1ae7\" data-element_type=\"column\">\n\t\t\t<div class=\"elementor-widget-wrap elementor-element-populated\">\n\t\t\t\t\t\t<div class=\"elementor-element elementor-element-b839357 elementor-widget__width-initial elementor-widget elementor-widget-text-editor\" data-id=\"b839357\" data-element_type=\"widget\" data-widget_type=\"text-editor.default\">\n\t\t\t\t<div class=\"elementor-widget-container\">\n\t\t\t\t\t\t\t<span>Tenemos la misi\u00f3n de facilitar el proceso de conciliaciones bancarias para los contadores alrededor del mundo<\/span>\t\t\t\t\t\t<\/div>\n\t\t\t\t<\/div>\n\t\t\t\t<div class=\"elementor-element elementor-element-a9acebc elementor-widget elementor-widget-iheading\" data-id=\"a9acebc\" data-element_type=\"widget\" data-widget_type=\"iheading.default\">\n\t\t\t\t<div class=\"elementor-widget-container\">\n\t\t\t\t\t<div class=\"ot-heading\">\r\n\t        <h2 class=\"main-heading\">Comparte tus ideas con nosotros en:<\/h2>\t    <\/div>\r\n\t    \t\t<\/div>\n\t\t\t\t<\/div>\n\t\t\t\t<div class=\"elementor-element elementor-element-2aa24b9 elementor-align-left elementor-mobile-align-center elementor-widget elementor-widget-button\" data-id=\"2aa24b9\" data-element_type=\"widget\" data-widget_type=\"button.default\">\n\t\t\t\t<div class=\"elementor-widget-container\">\n\t\t\t\t\t<div class=\"elementor-button-wrapper\">\n\t\t\t<a class=\"elementor-button elementor-button-link elementor-size-sm\" href=\"mailto:hello@kiiper.app\">\n\t\t\t\t\t\t<span class=\"elementor-button-content-wrapper\">\n\t\t\t\t\t\t<span class=\"elementor-button-text\">hello@kiiper.app<\/span>\n\t\t<\/span>\n\t\t\t\t\t<\/a>\n\t\t<\/div>\n\t\t\t\t<\/div>\n\t\t\t\t<\/div>\n\t\t\t\t\t<\/div>\n\t\t<\/div>\n\t\t\t\t<div class=\"elementor-column elementor-col-50 elementor-top-column elementor-element elementor-element-ab054e4 ot-flex-column-vertical\" data-id=\"ab054e4\" data-element_type=\"column\" data-settings=\"{&quot;background_background&quot;:&quot;classic&quot;}\">\n\t\t\t<div class=\"elementor-widget-wrap elementor-element-populated\">\n\t\t\t\t\t\t<section class=\"elementor-section elementor-inner-section elementor-element elementor-element-9d5d9d6 elementor-section-full_width ot-traditional elementor-section-height-default elementor-section-height-default\" data-id=\"9d5d9d6\" data-element_type=\"section\" data-settings=\"{&quot;background_background&quot;:&quot;classic&quot;}\">\n\t\t\t\t\t\t<div class=\"elementor-container elementor-column-gap-default\">\n\t\t\t\t\t<div class=\"elementor-column elementor-col-100 elementor-inner-column elementor-element elementor-element-5127966 ot-flex-column-vertical\" data-id=\"5127966\" data-element_type=\"column\">\n\t\t\t<div class=\"elementor-widget-wrap elementor-element-populated\">\n\t\t\t\t\t\t<div class=\"elementor-element elementor-element-7f0b938 elementor-widget elementor-widget-iheading\" data-id=\"7f0b938\" data-element_type=\"widget\" data-widget_type=\"iheading.default\">\n\t\t\t\t<div class=\"elementor-widget-container\">\n\t\t\t\t\t<div class=\"ot-heading\">\r\n\t        <h2 class=\"main-heading\"> Cont\u00e1ctanos<\/h2>\t    <\/div>\r\n\t    \t\t<\/div>\n\t\t\t\t<\/div>\n\t\t\t\t\t<\/div>\n\t\t<\/div>\n\t\t\t\t\t<\/div>\n\t\t<\/section>\n\t\t\t\t<section class=\"elementor-section elementor-inner-section elementor-element elementor-element-fcfff06 elementor-section-full_width ot-traditional elementor-section-height-default elementor-section-height-default\" data-id=\"fcfff06\" data-element_type=\"section\">\n\t\t\t\t\t\t<div class=\"elementor-container elementor-column-gap-default\">\n\t\t\t\t\t<div class=\"elementor-column elementor-col-100 elementor-inner-column elementor-element elementor-element-e750b66 ot-flex-column-vertical\" data-id=\"e750b66\" data-element_type=\"column\">\n\t\t\t<div class=\"elementor-widget-wrap elementor-element-populated\">\n\t\t\t\t\t\t<div class=\"elementor-element elementor-element-67bcd69 eael-contact-form-7-button-align-center eael-contact-form-7-button-custom elementor-widget elementor-widget-eael-contact-form-7\" data-id=\"67bcd69\" data-element_type=\"widget\" data-widget_type=\"eael-contact-form-7.default\">\n\t\t\t\t<div class=\"elementor-widget-container\">\n\t\t\t<div class=\"eael-contact-form-7-wrapper\">\n                <div class=\"eael-contact-form eael-contact-form-7 eael-contact-form-67bcd69 placeholder-show eael-custom-radio-checkbox eael-contact-form-align-default\">\n<div class=\"wpcf7 no-js\" id=\"wpcf7-f7483-o1\" lang=\"es-ES\" dir=\"ltr\">\n<div class=\"screen-reader-response\"><p role=\"status\" aria-live=\"polite\" aria-atomic=\"true\"><\/p> <ul><\/ul><\/div>\n<form action=\"\/es\/wp-json\/wp\/v2\/pages\/1370#wpcf7-f7483-o1\" method=\"post\" class=\"wpcf7-form init\" aria-label=\"Formulario de contacto\" novalidate=\"novalidate\" data-status=\"init\" data-trp-original-action=\"\/es\/wp-json\/wp\/v2\/pages\/1370#wpcf7-f7483-o1\">\n<div style=\"display: none;\">\n<input type=\"hidden\" name=\"_wpcf7\" value=\"7483\" \/>\n<input type=\"hidden\" name=\"_wpcf7_version\" value=\"5.9.5\" \/>\n<input type=\"hidden\" name=\"_wpcf7_locale\" value=\"es_ES\" \/>\n<input type=\"hidden\" name=\"_wpcf7_unit_tag\" value=\"wpcf7-f7483-o1\" \/>\n<input type=\"hidden\" name=\"_wpcf7_container_post\" value=\"0\" \/>\n<input type=\"hidden\" name=\"_wpcf7_posted_data_hash\" value=\"\" \/>\n<\/div>\n<div class=\"row margin-fields\">\n\t<div class=\"col-12 col-md-6 col-lg-6\">\n\t\t<p><label for=\"first-name\" style=\"font-weight: 500; display: inline-block; line-height: normal; width: 100%;\"> Nombre* <span class=\"wpcf7-form-control-wrap\" data-name=\"your-first-name\"><input size=\"40\" maxlength=\"100\" minlength=\"2\" class=\"wpcf7-form-control wpcf7-text wpcf7-validates-as-required\" aria-required=\"true\" aria-invalid=\"false\" placeholder=\"Ingresa tu nombre*\" value=\"\" type=\"text\" name=\"your-first-name\" \/><\/span> <\/label>\n\t\t<\/p>\n\t<\/div>\n\t<div class=\"col-12 col-md-6 col-lg-6\">\n\t\t<p><label id=\"last-name\" style=\"font-weight: 500; display: inline-block; line-height: normal; width: 100%;\"> Apellido* <span class=\"wpcf7-form-control-wrap\" data-name=\"your-last-name\"><input size=\"40\" maxlength=\"100\" minlength=\"2\" class=\"wpcf7-form-control wpcf7-text wpcf7-validates-as-required\" aria-required=\"true\" aria-invalid=\"false\" placeholder=\"Ingresa tu apellido*\" value=\"\" type=\"text\" name=\"your-last-name\" \/><\/span> <\/label>\n\t\t<\/p>\n\t<\/div>\n<\/div>\n<div class=\"row margin-fields\">\n\t<div class=\"col-12 col-md-6 col-lg-6\">\n\t\t<p><label id=\"email-address\" style=\"font-weight: 500; display: inline-block; line-height: normal; width: 100%;\"> Correo electr\u00f3nico* <span class=\"wpcf7-form-control-wrap\" data-name=\"your-email\"><input size=\"40\" maxlength=\"100\" minlength=\"2\" class=\"wpcf7-form-control wpcf7-email wpcf7-validates-as-required wpcf7-text wpcf7-validates-as-email\" aria-required=\"true\" aria-invalid=\"false\" placeholder=\"Ingresa tu correo electr\u00f3nico*\" value=\"\" type=\"email\" name=\"your-email\" \/><\/span> <\/label>\n\t\t<\/p>\n\t<\/div>\n\t<div class=\"col-12 col-md-6 col-lg-6\">\n\t\t<p><label id=\"phone-number\" style=\"font-weight: 500; display: inline-block; line-height: normal; width: 100%;\"> Tel\u00e9fono <span class=\"wpcf7-form-control-wrap\" data-name=\"your-phone\"><input size=\"40\" class=\"wpcf7-form-control wpcf7-tel wpcf7-text wpcf7-validates-as-tel\" aria-invalid=\"false\" placeholder=\"Ingrese su n\u00famero de tel\u00e9fono\" value=\"\" type=\"tel\" name=\"your-phone\" \/><\/span> <\/label>\n\t\t<\/p>\n\t<\/div>\n<\/div>\n<div class=\"row margin-fields\">\n\t<div id=\"idSelect\" class=\"col-12 col-md-6 col-lg-6\">\n\t\t<p><label id=\"choose-topic\" style=\"font-weight: 500; display: inline-block; line-height: normal; width: 100%;\"> \u00bfDe cu\u00e1l tema quieres hablar con nosotros?*<\/label><br \/>\n<span class=\"wpcf7-form-control-wrap\" data-name=\"your-interest\"><select class=\"wpcf7-form-control wpcf7-select wpcf7-validates-as-required\" id=\"select-your-interest\" aria-required=\"true\" aria-invalid=\"false\" name=\"your-interest\"><option value=\"\">0<\/option><option value=\"1\">1<\/option><option value=\"2\">2<\/option><option value=\"3\">3<\/option><option value=\"4\">4<\/option><\/select><\/span>\n\t\t<\/p>\n\t<\/div>\n<\/div>\n<div class=\"row\">\n\t<div class=\"col-12 col-md-12 col-lg-12\" id=\"commentEl\">\n\t\t<p><label id=\"comments\" style=\"font-weight: 500; display: inline-block; line-height: normal; margin-top: 15px; font-size: 13px; width: 100%;\"> Comentarios <span class=\"wpcf7-form-control-wrap\" data-name=\"your-message\"><textarea cols=\"40\" rows=\"3\" class=\"wpcf7-form-control wpcf7-textarea\" aria-invalid=\"false\" placeholder=\"Cu\u00e9ntanos un poco m\u00e1s sobre tu inter\u00e9s en Kiiper\" name=\"your-message\"><\/textarea><\/span> <\/label>\n\t\t<\/p>\n\t<\/div>\n<\/div>\n<div class=\"col-12 col-lg-12\" style=\"display: flex; justify-content: center\">\n\t<div class=\"text-right\" onclick=\"createNewUser()\">\n\t\t<p><input class=\"wpcf7-form-control wpcf7-submit has-spinner\" id=\"touchBtn\" type=\"submit\" value=\"Contactar\" \/>\n\t\t<\/p>\n\t<\/div>\n<\/div>\n<div id=\"confirm-message\" style=\"display: none; text-align: center;\">\n<\/div>\n<style>\n #terms:hover {\n border-bottom: none !important\n }\n #terms:hover {\n border-bottom: none !important\n }\n<\/style>\n<p><script>\nvar elm1 = document.getElementById(\"idSelect\").firstElementChild;\nvar elm2 = document.getElementById(\"commentEl\").firstElementChild;\nelm1.style.width = \"100%\";\nelm2.style.width = \"100%\";\n\nfunction getSelectText(index) {\n let language = window.location.pathname.slice(0, 3) === \"\/es\" ? \"es\" : \"en\";\n let options = [\n {\n es: \"Elige el tema\",\n en: \"Choose a topic\"\n },\n {\n es: \"Tu empresa\",\n en: \"Your business\"\n },\n {\n es: \"Tu carrera profesional\",\n en: \"Your professional career\"\n },\n {\n es: \"Kiiper como cliente\",\n en: \"Kiiper as your client\"\n },\n {\n es: \"Otro tema\",\n en: \"Other topic\"\n }];\n\n return options[index][language];\n}\ndocument.addEventListener(\"DOMContentLoaded\", function() {\n let select = document.getElementById(\"select-your-interest\");\n select.options[0].disabled = true;\n for (let i = 1; i <= select.options.length; i++) {\n select.options[i - 1].text = getSelectText(i - 1);\n }\n});\nfunction createNewUser() {\n let form = document.querySelector('form.wpcf7-form');\n let firstName = form.querySelector('input[name=\"your-first-name\"]')?.value?.trim();\n let lastName = form.querySelector('input[name=\"your-last-name\"]')?.value?.trim();\n let email = form.querySelector('input[name=\"your-email\"]')?.value?.trim();\n let phoneNumber = form.querySelector('input[name=\"your-phone\"]')?.value?.trim();\n let topics = form.querySelector('select[name=\"your-interest\"]')?.value?.trim();\n let comments = form.querySelector('textarea[name=\"your-message\"]')?.value?.trim();\n let errorMessage = document.getElementById('confirm-message');\n let language = window.location.pathname.slice(0, 3) === \"\/es\" ? \"es\" : \"en\";\n let spinner = document.querySelector(\".wpcf7-spinner\");\n let errorText = document.querySelector(\".wpcf7-response-output\");\n\n if (firstName && lastName && email && topics && language) {\n errorText.style.display = \"none\";\n\n let formData = {\n first_name: firstName,\n last_name: lastName,\n user_email: email,\n phone_number: phoneNumber,\n contact_reason: topics,\n language: language,\n comments: comments,\n };\n\n fetch(\"https:\/\/go.kiiper.app\/newContactForm\", {\n method: \"POST\",\n headers: {\n \"Content-Type\": \"application\/json\"\n },\n body: JSON.stringify(formData)\n })\n .then(response => {\n if (response.ok) {\n \/\/ console.log(\"Datos enviados exitosamente\");\n errorMessage.textContent = language === \"es\" ? \"Te contactaremos a trav\u00e9s de growth@kiiper.app\" : \"We will contact you via growth@kiiper.app\";\n errorMessage.style.display = \"inherit\";\n errorMessage.style.color = \"#309E48\";\n errorMessage.style.fontSize = \"16px\";\n errorMessage.style.fontWeight = \"600\";\n errorMessage.style.textAlign= \"center\";\n spinner.style.display = \"none\";\n } else {\n console.error(\"Error al enviar los datos\");\n }\n })\n .catch(error => {\n console.error(\"Se produjo un error:\", error);\n });\n }\n}\n<\/script>\n<\/p><div class=\"wpcf7-response-output\" aria-hidden=\"true\"><\/div>\n<input type=\"hidden\" name=\"trp-form-language\" value=\"es\"\/><\/form>\n<\/div>\n<\/div>\n            <\/div>\t\t<\/div>\n\t\t\t\t<\/div>\n\t\t\t\t<div class=\"elementor-element elementor-element-1879b94 elementor-position-left elementor-vertical-align-middle elementor-hidden-desktop elementor-hidden-tablet elementor-hidden-mobile elementor-view-default elementor-mobile-position-top elementor-widget elementor-widget-icon-box\" data-id=\"1879b94\" data-element_type=\"widget\" data-widget_type=\"icon-box.default\">\n\t\t\t\t<div class=\"elementor-widget-container\">\n\t\t\t\t\t<div class=\"elementor-icon-box-wrapper\">\n\t\t\t\t\t\t<div class=\"elementor-icon-box-icon\">\n\t\t\t\t<span  class=\"elementor-icon elementor-animation-\">\n\t\t\t\t<svg xmlns=\"http:\/\/www.w3.org\/2000\/svg\" width=\"9\" height=\"9\" viewbox=\"0 0 9 9\" fill=\"none\"><path id=\"Vector\" d=\"M4.14941 0.198242C1.94141 0.198242 0.149414 1.99024 0.149414 4.19824C0.149414 6.40624 1.94141 8.19824 4.14941 8.19824C6.35741 8.19824 8.14941 6.40624 8.14941 4.19824C8.14941 1.99024 6.35741 0.198242 4.14941 0.198242ZM4.54941 6.19824H3.74941V3.79824H4.54941V6.19824ZM4.54941 2.99824H3.74941V2.19824H4.54941V2.99824Z\" fill=\"#4A22D4\"><\/path><\/svg>\t\t\t\t<\/span>\n\t\t\t<\/div>\n\t\t\t\t\t\t<div class=\"elementor-icon-box-content\">\n\t\t\t\t<h3 class=\"elementor-icon-box-title\">\n\t\t\t\t\t<span  >\n\t\t\t\t\t\t\t\t\t\t\t<\/span>\n\t\t\t\t<\/h3>\n\t\t\t\t\t\t\t\t\t<p class=\"elementor-icon-box-description\">\n\t\t\t\t\t\t<span style=\"color: #131f3e;\">Al presionar <\/span><span style=\"font-weight: 600 !important;\">Contactar<\/span> est\u00e1s aceptando nuestros<span style=\"font-weight: 600 !important;\"><a style=\"color: #4a22d4;\" href=\"https:\/\/go.kiiper.app\/docs\/Kiiper T&Cs.pdf\">&nbsp;T\u00e9rminos y condiciones de Servicio<\/a><\/span>&nbsp;relacionados al manejo y control de datos\t\t\t\t\t<\/p>\n\t\t\t\t\t\t\t<\/div>\n\t\t<\/div>\n\t\t\t\t<\/div>\n\t\t\t\t<\/div>\n\t\t\t\t\t<\/div>\n\t\t<\/div>\n\t\t\t\t\t<\/div>\n\t\t<\/section>\n\t\t\t\t\t<\/div>\n\t\t<\/div>\n\t\t\t\t\t<\/div>\n\t\t<\/section>\n\t\t\t\t<section class=\"elementor-section elementor-top-section elementor-element elementor-element-a32cf20 elementor-section-content-middle ot-traditional elementor-section-boxed elementor-section-height-default elementor-section-height-default\" data-id=\"a32cf20\" data-element_type=\"section\" data-settings=\"{&quot;background_background&quot;:&quot;classic&quot;}\">\n\t\t\t\t\t\t<div class=\"elementor-container elementor-column-gap-extended\">\n\t\t\t\t\t<div class=\"elementor-column elementor-col-50 elementor-top-column elementor-element elementor-element-43321c1 ot-column-items-center ot-flex-column-vertical\" data-id=\"43321c1\" data-element_type=\"column\">\n\t\t\t<div class=\"elementor-widget-wrap elementor-element-populated\">\n\t\t\t\t\t\t<div class=\"elementor-element elementor-element-15efcfc elementor-widget elementor-widget-iheading\" data-id=\"15efcfc\" data-element_type=\"widget\" data-widget_type=\"iheading.default\">\n\t\t\t\t<div class=\"elementor-widget-container\">\n\t\t\t\t\t<div class=\"ot-heading\">\r\n\t        <h2 class=\"main-heading\">Los lugares en los que estamos:<\/h2>\t    <\/div>\r\n\t    \t\t<\/div>\n\t\t\t\t<\/div>\n\t\t\t\t<div class=\"elementor-element elementor-element-23b0130 elementor-widget elementor-widget-iheading\" data-id=\"23b0130\" data-element_type=\"widget\" data-widget_type=\"iheading.default\">\n\t\t\t\t<div class=\"elementor-widget-container\">\n\t\t\t\t\t<div class=\"ot-heading\">\r\n\t        <h2 class=\"main-heading\">Miami<\/h2>\t    <\/div>\r\n\t    \t\t<\/div>\n\t\t\t\t<\/div>\n\t\t\t\t<div class=\"elementor-element elementor-element-708e554 elementor-widget elementor-widget-text-editor\" data-id=\"708e554\" data-element_type=\"widget\" data-widget_type=\"text-editor.default\">\n\t\t\t\t<div class=\"elementor-widget-container\">\n\t\t\t\t\t\t\t<p>miami@kiiper.app<\/p>\t\t\t\t\t\t<\/div>\n\t\t\t\t<\/div>\n\t\t\t\t<div class=\"elementor-element elementor-element-0f2eb59 elementor-widget elementor-widget-iheading\" data-id=\"0f2eb59\" data-element_type=\"widget\" data-widget_type=\"iheading.default\">\n\t\t\t\t<div class=\"elementor-widget-container\">\n\t\t\t\t\t<div class=\"ot-heading\">\r\n\t        <h2 class=\"main-heading\">Ciudad de M\u00e9xico<\/h2>\t    <\/div>\r\n\t    \t\t<\/div>\n\t\t\t\t<\/div>\n\t\t\t\t<div class=\"elementor-element elementor-element-db2859b elementor-widget elementor-widget-text-editor\" data-id=\"db2859b\" data-element_type=\"widget\" data-widget_type=\"text-editor.default\">\n\t\t\t\t<div class=\"elementor-widget-container\">\n\t\t\t\t\t\t\t<p>mexico@kiiper.app<\/p>\t\t\t\t\t\t<\/div>\n\t\t\t\t<\/div>\n\t\t\t\t<div class=\"elementor-element elementor-element-95531eb elementor-widget elementor-widget-iheading\" data-id=\"95531eb\" data-element_type=\"widget\" data-widget_type=\"iheading.default\">\n\t\t\t\t<div class=\"elementor-widget-container\">\n\t\t\t\t\t<div class=\"ot-heading\">\r\n\t        <h2 class=\"main-heading\">Caracas<\/h2>\t    <\/div>\r\n\t    \t\t<\/div>\n\t\t\t\t<\/div>\n\t\t\t\t<div class=\"elementor-element elementor-element-6c58d54 elementor-widget elementor-widget-text-editor\" data-id=\"6c58d54\" data-element_type=\"widget\" data-widget_type=\"text-editor.default\">\n\t\t\t\t<div class=\"elementor-widget-container\">\n\t\t\t\t\t\t\t<p>caracas@kiiper.app<\/p>\t\t\t\t\t\t<\/div>\n\t\t\t\t<\/div>\n\t\t\t\t\t<\/div>\n\t\t<\/div>\n\t\t\t\t<div class=\"elementor-column elementor-col-50 elementor-top-column elementor-element elementor-element-bc989ce ot-flex-column-vertical\" data-id=\"bc989ce\" data-element_type=\"column\">\n\t\t\t<div class=\"elementor-widget-wrap elementor-element-populated\">\n\t\t\t\t\t\t<div class=\"elementor-element elementor-element-c592c6e elementor-widget elementor-widget-image\" data-id=\"c592c6e\" data-element_type=\"widget\" data-widget_type=\"image.default\">\n\t\t\t\t<div class=\"elementor-widget-container\">\n\t\t\t\t\t\t\t\t\t\t\t\t\t<img decoding=\"async\" src=\"https:\/\/kiiper.app\/wp-content\/uploads\/2021\/04\/map.svg\" class=\"attachment-full size-full wp-image-5964\" alt=\"\" \/>\t\t\t\t\t\t\t\t\t\t\t\t\t<\/div>\n\t\t\t\t<\/div>\n\t\t\t\t\t<\/div>\n\t\t<\/div>\n\t\t\t\t\t<\/div>\n\t\t<\/section>\n\t\t\t\t<\/div>","protected":false},"excerpt":{"rendered":"<p>We&#8217;d like to connect with you We&#8217;d like to connect with you We&#8217;d like to connect with you Home \/ ContactHome \/ ContactWe are on the mission of improving the bank reconciliation experience for accountants around the globe Share your thoughts with us at: hello@kiiper.app Contact us First name* Last name* Email address* Phone What [&hellip;]<\/p>","protected":false},"author":1,"featured_media":0,"parent":0,"menu_order":0,"comment_status":"closed","ping_status":"closed","template":"","meta":{"_monsterinsights_skip_tracking":false,"_monsterinsights_sitenote_active":false,"_monsterinsights_sitenote_note":"","_monsterinsights_sitenote_category":0,"footnotes":""},"aioseo_notices":[],"_links":{"self":[{"href":"https:\/\/kiiper.app\/es\/wp-json\/wp\/v2\/pages\/1370"}],"collection":[{"href":"https:\/\/kiiper.app\/es\/wp-json\/wp\/v2\/pages"}],"about":[{"href":"https:\/\/kiiper.app\/es\/wp-json\/wp\/v2\/types\/page"}],"author":[{"embeddable":true,"href":"https:\/\/kiiper.app\/es\/wp-json\/wp\/v2\/users\/1"}],"replies":[{"embeddable":true,"href":"https:\/\/kiiper.app\/es\/wp-json\/wp\/v2\/comments?post=1370"}],"version-history":[{"count":349,"href":"https:\/\/kiiper.app\/es\/wp-json\/wp\/v2\/pages\/1370\/revisions"}],"predecessor-version":[{"id":14343,"href":"https:\/\/kiiper.app\/es\/wp-json\/wp\/v2\/pages\/1370\/revisions\/14343"}],"wp:attachment":[{"href":"https:\/\/kiiper.app\/es\/wp-json\/wp\/v2\/media?parent=1370"}],"curies":[{"name":"wp","href":"https:\/\/api.w.org\/{rel}","templated":true}]}}